{"id":2779,"date":"2020-08-19T12:23:27","date_gmt":"2020-08-19T10:23:27","guid":{"rendered":"https:\/\/prostkey.pl\/?page_id=2779"},"modified":"2025-04-10T13:29:57","modified_gmt":"2025-04-10T11:29:57","slug":"uber-uns","status":"publish","type":"page","link":"https:\/\/prostkey.pl\/de\/uber-uns\/","title":{"rendered":"UBER UNS"},"content":{"rendered":"<div data-src=\"https:\/\/prostkey.pl\/wp-content\/uploads\/2020\/03\/testi-h8-bg.png\" id=\"tm-row-69e0ac66caed4\" data-vc-full-width=\"true\" data-vc-full-width-init=\"false\" class=\"vc_row vc_row-outer vc_row-fluid tm-lazy-load\"><div id=\"tm-column-69e0ac66cb5f4\" class=\"wpb_column vc_column_container vc_col-sm-8\"><div class=\"vc_column-inner\"><div class=\"wpb_wrapper\">\n<div class=\"tm-heading  left tm-animation move-up\" id=\"tm-heading-69e0ac66cb917\">\n\t<h1 class=\"heading\" >Prost-Key Packaging -  der HERSTELLER von KARTONVERPACKUNGEN<\/h1><\/div>\n\n<div class=\"tm-spacer\" id=\"tm-spacer-69e0ac66cbc08\"><\/div>\n<div class=\"tm-image  tm-animation move-up\" id=\"tm-image-69e0ac66cbc63\">\n\t\t\t<div class=\"image\"><img src=\"https:\/\/prostkey.pl\/wp-content\/uploads\/2020\/03\/69450844_2400793616874629_9109680769311178752_n-e1586342446398.jpg\" alt=\"Producent opakowa\u0144 kartonowych, stand\u00f3w i stojak\u00f3w reklamowych\" \/><\/div>\t\t<\/div>\n<div class=\"tm-spacer\" id=\"tm-spacer-69e0ac66cca8a\"><\/div>\n\n<div class=\"tm-heading  left tm-animation move-up\" id=\"tm-heading-69e0ac66ccb55\">\n\t<div class=\"heading\" >Bei Prost-Key stellen wir seit fast 30 Jahren Wellpappen- und Vollkartonverpackungen her.<br \/>\nHaltbarkeit, gutes Design und praktische Anwendung stehen an erster Stelle. Unsere Dienstleistungen werden von Unternehmen aus allen Branchen genutzt, da wir \u00fcber den Rahmen von Standardkonzepten hinausgehen und originelle Projekte schaffen, die sich vom Markt abheben.<\/div><\/div>\n\n<div class=\"tm-spacer\" id=\"tm-spacer-69e0ac66cce01\"><\/div>\n\n<div class=\"tm-heading  left tm-animation move-up\" id=\"tm-heading-69e0ac66ccead\">\n\t<div class=\"heading\" >Wir nutzen innovative Technologien und die Kreativit\u00e4t unseres Teams, um moderne,  hochwertige Produkte mit spitze Qualit\u00e4t zu entwickeln. Dank Investitionen in die Entwicklung des Maschinenparks haben wir unsere Produktionskapazit\u00e4ten ausgebaut.<\/div><\/div>\n\n<div class=\"tm-spacer\" id=\"tm-spacer-69e0ac66cd129\"><\/div>\n\n<div class=\"tm-heading  left tm-animation move-up\" id=\"tm-heading-69e0ac66cd1b3\">\n\t<div class=\"heading\" >In der Wirtschaft konzentrieren wir uns auf hohe Qualit\u00e4t und gute Beziehungen. Wir beraten unsere Kunden in jeder Phase der Zusammenarbeit - wir beginnen mit einem gr\u00fcndlichen Verst\u00e4ndnis der Bed\u00fcrfnisse und Erwartungen. Wir werden zu einem vertrauensw\u00fcrdigen Partner bei der Erreichung Ihrer Gesch\u00e4ftsziele und arbeiten mit Leidenschaft und Engagement, die sich in jedem Projekt widerspiegeln. Wir wissen sehr gut, wie man Visionen in mutige Projekte verwandelt, die das Produkt auf dem Markt auszeichnen.<\/div><\/div>\n\n<div class=\"tm-spacer\" id=\"tm-spacer-69e0ac66cd46d\"><\/div>\n\n<div class=\"tm-heading highlight-big-number center tm-animation move-up\" id=\"tm-heading-69e0ac66cd506\">\n\t<h3 class=\"heading\" ><a href=\"https:\/\/prostkey.pl\/de\/kontakt\/\">Pr\u00fcfen Sie, was wir f\u00fcr Sie machen k\u00f6nnen<\/a><\/h3><\/div>\n\n<div class=\"tm-spacer\" id=\"tm-spacer-69e0ac66cd731\"><\/div>\n<\/div><\/div><\/div><div id=\"tm-column-69e0ac66cd841\" class=\"wpb_column vc_column_container vc_col-sm-4\"><div class=\"vc_column-inner\"><div class=\"wpb_wrapper\"><div class=\"page-sidebar wpb_widgetised_column wpb_content_element test_color right\">\n\t<div class=\"page-sidebar-inner\">\n\t\t<div class=\"page-sidebar-content\">\n\t\t\t<div id=\"custom_html-3\" class=\"widget_text widget tm-animation move-up widget_custom_html\"><div class=\"textwidget custom-html-widget\"><div id=\"tm-row-69e0ac66cdd8a\" class=\"vc_row vc_row-outer vc_row-fluid\"><div id=\"tm-column-69e0ac66cdfdb\" class=\"wpb_column vc_column_container vc_col-sm-12\"><div class=\"vc_column-inner\"><div class=\"wpb_wrapper\"><div class=\"tm-page-feature  style-01\" id=\"tm-page-feature-69e0ac66ce216\">\n\t<div class=\"tm-grid modern-grid\">\n\t\t\t\t\n\t\t\t\t\t\t\t\t\t\t<div class=\"page-item grid-item post-2779 page type-page status-publish hentry\">\n\t\t\t\t\t<a href=\"https:\/\/prostkey.pl\/de\/uber-uns\/\">\n\t\t\t\t\t\t<div class=\"post-item-wrap\">\n\n\t\t\t\t\t\t\t\t\t\t\t\t\t\t\t<div class=\"icon\">\n\t\t\t\t\t\t\t\t\t<span class=\"tractor-home\"><\/span>\n\t\t\t\t\t\t\t\t<\/div>\n\t\t\t\t\t\t\t\n\t\t\t\t\t\t\t<h3 class=\"post-title\">\n\t\t\t\t\t\t\t\tUBER UNS\t\t\t\t\t\t\t<\/h3>\n\n\t\t\t\t\t\t<\/div>\n\t\t\t\t\t<\/a>\n\t\t\t\t<\/div>\n\t\t\t\t\t\t\t\t\n\t\t\t\t\t\t\t\t\t\t<div class=\"page-item grid-item post-2812 page type-page status-publish hentry\">\n\t\t\t\t\t<a href=\"https:\/\/prostkey.pl\/de\/uber-uns\/geschichte\/\">\n\t\t\t\t\t\t<div class=\"post-item-wrap\">\n\n\t\t\t\t\t\t\t\t\t\t\t\t\t\t\t<div class=\"icon\">\n\t\t\t\t\t\t\t\t\t<span class=\"tractor-history\"><\/span>\n\t\t\t\t\t\t\t\t<\/div>\n\t\t\t\t\t\t\t\n\t\t\t\t\t\t\t<h3 class=\"post-title\">\n\t\t\t\t\t\t\t\tGESCHICHTE\t\t\t\t\t\t\t<\/h3>\n\n\t\t\t\t\t\t<\/div>\n\t\t\t\t\t<\/a>\n\t\t\t\t<\/div>\n\t\t\t\t\t\t\t\t\n\t\t\t\t\t\t\t\t\t\t<div class=\"page-item grid-item post-2991 page type-page status-publish hentry\">\n\t\t\t\t\t<a href=\"https:\/\/prostkey.pl\/de\/uber-uns\/qualitatsstandard\/\">\n\t\t\t\t\t\t<div class=\"post-item-wrap\">\n\n\t\t\t\t\t\t\t\t\t\t\t\t\t\t\t<div class=\"icon\">\n\t\t\t\t\t\t\t\t\t<span class=\"tractor-cloud-computing\"><\/span>\n\t\t\t\t\t\t\t\t<\/div>\n\t\t\t\t\t\t\t\n\t\t\t\t\t\t\t<h3 class=\"post-title\">\n\t\t\t\t\t\t\t\tQUALITATSSTANDARD\t\t\t\t\t\t\t<\/h3>\n\n\t\t\t\t\t\t<\/div>\n\t\t\t\t\t<\/a>\n\t\t\t\t<\/div>\n\t\t\t\t\t\t\t\t\n\t\t\t\t\t\t\t\t\t\t<div class=\"page-item grid-item post-2818 page type-page status-publish hentry\">\n\t\t\t\t\t<a href=\"https:\/\/prostkey.pl\/de\/uber-uns\/der-umweltschutz\/\">\n\t\t\t\t\t\t<div class=\"post-item-wrap\">\n\n\t\t\t\t\t\t\t\t\t\t\t\t\t\t\t<div class=\"icon\">\n\t\t\t\t\t\t\t\t\t<span class=\"tractor-picture\"><\/span>\n\t\t\t\t\t\t\t\t<\/div>\n\t\t\t\t\t\t\t\n\t\t\t\t\t\t\t<h3 class=\"post-title\">\n\t\t\t\t\t\t\t\tDER UMWELTSCHUTZ\t\t\t\t\t\t\t<\/h3>\n\n\t\t\t\t\t\t<\/div>\n\t\t\t\t\t<\/a>\n\t\t\t\t<\/div>\n\t\t\t\t\t\t\t\t\n\t\t\t\t\t\t\t\t\t\t<div class=\"page-item grid-item post-277 page type-page status-publish hentry\">\n\t\t\t\t\t<a href=\"https:\/\/prostkey.pl\/faq\/\">\n\t\t\t\t\t\t<div class=\"post-item-wrap\">\n\n\t\t\t\t\t\t\t\t\t\t\t\t\t\t\t<div class=\"icon\">\n\t\t\t\t\t\t\t\t\t<span class=\"tractor-compass\"><\/span>\n\t\t\t\t\t\t\t\t<\/div>\n\t\t\t\t\t\t\t\n\t\t\t\t\t\t\t<h3 class=\"post-title\">\n\t\t\t\t\t\t\t\tFAQ\t\t\t\t\t\t\t<\/h3>\n\n\t\t\t\t\t\t<\/div>\n\t\t\t\t\t<\/a>\n\t\t\t\t<\/div>\n\t\t\t\t\t\t\t\t\n\t\t\t\t\t\t\t\t\t\t<div class=\"page-item grid-item post-2823 page type-page status-publish hentry\">\n\t\t\t\t\t<a href=\"https:\/\/prostkey.pl\/de\/uber-uns\/ue-zuschuesse\/\">\n\t\t\t\t\t\t<div class=\"post-item-wrap\">\n\n\t\t\t\t\t\t\t\t\t\t\t\t\t\t\t<div class=\"icon\">\n\t\t\t\t\t\t\t\t\t<span class=\"tractor-bookmark\"><\/span>\n\t\t\t\t\t\t\t\t<\/div>\n\t\t\t\t\t\t\t\n\t\t\t\t\t\t\t<h3 class=\"post-title\">\n\t\t\t\t\t\t\t\tUE ZUSCH\u00dcSSE\t\t\t\t\t\t\t<\/h3>\n\n\t\t\t\t\t\t<\/div>\n\t\t\t\t\t<\/a>\n\t\t\t\t<\/div>\n\t\t\t\t\t\t\t\t\t<\/div>\n<\/div>\n<\/div><\/div><\/div><\/div><\/div><\/div>\t\t<\/div>\n\t<\/div>\n<\/div>\n<\/div><\/div><\/div><\/div><div class=\"vc_row-full-width vc_clearfix\"><\/div><div id=\"tm-row-69e0ac66d13a0\" data-vc-full-width=\"true\" data-vc-full-width-init=\"false\" data-vc-stretch-content=\"true\" class=\"vc_row vc_row-outer vc_row-fluid vc_row-no-padding vc_row-o-content-middle vc_row-flex\"><div data-src=\"https:\/\/prostkey.pl\/wp-content\/uploads\/2020\/03\/message.png\" id=\"tm-column-69e0ac66d185f\" class=\"wpb_column vc_column_container vc_col-sm-6 tm-lazy-load\"><div class=\"vc_column-inner\"><div class=\"wpb_wrapper\">\n<div class=\"tm-heading  center tm-animation move-up\" id=\"tm-heading-69e0ac66d1c74\">\n\t<div class=\"heading\" ><a href=\"https:\/\/prostkey.pl\/kontakt\/\">Email: export@prostkey.pl<\/a><\/div><\/div>\n\n<\/div><\/div><\/div><div data-src=\"https:\/\/prostkey.pl\/wp-content\/uploads\/2020\/03\/home_01_13.png\" id=\"tm-column-69e0ac66d21cd\" class=\"wpb_column vc_column_container vc_col-sm-6 tm-lazy-load\"><div class=\"vc_column-inner\"><div class=\"wpb_wrapper\">\n<div class=\"tm-heading  center tm-animation move-up\" id=\"tm-heading-69e0ac66d2536\">\n\t<div class=\"heading\" >Telefon: +48 87 737 12 30<\/div><\/div>\n\n<\/div><\/div><\/div><\/div><div class=\"vc_row-full-width vc_clearfix\"><\/div>","protected":false},"excerpt":{"rendered":"Prost-Key Packaging - der HERSTELLER von KARTONVERPACKUNGEN Bei Prost-Key stellen wir seit fast 30 Jahren Wellpappen- und Vollkartonverpackungen her. Haltbarkeit, gutes Design und praktische Anwendung stehen an erster Stelle. Unsere Dienstleistungen werden von Unternehmen aus allen Branchen genutzt, da wir \u00fcber den Rahmen von Standardkonzepten hinausgehen und originelle Projekte schaffen, die sich vom Markt abheben. Wir nutzen innovative Technologien und die Kreativit\u00e4t unseres Teams, um moderne, hochwertige Produkte mit spitze Qualit\u00e4t zu entwickeln. Dank Investitionen in die Entwicklung des Maschinenparks haben wir unsere Produktionskapazit\u00e4ten ausgebaut. In der Wirtschaft konzentrieren wir uns auf hohe Qualit\u00e4t und gute Beziehungen. Wir beraten unsere Kunden in jeder Phase der Zusammenarbeit - wir beginnen mit einem gr\u00fcndlichen Verst\u00e4ndnis der Bed\u00fcrfnisse und Erwartungen. Wir werden zu einem vertrauensw\u00fcrdigen Partner bei der Erreichung Ihrer Gesch\u00e4ftsziele und arbeiten mit Leidenschaft und Engagement, die sich in jedem Projekt widerspiegeln. Wir wissen sehr gut, wie man Visionen in mutige Projekte verwandelt, die das Produkt auf dem Markt auszeichnen. Pr\u00fcfen Sie, was wir f\u00fcr Sie machen k\u00f6nnen UBER UNS GESCHICHTE QUALITATSSTANDARD DER UMWELTSCHUTZ FAQ UE ZUSCH\u00dcSSE Email: info@prostkey.pl Telefon: +48 87 737 12 30","protected":false},"author":1,"featured_media":0,"parent":0,"menu_order":0,"comment_status":"closed","ping_status":"closed","template":"","meta":[],"aioseo_notices":[],"_links":{"self":[{"href":"https:\/\/prostkey.pl\/de\/wp-json\/wp\/v2\/pages\/2779"}],"collection":[{"href":"https:\/\/prostkey.pl\/de\/wp-json\/wp\/v2\/pages"}],"about":[{"href":"https:\/\/prostkey.pl\/de\/wp-json\/wp\/v2\/types\/page"}],"author":[{"embeddable":true,"href":"https:\/\/prostkey.pl\/de\/wp-json\/wp\/v2\/users\/1"}],"replies":[{"embeddable":true,"href":"https:\/\/prostkey.pl\/de\/wp-json\/wp\/v2\/comments?post=2779"}],"version-history":[{"count":6,"href":"https:\/\/prostkey.pl\/de\/wp-json\/wp\/v2\/pages\/2779\/revisions"}],"predecessor-version":[{"id":4698,"href":"https:\/\/prostkey.pl\/de\/wp-json\/wp\/v2\/pages\/2779\/revisions\/4698"}],"wp:attachment":[{"href":"https:\/\/prostkey.pl\/de\/wp-json\/wp\/v2\/media?parent=2779"}],"curies":[{"name":"wp","href":"https:\/\/api.w.org\/{rel}","templated":true}]}}