{"id":2786,"date":"2020-08-20T13:06:28","date_gmt":"2020-08-20T11:06:28","guid":{"rendered":"https:\/\/prostkey.pl\/?page_id=2786"},"modified":"2025-04-10T11:30:08","modified_gmt":"2025-04-10T09:30:08","slug":"angebot","status":"publish","type":"page","link":"https:\/\/prostkey.pl\/de\/angebot\/","title":{"rendered":"ANGEBOT"},"content":{"rendered":"<div data-src=\"https:\/\/prostkey.pl\/wp-content\/uploads\/2020\/03\/home_00_09.png\" id=\"tm-row-69e059b215cb2\" data-vc-full-width=\"true\" data-vc-full-width-init=\"false\" class=\"vc_row vc_row-outer vc_row-fluid tm-lazy-load vc_row-o-content-top vc_row-flex\"><div id=\"tm-column-69e059b2160d9\" class=\"top wpb_column vc_column_container vc_col-sm-6\"><div class=\"vc_column-inner\"><div class=\"wpb_wrapper\">\n<div class=\"tm-heading vc_custom_1597921704392  left tm-animation move-up\" id=\"tm-heading-69e059b2162a8\">\n\t<h1 class=\"heading\" >Kartonverpackung<\/h1><\/div>\n\n\n<div class=\"tm-heading vc_custom_1597921719513 with-separator-05 left\" id=\"tm-heading-69e059b216511\">\n\t<div class=\"heading\" >Visuelle Attraktivit\u00e4t<\/div><\/div>\n\n<\/div><\/div><\/div><div id=\"tm-column-69e059b2167cc\" class=\"wpb_column vc_column_container vc_col-sm-6\"><div class=\"vc_column-inner\"><div class=\"wpb_wrapper\">\n<div class=\"tm-heading vc_custom_1597921739354  left\" id=\"tm-heading-69e059b216932\">\n\t<div class=\"heading\" >Menschen w\u00e4hlen und kaufen mit ihren Augen und achten dabei auf Produkte, die ihre Blicke auf sich ziehen. Eine attraktive Verpackung ermutigt den Kunden, nach seinem Inhalt zu greifen - es ist wie ein verlockender Buchumschlag: Gut gestaltet, wird es schnell zu Ergebnissen in Form von Umsatzsteigerungen f\u00fchren.<br \/>\nBei Prost-Key konzentrieren wir uns auf praktische Strukturen und originelles Design. Wir setzen unendlich viel Kreativit\u00e4t und langj\u00e4hrige Erfahrung ein, um sicherzustellen, dass unsere Verpackung ihre Vertriebsfunktion effektiv erf\u00fcllt.<\/div><\/div>\n\n<\/div><\/div><\/div><\/div><div class=\"vc_row-full-width vc_clearfix\"><\/div><div id=\"tm-row-69e059b216bd2\" data-vc-full-width=\"true\" data-vc-full-width-init=\"false\" class=\"vc_row vc_row-outer vc_row-fluid\"><div id=\"tm-column-69e059b216dcf\" class=\"wpb_column vc_column_container vc_col-sm-12\"><div class=\"vc_column-inner\"><div class=\"wpb_wrapper\"><div id=\"tm-row-inner-69e059b217000\" class=\"vc_row vc_inner vc_row-fluid\"><div id=\"tm-column-inner-69e059b2171df\" class=\"wpb_column vc_column_container vc_col-sm-4\"><div class=\"vc_column-inner\"><div class=\"wpb_wrapper\"><div class=\"tm-box-icon  style-8 tm-animation move-up\" id=\"tm-box-icon-69e059b217332\">\n\t\t<div class=\"content-wrap\">\n\n\t\t\t<div class=\"image-wrap\">\n\t\t\t\t\t\t\t<div class=\"image\">\n\t\t\t\t\t<img src=\"https:\/\/prostkey.pl\/wp-content\/uploads\/2020\/04\/opakowania.jpg\" alt=\"pude\u0142ka fasonowe\" \/>\t\t\t\t<\/div>\n\t\t\t\n\t\t\t\t\t<\/div>\n\t\n\t<div class=\"content\">\n\t\t<div class=\"box-header\">\n\t\t\t\t\t\t\t<h4 class=\"heading\">\n\t\t\t\t\t\t\t\t\t\t<a class=\"link-secret\" href=\"\/Angebot\/VERPACKUNGEN\/\"\n\t\t\t\t\t\t\t\t\t\t\t>\n\t\t\t\t\t\t\n\t\t\t\t\t\tDIE VERPACKUNGEN\n\t\t\t\t\t\t\t\t\t\t\t<\/a>\n\t\t\t\t\n\t\t\t\t<\/h4>\n\t\t\t\t\t<\/div>\n\n\t\t\t\t\t<div class=\"text\">Von einfachen, festen Pappkartons, die das Produkt w\u00e4hrend des Transports sch\u00fctzen, bis zu mehrfarbigen, attraktiven Verpackungen f\u00fcr Alkohol.<\/div>\t\t\t<\/div>\n\n\t\t\t\t<a class=\"tm-button style-text tm-box-icon__btn\"\n\t\t\t   href=\"\/Angebot\/VERPACKUNGEN\/\"\n\t\t\t\t\t\t\t>\n\t\t\t\t<span class=\"button-text\">SEHEN SIE, BITTE, MEHR!<\/span>\n\t\t\t\t<span class=\"button-icon ion-arrow-right-c\"><\/span>\n\t\t\t<\/a>\n\t\t<\/div>\n<\/div>\n<\/div><\/div><\/div><div id=\"tm-column-inner-69e059b218400\" class=\"wpb_column vc_column_container vc_col-sm-4\"><div class=\"vc_column-inner\"><div class=\"wpb_wrapper\"><div class=\"tm-box-icon  style-8 tm-animation move-up\" id=\"tm-box-icon-69e059b218553\">\n\t\t<div class=\"content-wrap\">\n\n\t\t\t<div class=\"image-wrap\">\n\t\t\t\t\t\t\t<div class=\"image\">\n\t\t\t\t\t<img src=\"https:\/\/prostkey.pl\/wp-content\/uploads\/2020\/04\/materialypos_opti.jpg\" alt=\"materialypos_opti\" \/>\t\t\t\t<\/div>\n\t\t\t\n\t\t\t\t\t<\/div>\n\t\n\t<div class=\"content\">\n\t\t<div class=\"box-header\">\n\t\t\t\t\t\t\t<h4 class=\"heading\">\n\t\t\t\t\t\t\t\t\t\t<a class=\"link-secret\" href=\"\/angebot\/pos\/\"\n\t\t\t\t\t\t\t\t\t\t\t>\n\t\t\t\t\t\t\n\t\t\t\t\t\tPOS MATERIALIEN\n\t\t\t\t\t\t\t\t\t\t\t<\/a>\n\t\t\t\t\n\t\t\t\t<\/h4>\n\t\t\t\t\t<\/div>\n\n\t\t\t\t\t<div class=\"text\">Das hochwertigste Angebot an Werbematerialien, die zur F\u00f6rderung und Steigerung der Markenbekanntheit beitragen.<\/div>\t\t\t<\/div>\n\n\t\t\t\t<a class=\"tm-button style-text tm-box-icon__btn\"\n\t\t\t   href=\"\/angebot\/pos\/\"\n\t\t\t\t\t\t\t>\n\t\t\t\t<span class=\"button-text\">SEHEN SIE, BITTE, MEHR!<\/span>\n\t\t\t\t<span class=\"button-icon ion-arrow-right-c\"><\/span>\n\t\t\t<\/a>\n\t\t<\/div>\n<\/div>\n<\/div><\/div><\/div><div id=\"tm-column-inner-69e059b219148\" class=\"wpb_column vc_column_container vc_col-sm-4\"><div class=\"vc_column-inner\"><div class=\"wpb_wrapper\"><div class=\"tm-box-icon  style-8 tm-animation move-up\" id=\"tm-box-icon-69e059b219284\">\n\t\t<div class=\"content-wrap\">\n\n\t\t\t<div class=\"image-wrap\">\n\t\t\t\t\t\t\t<div class=\"image\">\n\t\t\t\t\t<img src=\"https:\/\/prostkey.pl\/wp-content\/uploads\/2020\/04\/ulotkownik2.jpg\" alt=\"ulotkownik2\" \/>\t\t\t\t<\/div>\n\t\t\t\n\t\t\t\t\t<\/div>\n\t\n\t<div class=\"content\">\n\t\t<div class=\"box-header\">\n\t\t\t\t\t\t\t<h4 class=\"heading\">\n\t\t\t\t\t\t\t\t\t\t<a class=\"link-secret\" href=\"https:\/\/prostkey.pl\/de\/\"\n\t\t\t\t\t\t\t\t\t\t\t>\n\t\t\t\t\t\t\n\t\t\t\t\t\tDER KARTON\n\t\t\t\t\t\t\t\t\t\t\t<\/a>\n\t\t\t\t\n\t\t\t\t<\/h4>\n\t\t\t\t\t<\/div>\n\n\t\t\t\t\t<div class=\"text\">Karton besteht nicht nur aus Verpackungs- und POS-Materialien. Sehen Sie, was wir sonst noch damit zaubern k\u00f6nnen.<\/div>\t\t\t<\/div>\n\n\t\t\t\t<a class=\"tm-button style-text tm-box-icon__btn\"\n\t\t\t   href=\"\/Angebot\/karton\/\"\n\t\t\t\t\t\t\t>\n\t\t\t\t<span class=\"button-text\">SEHEN SIE, BITTE, MEHR!<\/span>\n\t\t\t\t<span class=\"button-icon ion-arrow-right-c\"><\/span>\n\t\t\t<\/a>\n\t\t<\/div>\n<\/div>\n<\/div><\/div><\/div><\/div><div class=\"tm-spacer\" id=\"tm-spacer-69e059b21a0e2\"><\/div>\n<\/div><\/div><\/div><\/div><div class=\"vc_row-full-width vc_clearfix\"><\/div><div id=\"tm-row-69e059b21a248\" data-vc-full-width=\"true\" data-vc-full-width-init=\"false\" class=\"vc_row vc_row-outer vc_row-fluid vc_row-o-content-middle vc_row-flex\"><div id=\"tm-column-69e059b21a4e6\" class=\"wpb_column vc_column_container vc_col-sm-12\"><div class=\"vc_column-inner\"><div class=\"wpb_wrapper\">\n<div class=\"tm-heading vc_custom_1597922055135 with-separator-05 center\" id=\"tm-heading-69e059b21a700\">\n\t<div class=\"heading\" ><b>Entdecken Sie unsere innovative Verpackung !<\/b><\/div><\/div>\n\n<div id=\"tm-row-inner-69e059b21a9b7\" class=\"vc_row vc_inner vc_row-fluid\"><div id=\"tm-column-inner-69e059b21aba0\" class=\"wpb_column vc_column_container vc_col-sm-6\"><div class=\"vc_column-inner\"><div class=\"wpb_wrapper\"><div class=\"tm-image  tm-animation move-up\" id=\"tm-image-69e059b21ace7\">\n\t\t\t<a href=\"\/oferta\/innowacyjne-opakowania\/\"title=\"INNOWACYJNE OPAKOWANIA\" ><div class=\"image\"><img src=\"https:\/\/prostkey.pl\/wp-content\/uploads\/2020\/04\/03.png\" alt=\"innowacyjne opakowania\" \/><\/div><\/a>\t\t<\/div>\n<\/div><\/div><\/div><div id=\"tm-column-inner-69e059b21b7a2\" class=\"wpb_column vc_column_container vc_col-sm-6\"><div class=\"vc_column-inner\"><div class=\"wpb_wrapper\">\n<div class=\"tm-heading vc_custom_1597922085976  left\" id=\"tm-heading-69e059b21b91b\">\n\t<div class=\"heading\" >Eine gute Verpackung kombiniert \u00e4sthetische Werte mit hervorragenden Haltbarkeitsmerkmalen. Es beeindruckt mit seinem Aussehen und \u00fcberrascht mit seiner Funktionalit\u00e4t. Deshalb arbeiten Menschen mit Leidenschaft an der Verpackung in unserem Angebot.<\/div><\/div>\n\n<div class=\"tm-button-wrapper  tm-animation move-up\" id=\"tm-button-69e059b21bb50\">\n\t\t<a class=\"tm-button style-flat tm-button-lg tm-button-secondary tm-button-\" href=\"\/angebot\/innovative-verpackungen\"\n\t\t\t>\n\n\t\t\n\t\t\t\t\t\t<span class=\"button-text\" data-text=\"INNOVATIVE VERPACKUNGEN\">\n\t\t\t\tINNOVATIVE VERPACKUNGEN\t\t\t<\/span>\n\t\t\t\n\t\t\n\n\t<\/a>\n<\/div>\n<\/div><\/div><\/div><\/div><div class=\"tm-spacer\" id=\"tm-spacer-69e059b21bbb9\"><\/div>\n<\/div><\/div><\/div><\/div><div class=\"vc_row-full-width vc_clearfix\"><\/div><div id=\"tm-row-69e059b21bccf\" data-vc-full-width=\"true\" data-vc-full-width-init=\"false\" class=\"vc_row vc_row-outer vc_row-fluid\"><div id=\"tm-column-69e059b21bee8\" class=\"wpb_column vc_column_container vc_col-sm-6\"><div class=\"vc_column-inner\"><div class=\"wpb_wrapper\">\n<div class=\"tm-heading vc_custom_1598265679321 with-separator-05 left\" id=\"tm-heading-69e059b21c099\">\n\t<div class=\"heading\" >Verpackung<\/div><\/div>\n\n\n<div class=\"tm-heading vc_custom_1598266177200  left\" id=\"tm-heading-69e059b21c2dc\">\n\t<div class=\"heading\" >Sch\u00f6ne, langlebige und ma\u00dfgeschneiderte <b> <mark> Pappkartons <\/mark> <\/b> sind eine hervorragende Produktpr\u00e4sentation und tragen zur <b> <mark> effektiven Marken\/ Firmenwerbung <\/mark> <\/b>.<\/div><\/div>\n\n\n\n\t<div class=\"tm-list  style-icon tm-animation move-up\" id=\"tm-list-69e059b21c638\">\n\t\t\t\t\t<div class=\"list-item\">\n\n\t\t\t\t<div class=\"list-header\">\n\t\t\t\t\t<div class=\"marker\">\n\n\t\t\t\t\t\t\t\t\t\t\t\t\t<i class=\"tm-list__icon ion-android-arrow-dropright\"><\/i>\n\t\t\t\t\t\t\n\t\t\t\t\t<\/div>\n\n\t\t\t\t\t<div class=\"title-wrap\">\n\t\t\t\t\t\t\t\t\t\t\t\t\t<h6 class=\"title\">\n\t\t\t\t\t\t\t\t\t\t\t\t\t\t\t\t\t&nbsp; opakowania fasonowe\n\t\t\t\t\t\t\t\t\t\n\t\t\t\t\t\t\t\t\t\t\t\t\t\t\t\t<\/h6>\n\t\t\t\t\t\t\n\t\t\t\t\t\t\t\t\t\t\t\t\t\t\t\t\t\t\t\t\t\t\t\t<\/div>\n\t\t\t\t<\/div>\n\n\t\t\t\t\n\t\t\t<\/div>\n\t\t\t\t\t<div class=\"list-item\">\n\n\t\t\t\t<div class=\"list-header\">\n\t\t\t\t\t<div class=\"marker\">\n\n\t\t\t\t\t\t\t\t\t\t\t\t\t<i class=\"tm-list__icon ion-android-arrow-dropright\"><\/i>\n\t\t\t\t\t\t\n\t\t\t\t\t<\/div>\n\n\t\t\t\t\t<div class=\"title-wrap\">\n\t\t\t\t\t\t\t\t\t\t\t\t\t<h6 class=\"title\">\n\t\t\t\t\t\t\t\t\t\t\t\t\t\t\t\t\t&nbsp; opakowania klapowe\n\t\t\t\t\t\t\t\t\t\n\t\t\t\t\t\t\t\t\t\t\t\t\t\t\t\t<\/h6>\n\t\t\t\t\t\t\n\t\t\t\t\t\t\t\t\t\t\t\t\t\t\t\t\t\t\t\t\t\t\t\t<\/div>\n\t\t\t\t<\/div>\n\n\t\t\t\t\n\t\t\t<\/div>\n\t\t\t\t\t<div class=\"list-item\">\n\n\t\t\t\t<div class=\"list-header\">\n\t\t\t\t\t<div class=\"marker\">\n\n\t\t\t\t\t\t\t\t\t\t\t\t\t<i class=\"tm-list__icon ion-android-arrow-dropright\"><\/i>\n\t\t\t\t\t\t\n\t\t\t\t\t<\/div>\n\n\t\t\t\t\t<div class=\"title-wrap\">\n\t\t\t\t\t\t\t\t\t\t\t\t\t<h6 class=\"title\">\n\t\t\t\t\t\t\t\t\t\t\t\t\t\t\t\t\t&nbsp; opakowania gotowe na p\u00f3\u0142k\u0119\n\t\t\t\t\t\t\t\t\t\n\t\t\t\t\t\t\t\t\t\t\t\t\t\t\t\t<\/h6>\n\t\t\t\t\t\t\n\t\t\t\t\t\t\t\t\t\t\t\t\t\t\t\t\t\t\t\t\t\t\t\t<\/div>\n\t\t\t\t<\/div>\n\n\t\t\t\t\n\t\t\t<\/div>\n\t\t\t\t\t<div class=\"list-item\">\n\n\t\t\t\t<div class=\"list-header\">\n\t\t\t\t\t<div class=\"marker\">\n\n\t\t\t\t\t\t\t\t\t\t\t\t\t<i class=\"tm-list__icon ion-android-arrow-dropright\"><\/i>\n\t\t\t\t\t\t\n\t\t\t\t\t<\/div>\n\n\t\t\t\t\t<div class=\"title-wrap\">\n\t\t\t\t\t\t\t\t\t\t\t\t\t<h6 class=\"title\">\n\t\t\t\t\t\t\t\t\t\t\t\t\t\t\t\t\t&nbsp; opakowania prezentowe\n\t\t\t\t\t\t\t\t\t\n\t\t\t\t\t\t\t\t\t\t\t\t\t\t\t\t<\/h6>\n\t\t\t\t\t\t\n\t\t\t\t\t\t\t\t\t\t\t\t\t\t\t\t\t\t\t\t\t\t\t\t<\/div>\n\t\t\t\t<\/div>\n\n\t\t\t\t\n\t\t\t<\/div>\n\t\t\t\t\t<div class=\"list-item\">\n\n\t\t\t\t<div class=\"list-header\">\n\t\t\t\t\t<div class=\"marker\">\n\n\t\t\t\t\t\t\t\t\t\t\t\t\t<i class=\"tm-list__icon ion-android-arrow-dropright\"><\/i>\n\t\t\t\t\t\t\n\t\t\t\t\t<\/div>\n\n\t\t\t\t\t<div class=\"title-wrap\">\n\t\t\t\t\t\t\t\t\t\t\t\t\t<h6 class=\"title\">\n\t\t\t\t\t\t\t\t\t\t\t\t\t\t\t\t\t&nbsp; opakowania promocyjne\n\t\t\t\t\t\t\t\t\t\n\t\t\t\t\t\t\t\t\t\t\t\t\t\t\t\t<\/h6>\n\t\t\t\t\t\t\n\t\t\t\t\t\t\t\t\t\t\t\t\t\t\t\t\t\t\t\t\t\t\t\t<\/div>\n\t\t\t\t<\/div>\n\n\t\t\t\t\n\t\t\t<\/div>\n\t\t\t<\/div>\n\n\t<\/div><\/div><\/div><div id=\"tm-column-69e059b21ca41\" class=\"wpb_column vc_column_container vc_col-sm-6\"><div class=\"vc_column-inner\"><div class=\"wpb_wrapper\"><div class=\"tm-image  tm-animation move-up\" id=\"tm-image-69e059b21cbd4\">\n\t\t\t<div class=\"image\"><img src=\"https:\/\/prostkey.pl\/wp-content\/uploads\/2020\/07\/opakowania-1.jpg\" alt=\"opakowania kartonowe z nadrukiem\" \/><\/div>\t\t<\/div>\n<div class=\"tm-button-wrapper  tm-animation move-up\" id=\"tm-button-69e059b21d4f3\">\n\t\t<a class=\"tm-button style-flat tm-button-lg tm-button-custom tm-button-\" href=\"\/de\/angebot\/verpackungen\"\n\t\t\t>\n\n\t\t\n\t\t\t\t\t\t<span class=\"button-text\" data-text=\"VERPACKUNGEN\">\n\t\t\t\tVERPACKUNGEN\t\t\t<\/span>\n\t\t\t\n\t\t\n\n\t<\/a>\n<\/div>\n<\/div><\/div><\/div><\/div><div class=\"vc_row-full-width vc_clearfix\"><\/div><div id=\"tm-row-69e059b21db91\" data-vc-full-width=\"true\" data-vc-full-width-init=\"false\" class=\"vc_row vc_row-outer vc_row-fluid\"><div id=\"tm-column-69e059b21dd9c\" class=\"wpb_column vc_column_container vc_col-sm-6\"><div class=\"vc_column-inner\"><div class=\"wpb_wrapper\"><div class=\"tm-image  tm-animation move-up\" id=\"tm-image-69e059b21deb8\">\n\t\t\t<div class=\"image\"><img src=\"https:\/\/prostkey.pl\/wp-content\/uploads\/2020\/03\/214-e1594019427863.png\" alt=\"stojaki reklamowe\" \/><\/div>\t\t<\/div>\n<\/div><\/div><\/div><div id=\"tm-column-69e059b21e690\" class=\"wpb_column vc_column_container vc_col-sm-6\"><div class=\"vc_column-inner\"><div class=\"wpb_wrapper\">\n<div class=\"tm-heading vc_custom_1598265750475 with-separator-05 left\" id=\"tm-heading-69e059b21e7fe\">\n\t<div class=\"heading\" >POS-Materialien<\/div><\/div>\n\n\n<div class=\"tm-heading vc_custom_1598265901650  left\" id=\"tm-heading-69e059b21ea33\">\n\t<div class=\"heading\" ><mark> <strong> POS-Materialien <\/strong> <\/mark> ist eine hervorragende <strong> <mark> Werbung f\u00fcr Produkte <\/mark> <\/strong> am Point of Sale. POS-Materialien k\u00f6nnen ein Massenpublikum erreichen. Der st\u00e4ndige Kontakt des Kunden mit der Marke macht ihn eher bereit und wahrscheinlicher, sie beim Einkauf zu w\u00e4hlen. Dar\u00fcber hinaus sind sie <b> <mark> eine billigere Werbeform als das Fernsehen <\/mark> <\/b>.<\/div><\/div>\n\n\n<div class=\"tm-heading vc_custom_1598265847110  left\" id=\"tm-heading-69e059b21ec4d\">\n\t<div class=\"heading\" >Bei der Erstellung von Werbematerialien konzentrieren wir uns auf deren Marketing-Obert\u00f6ne. Formen, Farben und Displays sollen hier und jetzt die Aufmerksamkeit der Kunden auf sich ziehen. Bei der Gestaltung von POS-Materialien vergessen wir nicht die Praktikabilit\u00e4t der angebotenen L\u00f6sungen.<\/div><\/div>\n\n<div class=\"tm-button-wrapper  tm-animation move-up\" id=\"tm-button-69e059b21ee79\">\n\t\t<a class=\"tm-button style-flat tm-button-lg tm-button-secondary tm-button-\" href=\"\/de\/angebot\/pos\/\"\n\t\t\t>\n\n\t\t\n\t\t\t\t\t\t<span class=\"button-text\" data-text=\"POS MATERIALIEN \">\n\t\t\t\tPOS MATERIALIEN \t\t\t<\/span>\n\t\t\t\n\t\t\n\n\t<\/a>\n<\/div>\n<\/div><\/div><\/div><\/div><div class=\"vc_row-full-width vc_clearfix\"><\/div><div id=\"tm-row-69e059b21ef96\" data-vc-full-width=\"true\" data-vc-full-width-init=\"false\" class=\"vc_row vc_row-outer vc_row-fluid\"><div id=\"tm-column-69e059b21f131\" class=\"wpb_column vc_column_container vc_col-sm-6\"><div class=\"vc_column-inner\"><div class=\"wpb_wrapper\">\n<div class=\"tm-heading vc_custom_1598266129581 with-separator-05 left\" id=\"tm-heading-69e059b21f2c3\">\n\t<div class=\"heading\" >Wellpappe<\/div><\/div>\n\n\n<div class=\"tm-heading vc_custom_1598266094995  left\" id=\"tm-heading-69e059b21f502\">\n\t<div class=\"heading\" >Wir produzieren 2-lagigen Wellpappe in B\u00f6gen - Welle B, E, F, N. <mark> <b> Wellpappe <\/b> <\/mark> besteht nur aus nachwachsenden Rohstoffen, was <b> <mark> geeignet macht recycelbar <\/mark> <\/b>. Bei der Herstellung unserer Pappe haben wir die M\u00f6glichkeit, die geeigneten Papiere (Liner und Riffelung) auszuw\u00e4hlen. Je nach Bedarf verwenden wir <b> <mark> Kraftpapiere <\/mark> <\/b> und Recyclingpapiere in verschiedenen Gewichten.<\/div><\/div>\n\n<div class=\"tm-button-wrapper  tm-animation move-up\" id=\"tm-button-69e059b21f708\">\n\t\t<a class=\"tm-button style-flat tm-button-lg tm-button-custom tm-button-\" href=\"\/de\/angebot\/karton\/\"\n\t\t\t>\n\n\t\t\n\t\t\t\t\t\t<span class=\"button-text\" data-text=\"WELLPAPPE\">\n\t\t\t\tWELLPAPPE\t\t\t<\/span>\n\t\t\t\n\t\t\n\n\t<\/a>\n<\/div>\n<\/div><\/div><\/div><div id=\"tm-column-69e059b21fced\" class=\"wpb_column vc_column_container vc_col-sm-6\"><div class=\"vc_column-inner\"><div class=\"wpb_wrapper\"><div class=\"tm-image  tm-animation move-up\" id=\"tm-image-69e059b21fdfc\">\n\t\t\t<div class=\"image\"><img src=\"https:\/\/prostkey.pl\/wp-content\/uploads\/2020\/07\/tektura.jpg\" alt=\"opakowania kartonowe, tekturowe z nadrukiem\" \/><\/div>\t\t<\/div>\n<\/div><\/div><\/div><\/div><div class=\"vc_row-full-width vc_clearfix\"><\/div><div id=\"tm-row-69e059b22060b\" data-vc-full-width=\"true\" data-vc-full-width-init=\"false\" data-vc-stretch-content=\"true\" class=\"vc_row vc_row-outer vc_row-fluid vc_row-no-padding vc_row-o-content-middle vc_row-flex\"><div data-src=\"https:\/\/prostkey.pl\/wp-content\/uploads\/2020\/03\/message.png\" id=\"tm-column-69e059b22094c\" class=\"wpb_column vc_column_container vc_col-sm-6 tm-lazy-load\"><div class=\"vc_column-inner\"><div class=\"wpb_wrapper\">\n<div class=\"tm-heading  center tm-animation move-up\" id=\"tm-heading-69e059b220baf\">\n\t<div class=\"heading\" >Email: export@prostkey.pl<\/div><\/div>\n\n<\/div><\/div><\/div><div data-src=\"https:\/\/prostkey.pl\/wp-content\/uploads\/2020\/03\/home_01_13.png\" id=\"tm-column-69e059b220fb1\" class=\"wpb_column vc_column_container vc_col-sm-6 tm-lazy-load\"><div class=\"vc_column-inner\"><div class=\"wpb_wrapper\">\n<div class=\"tm-heading  center tm-animation move-up\" id=\"tm-heading-69e059b22120c\">\n\t<div class=\"heading\" >Telefon: +48 737 12 30<\/div><\/div>\n\n<\/div><\/div><\/div><\/div><div class=\"vc_row-full-width vc_clearfix\"><\/div>","protected":false},"excerpt":{"rendered":"Kartonverpackung Visuelle Attraktivit\u00e4t Menschen w\u00e4hlen und kaufen mit ihren Augen und achten dabei auf Produkte, die ihre Blicke auf sich ziehen. Eine attraktive Verpackung ermutigt den Kunden, nach seinem Inhalt zu greifen - es ist wie ein verlockender Buchumschlag: Gut gestaltet, wird es schnell zu Ergebnissen in Form von Umsatzsteigerungen f\u00fchren. Bei Prost-Key konzentrieren wir uns auf praktische Strukturen und originelles Design. Wir setzen unendlich viel Kreativit\u00e4t und langj\u00e4hrige Erfahrung ein, um sicherzustellen, dass unsere Verpackung ihre Vertriebsfunktion effektiv erf\u00fcllt. DIE VERPACKUNGEN Von einfachen, festen Pappkartons, die das Produkt w\u00e4hrend des Transports sch\u00fctzen, bis zu mehrfarbigen, attraktiven Verpackungen f\u00fcr Alkohol. SEHEN SIE, BITTE, MEHR! POS MATERIALIEN Das hochwertigste Angebot an Werbematerialien, die zur F\u00f6rderung und Steigerung der Markenbekanntheit beitragen. SEHEN SIE, BITTE, MEHR! DER KARTON Karton besteht nicht nur aus Verpackungs- und POS-Materialien. Sehen Sie, was wir sonst noch damit zaubern k\u00f6nnen. SEHEN SIE, BITTE, MEHR! Entdecken Sie unsere innovative Verpackung ! Eine gute Verpackung kombiniert \u00e4sthetische Werte mit hervorragenden Haltbarkeitsmerkmalen. Es beeindruckt mit seinem Aussehen und \u00fcberrascht mit seiner Funktionalit\u00e4t. Deshalb arbeiten Menschen mit Leidenschaft an der Verpackung in unserem Angebot. INNOVATIVE VERPACKUNGEN Verpackung Sch\u00f6ne, langlebige und ma\u00dfgeschneiderte Pappkartons sind eine hervorragende Produktpr\u00e4sentation und tragen zur effektiven Marken\/ Firmenwerbung . &nbsp; opakowania fasonowe &nbsp; opakowania klapowe &nbsp; opakowania gotowe na p\u00f3\u0142k\u0119 &nbsp; opakowania prezentowe &nbsp; opakowania promocyjne VERPACKUNGEN POS-Materialien POS-Materialien ist eine hervorragende Werbung f\u00fcr Produkte am Point of Sale. POS-Materialien k\u00f6nnen ein Massenpublikum erreichen. Der st\u00e4ndige Kontakt des Kunden mit der Marke macht ihn eher bereit und wahrscheinlicher, sie beim Einkauf zu w\u00e4hlen. Dar\u00fcber hinaus sind sie eine billigere Werbeform als das Fernsehen . Bei der Erstellung von Werbematerialien konzentrieren wir uns auf deren Marketing-Obert\u00f6ne. Formen, Farben und Displays sollen hier und jetzt die Aufmerksamkeit der Kunden auf sich ziehen. Bei der Gestaltung von POS-Materialien vergessen wir nicht die Praktikabilit\u00e4t der angebotenen L\u00f6sungen. POS MATERIALIEN Wellpappe Wir produzieren 2-lagigen Wellpappe in B\u00f6gen - Welle B, E, F, N. Wellpappe besteht nur aus nachwachsenden Rohstoffen, was geeignet macht recycelbar . Bei der Herstellung unserer Pappe haben wir die M\u00f6glichkeit, die geeigneten Papiere (Liner und Riffelung) auszuw\u00e4hlen. Je nach Bedarf verwenden wir Kraftpapiere und Recyclingpapiere in verschiedenen Gewichten. WELLPAPPE Email: export@prostkey.pl Telefon: +48 737 12 30","protected":false},"author":1,"featured_media":0,"parent":0,"menu_order":0,"comment_status":"closed","ping_status":"closed","template":"","meta":[],"aioseo_notices":[],"_links":{"self":[{"href":"https:\/\/prostkey.pl\/de\/wp-json\/wp\/v2\/pages\/2786"}],"collection":[{"href":"https:\/\/prostkey.pl\/de\/wp-json\/wp\/v2\/pages"}],"about":[{"href":"https:\/\/prostkey.pl\/de\/wp-json\/wp\/v2\/types\/page"}],"author":[{"embeddable":true,"href":"https:\/\/prostkey.pl\/de\/wp-json\/wp\/v2\/users\/1"}],"replies":[{"embeddable":true,"href":"https:\/\/prostkey.pl\/de\/wp-json\/wp\/v2\/comments?post=2786"}],"version-history":[{"count":18,"href":"https:\/\/prostkey.pl\/de\/wp-json\/wp\/v2\/pages\/2786\/revisions"}],"predecessor-version":[{"id":4678,"href":"https:\/\/prostkey.pl\/de\/wp-json\/wp\/v2\/pages\/2786\/revisions\/4678"}],"wp:attachment":[{"href":"https:\/\/prostkey.pl\/de\/wp-json\/wp\/v2\/media?parent=2786"}],"curies":[{"name":"wp","href":"https:\/\/api.w.org\/{rel}","templated":true}]}}