{"id":2793,"date":"2020-08-20T13:27:33","date_gmt":"2020-08-20T11:27:33","guid":{"rendered":"https:\/\/prostkey.pl\/?page_id=2793"},"modified":"2025-04-10T11:27:16","modified_gmt":"2025-04-10T09:27:16","slug":"produktionsprozess","status":"publish","type":"page","link":"https:\/\/prostkey.pl\/de\/produktionsprozess\/","title":{"rendered":"PRODUKTIONSPROZESS"},"content":{"rendered":"<div data-src=\"https:\/\/prostkey.pl\/wp-content\/uploads\/2020\/03\/home_00_09.png\" id=\"tm-row-69e11c2bf0016\" data-vc-full-width=\"true\" data-vc-full-width-init=\"false\" class=\"vc_row vc_row-outer vc_row-fluid tm-lazy-load\"><div id=\"tm-column-69e11c2bf04ea\" class=\"wpb_column vc_column_container vc_col-sm-12\"><div class=\"vc_column-inner\"><div class=\"wpb_wrapper\">\n<div class=\"tm-heading  left tm-animation move-up\" id=\"tm-heading-69e11c2bf0703\">\n\t<h2 class=\"heading\" >Erkennen Sie den Weg Ihres Produkts:<br \/>\nvom Verpackungsdesign bis zur Produktion.<\/h2><\/div>\n\n<div class=\"tm-spacer\" id=\"tm-spacer-69e11c2bf096b\"><\/div>\n<div class=\"tm-gradation  tm-gradation--basic tm-animation-queue\" id=\"tm-gradation-69e11c2bf0a2f\"\n     data-animation-delay=\"400\"\n>\n\t\t\t<div class=\"item\">\n\t\t\t\t\t\t\t<div class=\"count\">01<\/div>\n\t\t\t\n\t\t\t<div class=\"count-wrap\">\n\t\t\t\t<div class=\"dot\"><\/div>\n\t\t\t\t\t\t\t\t\t<div class=\"line\"><\/div>\n\t\t\t\t\t\t\t<\/div>\n\n\t\t\t<div class=\"content-wrap\">\n\t\t\t\t\t\t\t\t\t<h5 class=\"title\">Brief<\/h5>\n\t\t\t\t\n\t\t\t\t\t\t\t<\/div>\n\t\t<\/div>\n\t\t\t<div class=\"item\">\n\t\t\t\t\t\t\t<div class=\"count\">02<\/div>\n\t\t\t\n\t\t\t<div class=\"count-wrap\">\n\t\t\t\t<div class=\"dot\"><\/div>\n\t\t\t\t\t\t\t\t\t<div class=\"line\"><\/div>\n\t\t\t\t\t\t\t<\/div>\n\n\t\t\t<div class=\"content-wrap\">\n\t\t\t\t\t\t\t\t\t<h5 class=\"title\">Strukturiertes Design<\/h5>\n\t\t\t\t\n\t\t\t\t\t\t\t<\/div>\n\t\t<\/div>\n\t\t\t<div class=\"item\">\n\t\t\t\t\t\t\t<div class=\"count\">03<\/div>\n\t\t\t\n\t\t\t<div class=\"count-wrap\">\n\t\t\t\t<div class=\"dot\"><\/div>\n\t\t\t\t\t\t\t\t\t<div class=\"line\"><\/div>\n\t\t\t\t\t\t\t<\/div>\n\n\t\t\t<div class=\"content-wrap\">\n\t\t\t\t\t\t\t\t\t<h5 class=\"title\">Grafikdesign<\/h5>\n\t\t\t\t\n\t\t\t\t\t\t\t<\/div>\n\t\t<\/div>\n\t\t\t<div class=\"item\">\n\t\t\t\t\t\t\t<div class=\"count\">04<\/div>\n\t\t\t\n\t\t\t<div class=\"count-wrap\">\n\t\t\t\t<div class=\"dot\"><\/div>\n\t\t\t\t\t\t\t\t\t<div class=\"line\"><\/div>\n\t\t\t\t\t\t\t<\/div>\n\n\t\t\t<div class=\"content-wrap\">\n\t\t\t\t\t\t\t\t\t<h5 class=\"title\">Die Herstellung<\/h5>\n\t\t\t\t\n\t\t\t\t\t\t\t<\/div>\n\t\t<\/div>\n\t<\/div>\n<div class=\"tm-spacer\" id=\"tm-spacer-69e11c2bf0a79\"><\/div>\n\n\t<div class=\"wpb_text_column wpb_content_element\" >\n\t\t<div class=\"wpb_wrapper\">\n\t\t\t<p>Prost-Key verf\u00fcgt \u00fcber langj\u00e4hrige Erfahrung und ein qualifiziertes Team von Mitarbeitern. Diese Kombination erm\u00f6glicht es uns, Verpackungen zu entwerfen, die auf die individuellen Bed\u00fcrfnisse des Kunden zugeschnitten sind und seine Aufgabe erf\u00fcllen &#8211; die Sicherung von Waren sowie deren effektive Werbung. Wie sieht der Entwicklungsprozess in unserem Unternehmen aus? Sie werden es unten herausfinden!Wir bieten umfassende Dienstleistungen, von der Verpackung \u00fcber das Design von POS-Materialien bis hin zur Produktion und zum Vertrieb. <strong>Moderne technologische Einrichtungen erm\u00f6glichen es uns, die komplexesten Auftr\u00e4ge auszuf\u00fchren. <\/strong>Schauen Sie sich den Entwicklungsprozess in unserem Unternehmen an!<\/p>\n\n\t\t<\/div>\n\t<\/div>\n<\/div><\/div><\/div><\/div><div class=\"vc_row-full-width vc_clearfix\"><\/div><div id=\"tm-row-69e11c2bf0c16\" class=\"vc_row vc_row-outer vc_row-fluid vc_row-o-content-middle vc_row-flex\"><div id=\"tm-column-69e11c2bf0dbc\" class=\"wpb_column vc_column_container vc_col-sm-6\"><div class=\"vc_column-inner\"><div class=\"wpb_wrapper\"><div class=\"tm-image  tm-animation move-up\" id=\"tm-image-69e11c2bf0f1c\">\n\t\t\t<div class=\"image\"><img src=\"https:\/\/prostkey.pl\/wp-content\/uploads\/2020\/03\/john-schnobrich-FlPc9_VocJ4-unsplash.jpg\" alt=\"projekt opakowania\" \/><\/div>\t\t<\/div>\n<\/div><\/div><\/div><div id=\"tm-column-69e11c2bf1c74\" class=\"wpb_column vc_column_container vc_col-sm-6\"><div class=\"vc_column-inner\"><div class=\"wpb_wrapper\">\n<div class=\"tm-heading  left tm-animation move-up\" id=\"tm-heading-69e11c2bf1e23\">\n\t<h3 class=\"heading\" >1. Brief<\/h3><\/div>\n\n<div class=\"tm-spacer\" id=\"tm-spacer-69e11c2bf2033\"><\/div>\n\n<div class=\"tm-heading  left tm-animation move-up\" id=\"tm-heading-69e11c2bf20c5\">\n\t<div class=\"heading\" >Transparente Kommunikation ist der Schl\u00fcssel zu einer erfolgreichen Zusammenarbeit. Aus diesem Grund starten wir jedes Projekt mit einem detaillierten Brief, der es uns erm\u00f6glicht, die Erwartungen und Bed\u00fcrfnisse des Kunden kennenzulernen. Die Verpackung basiert auf ihnen.<\/div><\/div>\n\n<div class=\"tm-spacer\" id=\"tm-spacer-69e11c2bf2316\"><\/div>\n<\/div><\/div><\/div><\/div><div id=\"tm-row-69e11c2bf2431\" data-vc-full-width=\"true\" data-vc-full-width-init=\"false\" data-vc-stretch-content=\"true\" class=\"vc_row vc_row-outer vc_row-fluid vc_row-no-padding\"><div id=\"tm-column-69e11c2bf25cf\" class=\"wpb_column vc_column_container vc_col-sm-12\"><div class=\"vc_column-inner\"><div class=\"wpb_wrapper\"><div class=\"tm-separator  style-single-line\" id=\"tm-separator-69e11c2bf2753\">\n\t<div class=\"separator-wrap\"\n\t\t\t>\n\n\t\t\n\t<\/div>\n<\/div>\n<\/div><\/div><\/div><\/div><div class=\"vc_row-full-width vc_clearfix\"><\/div><div id=\"tm-row-69e11c2bf284f\" class=\"vc_row vc_row-outer vc_row-fluid vc_row-o-content-middle vc_row-flex\"><div id=\"tm-column-69e11c2bf29df\" class=\"wpb_column vc_column_container vc_col-sm-6\"><div class=\"vc_column-inner\"><div class=\"wpb_wrapper\">\n<div class=\"tm-heading  left tm-animation move-up\" id=\"tm-heading-69e11c2bf2b2c\">\n\t<h3 class=\"heading\" >2. Strukturiertes Design<\/h3><\/div>\n\n<div class=\"tm-spacer\" id=\"tm-spacer-69e11c2bf2cf8\"><\/div>\n\n<div class=\"tm-heading  left tm-animation move-up\" id=\"tm-heading-69e11c2bf2d6c\">\n\t<div class=\"heading\" >Im Designprozess konzentrieren sich unsere Designer darauf, die erstellte Verpackung funktional und gleichzeitig optisch attraktiv zu gestalten. F\u00fcr das Verpackungsdesign verwenden wir eine spezielle ArtiosCAD-Software, mit deren Hilfe wir 2D-Verpackungsnetze, 3D-Modelle mit Grafiken sowie Visualisierungen der Montage und nachfolgender Montagestufen erstellen.<\/div><\/div>\n\n<div class=\"tm-spacer\" id=\"tm-spacer-69e11c2bf2f61\"><\/div>\n\n<div class=\"tm-heading  left tm-animation move-up\" id=\"tm-heading-69e11c2bf2fd8\">\n\t<div class=\"heading\" >Nach dem Entwurf der Struktur w\u00e4hlen wir Rohstoffe anhand geeigneter Festigkeitsparameter aus. Dann erstellen wir einen Prototyp davon, den wir auf einem gro\u00dfformatigen Schneideplotter schneiden. Wir stellen das resultierende Modell zusammen, pr\u00fcfen es und testen es gr\u00fcndlich. Sp\u00e4ter wird der Prototyp dem Kunden zur endg\u00fcltigen Genehmigung und \u00dcberpr\u00fcfung \u00fcbergeben.<\/div><\/div>\n\n<\/div><\/div><\/div><div id=\"tm-column-69e11c2bf326e\" class=\"wpb_column vc_column_container vc_col-sm-6\"><div class=\"vc_column-inner\"><div class=\"wpb_wrapper\"><div class=\"tm-image  tm-animation move-up\" id=\"tm-image-69e11c2bf33b3\">\n\t\t\t<div class=\"image\"><img src=\"https:\/\/prostkey.pl\/wp-content\/uploads\/2020\/03\/IMG_0113-1.jpg\" alt=\"opakowania projektowania\" \/><\/div>\t\t<\/div>\n<\/div><\/div><\/div><\/div><div id=\"tm-row-69e11c2bf3f37\" data-vc-full-width=\"true\" data-vc-full-width-init=\"false\" data-vc-stretch-content=\"true\" class=\"vc_row vc_row-outer vc_row-fluid vc_row-no-padding\"><div id=\"tm-column-69e11c2bf4122\" class=\"wpb_column vc_column_container vc_col-sm-12\"><div class=\"vc_column-inner\"><div class=\"wpb_wrapper\"><div class=\"tm-separator  style-single-line\" id=\"tm-separator-69e11c2c0004b\">\n\t<div class=\"separator-wrap\"\n\t\t\t>\n\n\t\t\n\t<\/div>\n<\/div>\n<\/div><\/div><\/div><\/div><div class=\"vc_row-full-width vc_clearfix\"><\/div><div id=\"tm-row-69e11c2c0013b\" class=\"vc_row vc_row-outer vc_row-fluid vc_row-o-content-middle vc_row-flex\"><div id=\"tm-column-69e11c2c002c9\" class=\"wpb_column vc_column_container vc_col-sm-6\"><div class=\"vc_column-inner\"><div class=\"wpb_wrapper\"><div class=\"tm-image  tm-animation move-up\" id=\"tm-image-69e11c2c003d7\">\n\t\t\t<div class=\"image\"><img src=\"https:\/\/prostkey.pl\/wp-content\/uploads\/2020\/03\/graficzne.png\" alt=\"projektowanie graficzne opakowania\" \/><\/div>\t\t<\/div>\n<\/div><\/div><\/div><div id=\"tm-column-69e11c2c00d37\" class=\"wpb_column vc_column_container vc_col-sm-6\"><div class=\"vc_column-inner\"><div class=\"wpb_wrapper\">\n<div class=\"tm-heading  left tm-animation move-up\" id=\"tm-heading-69e11c2c00ed1\">\n\t<h3 class=\"heading\" >3. Grafikdesign<\/h3><\/div>\n\n<div class=\"tm-spacer\" id=\"tm-spacer-69e11c2c010b7\"><\/div>\n\n<div class=\"tm-heading  left tm-animation move-up\" id=\"tm-heading-69e11c2c0114c\">\n\t<div class=\"heading\" >In der Regel stellen Kunden fertige Designs zur Verf\u00fcgung, die unsere Grafikdesigner an die entsprechenden Verpackungsnetze anpassen und anschlie\u00dfend drucken. Manchmal erstellen wir visuelle Konzepte von Grund auf neu - das Team im Studio kombiniert ihre Erfahrungen mit kreativen Ideen, was zu \u00e4sthetischen, auff\u00e4lligen Verpackungsdesigns f\u00fchrt. Wir arbeiten im speziellen Adobe Creative Suite Premium-Programm. Grafikdesign ist im Rahmen des Marketings eine der wichtigsten Phasen der Verpackungsproduktion. Es bestimmt das endg\u00fcltige Erscheinungsbild des fertigen Produkts und wie es von den Benutzern empfangen wird.<\/div><\/div>\n\n<div class=\"tm-spacer\" id=\"tm-spacer-69e11c2c0132e\"><\/div>\n<\/div><\/div><\/div><\/div><div id=\"tm-row-69e11c2c01413\" data-vc-full-width=\"true\" data-vc-full-width-init=\"false\" data-vc-stretch-content=\"true\" class=\"vc_row vc_row-outer vc_row-fluid vc_row-no-padding\"><div id=\"tm-column-69e11c2c015ad\" class=\"wpb_column vc_column_container vc_col-sm-12\"><div class=\"vc_column-inner\"><div class=\"wpb_wrapper\"><div class=\"tm-separator  style-single-line\" id=\"tm-separator-69e11c2c01700\">\n\t<div class=\"separator-wrap\"\n\t\t\t>\n\n\t\t\n\t<\/div>\n<\/div>\n<\/div><\/div><\/div><\/div><div class=\"vc_row-full-width vc_clearfix\"><\/div><div data-src=\"https:\/\/prostkey.pl\/wp-content\/uploads\/2020\/03\/testi-h8-bg.png\" id=\"tm-row-69e11c2c01a8b\" data-vc-full-width=\"true\" data-vc-full-width-init=\"false\" class=\"vc_row vc_row-outer vc_row-fluid tm-lazy-load vc_row-o-content-middle vc_row-flex\"><div id=\"tm-column-69e11c2c01d36\" class=\"wpb_column vc_column_container vc_col-sm-12\"><div class=\"vc_column-inner\"><div class=\"wpb_wrapper\">\n<div class=\"tm-heading  left tm-animation move-up\" id=\"tm-heading-69e11c2c01ec8\">\n\t<h3 class=\"heading\" >4. Die Herstellung<\/h3><\/div>\n\n<div class=\"tm-spacer\" id=\"tm-spacer-69e11c2c020e9\"><\/div>\n\n<div class=\"tm-heading  left tm-animation move-up\" id=\"tm-heading-69e11c2c02163\">\n\t<div class=\"heading\" >Wenn wir sicher sind, dass das Produkt genau den Kundenanforderungen entspricht, beginnen wir mit der Produktion. Dank des ERP-Systems planen wir effektiv den Einsatz der Ressourcen des Unternehmens.<\/div><\/div>\n\n<div class=\"tm-spacer\" id=\"tm-spacer-69e11c2c02332\"><\/div>\n<div id=\"tm-row-inner-69e11c2c02465\" class=\"vc_row vc_inner vc_row-fluid\"><div id=\"tm-column-inner-69e11c2c02653\" class=\"wpb_column vc_column_container vc_col-sm-4\"><div class=\"vc_column-inner\"><div class=\"wpb_wrapper\"><div class=\"tm-image  tm-animation move-up\" id=\"tm-image-69e11c2c0276c\">\n\t\t\t<div class=\"image\"><img src=\"https:\/\/prostkey.pl\/wp-content\/uploads\/2020\/03\/3prod.jpg\" alt=\"produkcja opakowania\" \/><\/div>\t\t<\/div>\n<\/div><\/div><\/div><div id=\"tm-column-inner-69e11c2c03290\" class=\"wpb_column vc_column_container vc_col-sm-4\"><div class=\"vc_column-inner\"><div class=\"wpb_wrapper\"><div class=\"tm-image  tm-animation move-up\" id=\"tm-image-69e11c2c033ac\">\n\t\t\t<div class=\"image\"><img src=\"https:\/\/prostkey.pl\/wp-content\/uploads\/2020\/03\/2prod-1.jpg\" alt=\"2prod\" \/><\/div>\t\t<\/div>\n<\/div><\/div><\/div><div id=\"tm-column-inner-69e11c2c03bd1\" class=\"wpb_column vc_column_container vc_col-sm-4\"><div class=\"vc_column-inner\"><div class=\"wpb_wrapper\"><div class=\"tm-image  tm-animation move-up\" id=\"tm-image-69e11c2c03d34\">\n\t\t\t<div class=\"image\"><img src=\"https:\/\/prostkey.pl\/wp-content\/uploads\/2020\/03\/1prod.jpg\" alt=\"produkcja zaprojektowanego opakowania\" \/><\/div>\t\t<\/div>\n<\/div><\/div><\/div><\/div><div class=\"tm-spacer\" id=\"tm-spacer-69e11c2c04375\"><\/div>\n\n<div class=\"tm-heading  left tm-animation move-up\" id=\"tm-heading-69e11c2c04409\">\n\t<div class=\"heading\" >Wert auf innovative, nicht standardisierte L\u00f6sungen, die sich in der Qualit\u00e4t unserer Produkte widerspiegeln. Wir haben unseren Maschinenpark mit leistungsstarken technologischen Linien ausgestattet, darunter Druck-, Laminier-, Schneid- und Klebemaschinen. Hier materialisieren sich unsere Verpackungsdesigns endlich und gehen dann in die H\u00e4nde des Kunden.<\/div><\/div>\n\n<div class=\"tm-spacer\" id=\"tm-spacer-69e11c2c04661\"><\/div>\n<\/div><\/div><\/div><\/div><div class=\"vc_row-full-width vc_clearfix\"><\/div><div id=\"tm-row-69e11c2c047b3\" data-vc-full-width=\"true\" data-vc-full-width-init=\"false\" data-vc-stretch-content=\"true\" class=\"vc_row vc_row-outer vc_row-fluid vc_row-no-padding vc_row-o-content-middle vc_row-flex\"><div data-src=\"https:\/\/prostkey.pl\/wp-content\/uploads\/2020\/03\/message.png\" id=\"tm-column-69e11c2c04c5c\" class=\"wpb_column vc_column_container vc_col-sm-6 tm-lazy-load\"><div class=\"vc_column-inner\"><div class=\"wpb_wrapper\">\n<div class=\"tm-heading  center tm-animation move-up\" id=\"tm-heading-69e11c2c04fdc\">\n\t<div class=\"heading\" >Email: export@prostkey.pl<\/div><\/div>\n\n<\/div><\/div><\/div><div data-src=\"https:\/\/prostkey.pl\/wp-content\/uploads\/2020\/03\/home_01_13.png\" id=\"tm-column-69e11c2c0570b\" class=\"wpb_column vc_column_container vc_col-sm-6 tm-lazy-load\"><div class=\"vc_column-inner\"><div class=\"wpb_wrapper\">\n<div class=\"tm-heading  center tm-animation move-up\" id=\"tm-heading-69e11c2c05a68\">\n\t<div class=\"heading\" >Telefon: +48 87 737 12 30<\/div><\/div>\n\n<\/div><\/div><\/div><\/div><div class=\"vc_row-full-width vc_clearfix\"><\/div>","protected":false},"excerpt":{"rendered":"Erkennen Sie den Weg Ihres Produkts: vom Verpackungsdesign bis zur Produktion. 01 Brief 02 Strukturiertes Design 03 Grafikdesign 04 Die Herstellung Prost-Key verf\u00fcgt \u00fcber langj\u00e4hrige Erfahrung und ein qualifiziertes Team von Mitarbeitern. Diese Kombination erm\u00f6glicht es uns, Verpackungen zu entwerfen, die auf die individuellen Bed\u00fcrfnisse des Kunden zugeschnitten sind und seine Aufgabe erf\u00fcllen - die Sicherung von Waren sowie deren effektive Werbung. Wie sieht der Entwicklungsprozess in unserem Unternehmen aus? Sie werden es unten herausfinden!Wir bieten umfassende Dienstleistungen, von der Verpackung \u00fcber das Design von POS-Materialien bis hin zur Produktion und zum Vertrieb. Moderne technologische Einrichtungen erm\u00f6glichen es uns, die komplexesten Auftr\u00e4ge auszuf\u00fchren. Schauen Sie sich den Entwicklungsprozess in unserem Unternehmen an! 1. Brief Transparente Kommunikation ist der Schl\u00fcssel zu einer erfolgreichen Zusammenarbeit. Aus diesem Grund starten wir jedes Projekt mit einem detaillierten Brief, der es uns erm\u00f6glicht, die Erwartungen und Bed\u00fcrfnisse des Kunden kennenzulernen. Die Verpackung basiert auf ihnen. 2. Strukturiertes Design Im Designprozess konzentrieren sich unsere Designer darauf, die erstellte Verpackung funktional und gleichzeitig optisch attraktiv zu gestalten. F\u00fcr das Verpackungsdesign verwenden wir eine spezielle ArtiosCAD-Software, mit deren Hilfe wir 2D-Verpackungsnetze, 3D-Modelle mit Grafiken sowie Visualisierungen der Montage und nachfolgender Montagestufen erstellen. Nach dem Entwurf der Struktur w\u00e4hlen wir Rohstoffe anhand geeigneter Festigkeitsparameter aus. Dann erstellen wir einen Prototyp davon, den wir auf einem gro\u00dfformatigen Schneideplotter schneiden. Wir stellen das resultierende Modell zusammen, pr\u00fcfen es und testen es gr\u00fcndlich. Sp\u00e4ter wird der Prototyp dem Kunden zur endg\u00fcltigen Genehmigung und \u00dcberpr\u00fcfung \u00fcbergeben. 3. Grafikdesign In der Regel stellen Kunden fertige Designs zur Verf\u00fcgung, die unsere Grafikdesigner an die entsprechenden Verpackungsnetze anpassen und anschlie\u00dfend drucken. Manchmal erstellen wir visuelle Konzepte von Grund auf neu - das Team im Studio kombiniert ihre Erfahrungen mit kreativen Ideen, was zu \u00e4sthetischen, auff\u00e4lligen Verpackungsdesigns f\u00fchrt. Wir arbeiten im speziellen Adobe Creative Suite Premium-Programm. Grafikdesign ist im Rahmen des Marketings eine der wichtigsten Phasen der Verpackungsproduktion. Es bestimmt das endg\u00fcltige Erscheinungsbild des fertigen Produkts und wie es von den Benutzern empfangen wird. 4. Die Herstellung Wenn wir sicher sind, dass das Produkt genau den Kundenanforderungen entspricht, beginnen wir mit der Produktion. Dank des ERP-Systems planen wir effektiv den Einsatz der Ressourcen des Unternehmens. Wert auf innovative, nicht standardisierte L\u00f6sungen, die sich in der Qualit\u00e4t unserer Produkte widerspiegeln. Wir haben unseren Maschinenpark mit leistungsstarken technologischen Linien ausgestattet, darunter Druck-, Laminier-, Schneid- und Klebemaschinen. Hier materialisieren sich unsere Verpackungsdesigns endlich und gehen dann in die H\u00e4nde des Kunden. Email: info@prostkey.pl Telefon: +48 87 737 12 30","protected":false},"author":1,"featured_media":0,"parent":0,"menu_order":0,"comment_status":"closed","ping_status":"closed","template":"","meta":[],"aioseo_notices":[],"_links":{"self":[{"href":"https:\/\/prostkey.pl\/de\/wp-json\/wp\/v2\/pages\/2793"}],"collection":[{"href":"https:\/\/prostkey.pl\/de\/wp-json\/wp\/v2\/pages"}],"about":[{"href":"https:\/\/prostkey.pl\/de\/wp-json\/wp\/v2\/types\/page"}],"author":[{"embeddable":true,"href":"https:\/\/prostkey.pl\/de\/wp-json\/wp\/v2\/users\/1"}],"replies":[{"embeddable":true,"href":"https:\/\/prostkey.pl\/de\/wp-json\/wp\/v2\/comments?post=2793"}],"version-history":[{"count":2,"href":"https:\/\/prostkey.pl\/de\/wp-json\/wp\/v2\/pages\/2793\/revisions"}],"predecessor-version":[{"id":2904,"href":"https:\/\/prostkey.pl\/de\/wp-json\/wp\/v2\/pages\/2793\/revisions\/2904"}],"wp:attachment":[{"href":"https:\/\/prostkey.pl\/de\/wp-json\/wp\/v2\/media?parent=2793"}],"curies":[{"name":"wp","href":"https:\/\/api.w.org\/{rel}","templated":true}]}}