{"id":2812,"date":"2020-08-21T07:40:46","date_gmt":"2020-08-21T05:40:46","guid":{"rendered":"https:\/\/prostkey.pl\/?page_id=2812"},"modified":"2025-04-10T13:31:17","modified_gmt":"2025-04-10T11:31:17","slug":"geschichte","status":"publish","type":"page","link":"https:\/\/prostkey.pl\/de\/uber-uns\/geschichte\/","title":{"rendered":"GESCHICHTE"},"content":{"rendered":"<div data-src=\"https:\/\/prostkey.pl\/wp-content\/uploads\/2020\/03\/home_00_09.png\" id=\"tm-row-69e1356853f0f\" data-vc-full-width=\"true\" data-vc-full-width-init=\"false\" class=\"vc_row vc_row-outer vc_row-fluid tm-lazy-load\"><div id=\"tm-column-69e1356854484\" class=\"wpb_column vc_column_container vc_col-sm-8\"><div class=\"vc_column-inner\"><div class=\"wpb_wrapper\">\n<div class=\"tm-heading vc_custom_1597988153851  left tm-animation move-up\" id=\"tm-heading-69e13568546ee\">\n\t<h3 class=\"heading\" >Vor 30 Jahren begannen wir mit Hochzeitsk\u00f6rben und Schulheften<\/h3><\/div>\n\n\n<div class=\"tm-heading  left tm-animation move-up\" id=\"tm-heading-69e1356854ab0\">\n\t<p class=\"heading\" ><\/p><\/div>\n\n<div class=\"tm-spacer\" id=\"tm-spacer-69e1356854d5a\"><\/div>\n\n<div class=\"tm-heading  left tm-animation move-up\" id=\"tm-heading-69e1356854e12\">\n\t<p class=\"heading\" >Heute ist die Verpackungsindustrie unser Firmensitz. Wir setzen selbst die anspruchsvollsten Projekte umfassend um und geben ihnen Formen, Strukturen und Farben. Wir entwickeln Verpackungskonstruktionen sowie deren Grafikdesign, dank derer die Konzepte unserer Kunden Material gewinnen, das in Detailformen poliert ist.<\/p><\/div>\n\n<div class=\"tm-spacer\" id=\"tm-spacer-69e135685502f\"><\/div>\n<div class=\"tm-timeline  style-01 tm-animation move-up\" id=\"tm-timeline-69e1356855129\">\n\t<div class=\"tm-grid-wrapper\"\n     data-type=\"masonry\"\n     data-lg-columns=\"2\"\n     data-xs-columns=\"1\"\n>\n\t<div class=\"tm-grid has-animation move-up\">\n\t\t<div class=\"line\"><\/div>\n\t\t<div class=\"grid-sizer\"><\/div>\n\n\t\t\t\t\t<div class=\"grid-item\">\n\t\t\t\t<div class=\"item-wrapper\">\n\t\t\t\t\t<div class=\"dot\"><\/div>\n\n\t\t\t\t\t<div class=\"content-wrap\">\n\n\t\t\t\t\t\t<div class=\"content-header\">\n\t\t\t\t\t\t\t<h6 class=\"heading\">\n\t\t\t\t\t\t\t\t1991 - Beginn der T\u00e4tigkeit\t\t\t\t\t\t\t<\/h6>\n\t\t\t\t\t\t<\/div>\n\n\t\t\t\t\t\t<div class=\"content-body\">\n\t\t\t\t\t\t\t\n\t\t\t\t\t\t\t\t\t\t\t\t\t\t\t<div class=\"text\">\n\t\t\t\t\t\t\t\t\tIm Juni 1991 wurde das Unternehmen als Zak\u0142ad Przetw\u00f3rstwa Papierniczego i Opakacyjnych Tekturowych (ZPPiOT) registriert. Die anf\u00e4ngliche T\u00e4tigkeit des Unternehmens basierte auf der Herstellung von Erdbeerk\u00f6rben. In kurzer Zeit erweiterte das Unternehmen seine Aktivit\u00e4ten um die Produktion von Office-Notebooks.\t\t\t\t\t\t\t\t<\/div>\n\t\t\t\t\t\t\t\t\t\t\t\t\t<\/div>\n\t\t\t\t\t<\/div>\n\t\t\t\t<\/div>\n\t\t\t<\/div>\n\t\t\t\t\t<div class=\"grid-item\">\n\t\t\t\t<div class=\"item-wrapper\">\n\t\t\t\t\t<div class=\"dot\"><\/div>\n\n\t\t\t\t\t<div class=\"content-wrap\">\n\n\t\t\t\t\t\t<div class=\"content-header\">\n\t\t\t\t\t\t\t<h6 class=\"heading\">\n\t\t\t\t\t\t\t\t1994 - Ortswechsel\t\t\t\t\t\t\t<\/h6>\n\t\t\t\t\t\t<\/div>\n\n\t\t\t\t\t\t<div class=\"content-body\">\n\t\t\t\t\t\t\t\n\t\t\t\t\t\t\t\t\t\t\t\t\t\t\t<div class=\"text\">\n\t\t\t\t\t\t\t\t\tNur 3 Jahre sp\u00e4ter haben wir die Garagenr\u00e4ume in eine Halle mit einer Fl\u00e4che von 800 m2 umgewandelt. Zu diesem Zeitpunkt arbeiteten 33 Personen in unserem Unternehmen, von denen 18 \u00fcber eine Behinderungsbescheinigung verf\u00fcgten.\n\n\t\t\t\t\t\t\t\t<\/div>\n\t\t\t\t\t\t\t\t\t\t\t\t\t<\/div>\n\t\t\t\t\t<\/div>\n\t\t\t\t<\/div>\n\t\t\t<\/div>\n\t\t\t\t\t<div class=\"grid-item\">\n\t\t\t\t<div class=\"item-wrapper\">\n\t\t\t\t\t<div class=\"dot\"><\/div>\n\n\t\t\t\t\t<div class=\"content-wrap\">\n\n\t\t\t\t\t\t<div class=\"content-header\">\n\t\t\t\t\t\t\t<h6 class=\"heading\">\n\t\t\t\t\t\t\t\t2002 - Wieder bewegen\t\t\t\t\t\t\t<\/h6>\n\t\t\t\t\t\t<\/div>\n\n\t\t\t\t\t\t<div class=\"content-body\">\n\t\t\t\t\t\t\t\t\t\t\t\t\t\t\t<div class=\"photo\">\n\t\t\t\t\t\t\t\t\t<img src=\"https:\/\/prostkey.pl\/wp-content\/uploads\/2020\/03\/oddzia\u0142-w-Prostkach-scaled-e1586342380872-456x250.jpg\" alt=\"Producent opakowa\u0144 kartonowych, stand\u00f3w i stojak\u00f3w reklamowych ProstKEY\" \/>\n\t\t\t\t\t\t\t\t<\/div>\n\t\t\t\t\t\t\t\n\t\t\t\t\t\t\t\t\t\t\t\t\t\t\t<div class=\"text\">\n\t\t\t\t\t\t\t\t\tIm August 2002 zogen wir in das neu errichtete Hauptquartier an der ul. 1 Maja 89 in Prostki, wo wir bis heute bleiben.\t\t\t\t\t\t\t\t<\/div>\n\t\t\t\t\t\t\t\t\t\t\t\t\t<\/div>\n\t\t\t\t\t<\/div>\n\t\t\t\t<\/div>\n\t\t\t<\/div>\n\t\t\t\t\t<div class=\"grid-item\">\n\t\t\t\t<div class=\"item-wrapper\">\n\t\t\t\t\t<div class=\"dot\"><\/div>\n\n\t\t\t\t\t<div class=\"content-wrap\">\n\n\t\t\t\t\t\t<div class=\"content-header\">\n\t\t\t\t\t\t\t<h6 class=\"heading\">\n\t\t\t\t\t\t\t\t2004 - Positive Zertifizierung\t\t\t\t\t\t\t<\/h6>\n\t\t\t\t\t\t<\/div>\n\n\t\t\t\t\t\t<div class=\"content-body\">\n\t\t\t\t\t\t\t\t\t\t\t\t\t\t\t<div class=\"photo\">\n\t\t\t\t\t\t\t\t\t<img src=\"https:\/\/prostkey.pl\/wp-content\/uploads\/2020\/03\/ISO.png\" alt=\"ISO\" \/>\n\t\t\t\t\t\t\t\t<\/div>\n\t\t\t\t\t\t\t\n\t\t\t\t\t\t\t\t\t\t\t\t\t\t\t<div class=\"text\">\n\t\t\t\t\t\t\t\t\tWir haben strenge ISO-Standards implementiert und dann die PEN ISO 9001: 2000, PN-N18001 - 2004, HACCP DS-3027-Zertifizierung erhalten. HACCP DS-3027\t\t\t\t\t\t\t\t<\/div>\n\t\t\t\t\t\t\t\t\t\t\t\t\t<\/div>\n\t\t\t\t\t<\/div>\n\t\t\t\t<\/div>\n\t\t\t<\/div>\n\t\t\t\t\t<div class=\"grid-item\">\n\t\t\t\t<div class=\"item-wrapper\">\n\t\t\t\t\t<div class=\"dot\"><\/div>\n\n\t\t\t\t\t<div class=\"content-wrap\">\n\n\t\t\t\t\t\t<div class=\"content-header\">\n\t\t\t\t\t\t\t<h6 class=\"heading\">\n\t\t\t\t\t\t\t\t2008 - Bau einer neuen Halle\t\t\t\t\t\t\t<\/h6>\n\t\t\t\t\t\t<\/div>\n\n\t\t\t\t\t\t<div class=\"content-body\">\n\t\t\t\t\t\t\t\t\t\t\t\t\t\t\t<div class=\"photo\">\n\t\t\t\t\t\t\t\t\t<img src=\"https:\/\/prostkey.pl\/wp-content\/uploads\/2020\/03\/skmbt_c25312020109180_small-456x250.jpg\" alt=\"skmbt_c25312020109180_small\" \/>\n\t\t\t\t\t\t\t\t<\/div>\n\t\t\t\t\t\t\t\n\t\t\t\t\t\t\t\t\t\t\t\t\t\t\t<div class=\"text\">\n\t\t\t\t\t\t\t\t\tIm Jahr 2008 wurde das Unternehmen um eine weitere Produktionshalle erweitert, die die Erweiterung der Gesch\u00e4ftst\u00e4tigkeit des Unternehmens um Flexodruck und die Herstellung von laminierten Verpackungen erm\u00f6glichte. Das Labor wurde ebenfalls im neuen Geb\u00e4ude eingerichtet. Seitdem testen wir die Qualit\u00e4t von Rohstoffen und Kartonverpackungen selbst.\t\t\t\t\t\t\t\t<\/div>\n\t\t\t\t\t\t\t\t\t\t\t\t\t<\/div>\n\t\t\t\t\t<\/div>\n\t\t\t\t<\/div>\n\t\t\t<\/div>\n\t\t\t\t\t<div class=\"grid-item\">\n\t\t\t\t<div class=\"item-wrapper\">\n\t\t\t\t\t<div class=\"dot\"><\/div>\n\n\t\t\t\t\t<div class=\"content-wrap\">\n\n\t\t\t\t\t\t<div class=\"content-header\">\n\t\t\t\t\t\t\t<h6 class=\"heading\">\n\t\t\t\t\t\t\t\t2015 - Neuer Firmenname\t\t\t\t\t\t\t<\/h6>\n\t\t\t\t\t\t<\/div>\n\n\t\t\t\t\t\t<div class=\"content-body\">\n\t\t\t\t\t\t\t\t\t\t\t\t\t\t\t<div class=\"photo\">\n\t\t\t\t\t\t\t\t\t<img src=\"https:\/\/prostkey.pl\/wp-content\/uploads\/2020\/03\/prostki_logo.jpg\" alt=\"Producent opakowa\u0144 kartonowych, stand\u00f3w i stojak\u00f3w reklamowych\" \/>\n\t\t\t\t\t\t\t\t<\/div>\n\t\t\t\t\t\t\t\n\t\t\t\t\t\t\t\t\t\t\t\t\t\t\t<div class=\"text\">\n\t\t\t\t\t\t\t\t\tIm Jahr 2015 haben wir ein komplettes Rebranding durchgef\u00fchrt. Der fr\u00fchere Name der Firma ZPPiOT wurde durch einen freundlicheren ersetzt - PROST-KEY Packaging Sobolewcy Sp. Z oo. j. Der aktuelle Name des Unternehmens bezieht sich auf den Hauptsitz des Unternehmens und das Profil seiner T\u00e4tigkeit.\t\t\t\t\t\t\t\t<\/div>\n\t\t\t\t\t\t\t\t\t\t\t\t\t<\/div>\n\t\t\t\t\t<\/div>\n\t\t\t\t<\/div>\n\t\t\t<\/div>\n\t\t\t\t\t<div class=\"grid-item\">\n\t\t\t\t<div class=\"item-wrapper\">\n\t\t\t\t\t<div class=\"dot\"><\/div>\n\n\t\t\t\t\t<div class=\"content-wrap\">\n\n\t\t\t\t\t\t<div class=\"content-header\">\n\t\t\t\t\t\t\t<h6 class=\"heading\">\n\t\t\t\t\t\t\t\t2018 - Neue Investition\t\t\t\t\t\t\t<\/h6>\n\t\t\t\t\t\t<\/div>\n\n\t\t\t\t\t\t<div class=\"content-body\">\n\t\t\t\t\t\t\t\t\t\t\t\t\t\t\t<div class=\"photo\">\n\t\t\t\t\t\t\t\t\t<img src=\"https:\/\/prostkey.pl\/wp-content\/uploads\/2020\/03\/IMG_0038m-1000x500-1-456x250.jpg\" alt=\"IMG_0038m-1000x500\" \/>\n\t\t\t\t\t\t\t\t<\/div>\n\t\t\t\t\t\t\t\n\t\t\t\t\t\t\t\t\t\t\t\t\t\t\t<div class=\"text\">\n\t\t\t\t\t\t\t\t\t2018 haben wir mit dem Bau einer neuen Produktionshalle in Szczuczyn begonnen.\n\n\t\t\t\t\t\t\t\t<\/div>\n\t\t\t\t\t\t\t\t\t\t\t\t\t<\/div>\n\t\t\t\t\t<\/div>\n\t\t\t\t<\/div>\n\t\t\t<\/div>\n\t\t\t\t\t<div class=\"grid-item\">\n\t\t\t\t<div class=\"item-wrapper\">\n\t\t\t\t\t<div class=\"dot\"><\/div>\n\n\t\t\t\t\t<div class=\"content-wrap\">\n\n\t\t\t\t\t\t<div class=\"content-header\">\n\t\t\t\t\t\t\t<h6 class=\"heading\">\n\t\t\t\t\t\t\t\t2019 - Fertigstellung der Bauarbeiten\t\t\t\t\t\t\t<\/h6>\n\t\t\t\t\t\t<\/div>\n\n\t\t\t\t\t\t<div class=\"content-body\">\n\t\t\t\t\t\t\t\t\t\t\t\t\t\t\t<div class=\"photo\">\n\t\t\t\t\t\t\t\t\t<img src=\"https:\/\/prostkey.pl\/wp-content\/uploads\/2020\/03\/69450844_2400793616874629_9109680769311178752_n-e1586342446398-456x250.jpg\" alt=\"Producent opakowa\u0144 kartonowych, stand\u00f3w i stojak\u00f3w reklamowych\" \/>\n\t\t\t\t\t\t\t\t<\/div>\n\t\t\t\t\t\t\t\n\t\t\t\t\t\t\t\t\t\t\t\t\t\t\t<div class=\"text\">\n\t\t\t\t\t\t\t\t\tEin Jahr sp\u00e4ter, im Jahr 2019, gelang es uns, die erste Phase des Baus einer neuen Anlage abzuschlie\u00dfen und die Produktion aufzunehmen. Mit dem neuen Standort ergaben sich neue M\u00f6glichkeiten.\t\t\t\t\t\t\t\t<\/div>\n\t\t\t\t\t\t\t\t\t\t\t\t\t<\/div>\n\t\t\t\t\t<\/div>\n\t\t\t\t<\/div>\n\t\t\t<\/div>\n\t\t\t<\/div>\n<\/div>\n<\/div>\n<\/div><\/div><\/div><div id=\"tm-column-69e13568585e0\" class=\"wpb_column vc_column_container vc_col-sm-4\"><div class=\"vc_column-inner\"><div class=\"wpb_wrapper\"><div class=\"page-sidebar wpb_widgetised_column wpb_content_element right\">\n\t<div class=\"page-sidebar-inner\">\n\t\t<div class=\"page-sidebar-content\">\n\t\t\t<div id=\"custom_html-3\" class=\"widget_text widget tm-animation move-up widget_custom_html\"><div class=\"textwidget custom-html-widget\"><div id=\"tm-row-69e1356858c71\" class=\"vc_row vc_row-outer vc_row-fluid\"><div id=\"tm-column-69e1356858f10\" class=\"wpb_column vc_column_container vc_col-sm-12\"><div class=\"vc_column-inner\"><div class=\"wpb_wrapper\"><div class=\"tm-page-feature  style-01\" id=\"tm-page-feature-69e1356859173\">\n\t<div class=\"tm-grid modern-grid\">\n\t\t\t\t\n\t\t\t\t\t\t\t\t\t\t<div class=\"page-item grid-item post-2779 page type-page status-publish hentry\">\n\t\t\t\t\t<a href=\"https:\/\/prostkey.pl\/de\/uber-uns\/\">\n\t\t\t\t\t\t<div class=\"post-item-wrap\">\n\n\t\t\t\t\t\t\t\t\t\t\t\t\t\t\t<div class=\"icon\">\n\t\t\t\t\t\t\t\t\t<span class=\"tractor-home\"><\/span>\n\t\t\t\t\t\t\t\t<\/div>\n\t\t\t\t\t\t\t\n\t\t\t\t\t\t\t<h3 class=\"post-title\">\n\t\t\t\t\t\t\t\tUBER UNS\t\t\t\t\t\t\t<\/h3>\n\n\t\t\t\t\t\t<\/div>\n\t\t\t\t\t<\/a>\n\t\t\t\t<\/div>\n\t\t\t\t\t\t\t\t\n\t\t\t\t\t\t\t\t\t\t<div class=\"page-item grid-item post-2812 page type-page status-publish hentry\">\n\t\t\t\t\t<a href=\"https:\/\/prostkey.pl\/de\/uber-uns\/geschichte\/\">\n\t\t\t\t\t\t<div class=\"post-item-wrap\">\n\n\t\t\t\t\t\t\t\t\t\t\t\t\t\t\t<div class=\"icon\">\n\t\t\t\t\t\t\t\t\t<span class=\"tractor-history\"><\/span>\n\t\t\t\t\t\t\t\t<\/div>\n\t\t\t\t\t\t\t\n\t\t\t\t\t\t\t<h3 class=\"post-title\">\n\t\t\t\t\t\t\t\tGESCHICHTE\t\t\t\t\t\t\t<\/h3>\n\n\t\t\t\t\t\t<\/div>\n\t\t\t\t\t<\/a>\n\t\t\t\t<\/div>\n\t\t\t\t\t\t\t\t\n\t\t\t\t\t\t\t\t\t\t<div class=\"page-item grid-item post-2991 page type-page status-publish hentry\">\n\t\t\t\t\t<a href=\"https:\/\/prostkey.pl\/de\/uber-uns\/qualitatsstandard\/\">\n\t\t\t\t\t\t<div class=\"post-item-wrap\">\n\n\t\t\t\t\t\t\t\t\t\t\t\t\t\t\t<div class=\"icon\">\n\t\t\t\t\t\t\t\t\t<span class=\"tractor-cloud-computing\"><\/span>\n\t\t\t\t\t\t\t\t<\/div>\n\t\t\t\t\t\t\t\n\t\t\t\t\t\t\t<h3 class=\"post-title\">\n\t\t\t\t\t\t\t\tQUALITATSSTANDARD\t\t\t\t\t\t\t<\/h3>\n\n\t\t\t\t\t\t<\/div>\n\t\t\t\t\t<\/a>\n\t\t\t\t<\/div>\n\t\t\t\t\t\t\t\t\n\t\t\t\t\t\t\t\t\t\t<div class=\"page-item grid-item post-2818 page type-page status-publish hentry\">\n\t\t\t\t\t<a href=\"https:\/\/prostkey.pl\/de\/uber-uns\/der-umweltschutz\/\">\n\t\t\t\t\t\t<div class=\"post-item-wrap\">\n\n\t\t\t\t\t\t\t\t\t\t\t\t\t\t\t<div class=\"icon\">\n\t\t\t\t\t\t\t\t\t<span class=\"tractor-picture\"><\/span>\n\t\t\t\t\t\t\t\t<\/div>\n\t\t\t\t\t\t\t\n\t\t\t\t\t\t\t<h3 class=\"post-title\">\n\t\t\t\t\t\t\t\tDER UMWELTSCHUTZ\t\t\t\t\t\t\t<\/h3>\n\n\t\t\t\t\t\t<\/div>\n\t\t\t\t\t<\/a>\n\t\t\t\t<\/div>\n\t\t\t\t\t\t\t\t\n\t\t\t\t\t\t\t\t\t\t<div class=\"page-item grid-item post-277 page type-page status-publish hentry\">\n\t\t\t\t\t<a href=\"https:\/\/prostkey.pl\/faq\/\">\n\t\t\t\t\t\t<div class=\"post-item-wrap\">\n\n\t\t\t\t\t\t\t\t\t\t\t\t\t\t\t<div class=\"icon\">\n\t\t\t\t\t\t\t\t\t<span class=\"tractor-compass\"><\/span>\n\t\t\t\t\t\t\t\t<\/div>\n\t\t\t\t\t\t\t\n\t\t\t\t\t\t\t<h3 class=\"post-title\">\n\t\t\t\t\t\t\t\tFAQ\t\t\t\t\t\t\t<\/h3>\n\n\t\t\t\t\t\t<\/div>\n\t\t\t\t\t<\/a>\n\t\t\t\t<\/div>\n\t\t\t\t\t\t\t\t\n\t\t\t\t\t\t\t\t\t\t<div class=\"page-item grid-item post-2823 page type-page status-publish hentry\">\n\t\t\t\t\t<a href=\"https:\/\/prostkey.pl\/de\/uber-uns\/ue-zuschuesse\/\">\n\t\t\t\t\t\t<div class=\"post-item-wrap\">\n\n\t\t\t\t\t\t\t\t\t\t\t\t\t\t\t<div class=\"icon\">\n\t\t\t\t\t\t\t\t\t<span class=\"tractor-bookmark\"><\/span>\n\t\t\t\t\t\t\t\t<\/div>\n\t\t\t\t\t\t\t\n\t\t\t\t\t\t\t<h3 class=\"post-title\">\n\t\t\t\t\t\t\t\tUE ZUSCH\u00dcSSE\t\t\t\t\t\t\t<\/h3>\n\n\t\t\t\t\t\t<\/div>\n\t\t\t\t\t<\/a>\n\t\t\t\t<\/div>\n\t\t\t\t\t\t\t\t\t<\/div>\n<\/div>\n<\/div><\/div><\/div><\/div><\/div><\/div>\t\t<\/div>\n\t<\/div>\n<\/div>\n<\/div><\/div><\/div><\/div><div class=\"vc_row-full-width vc_clearfix\"><\/div><div data-src=\"https:\/\/prostkey.pl\/wp-content\/uploads\/2020\/03\/testi-h8-bg.png\" id=\"tm-row-69e135685bce3\" data-vc-full-width=\"true\" data-vc-full-width-init=\"false\" data-vc-stretch-content=\"true\" class=\"vc_row vc_row-outer vc_row-fluid tm-lazy-load vc_row-no-padding vc_row-o-content-middle vc_row-flex\"><div data-src=\"https:\/\/prostkey.pl\/wp-content\/uploads\/2020\/03\/message.png\" id=\"tm-column-69e135685c304\" class=\"wpb_column vc_column_container vc_col-sm-6 tm-lazy-load\"><div class=\"vc_column-inner\"><div class=\"wpb_wrapper\">\n<div class=\"tm-heading  center tm-animation move-up\" id=\"tm-heading-69e135685c675\">\n\t<div class=\"heading\" ><a href=\"https:\/\/prostkey.pl\/kontakt\/\">Email: export@prostkey.pl<\/a><\/div><\/div>\n\n<\/div><\/div><\/div><div data-src=\"https:\/\/prostkey.pl\/wp-content\/uploads\/2020\/03\/home_01_13.png\" id=\"tm-column-69e135685cc1d\" class=\"wpb_column vc_column_container vc_col-sm-6 tm-lazy-load\"><div class=\"vc_column-inner\"><div class=\"wpb_wrapper\">\n<div class=\"tm-heading  center tm-animation move-up\" id=\"tm-heading-69e135685cea3\">\n\t<div class=\"heading\" >Telefon: +48 87 737 12 30<\/div><\/div>\n\n<\/div><\/div><\/div><\/div><div class=\"vc_row-full-width vc_clearfix\"><\/div>","protected":false},"excerpt":{"rendered":"Vor 30 Jahren begannen wir mit Hochzeitsk\u00f6rben und Schulheften Heute ist die Verpackungsindustrie unser Firmensitz. Wir setzen selbst die anspruchsvollsten Projekte umfassend um und geben ihnen Formen, Strukturen und Farben. Wir entwickeln Verpackungskonstruktionen sowie deren Grafikdesign, dank derer die Konzepte unserer Kunden Material gewinnen, das in Detailformen poliert ist. 1991 - Beginn der T\u00e4tigkeit Im Juni 1991 wurde das Unternehmen als Zak\u0142ad Przetw\u00f3rstwa Papierniczego i Opakacyjnych Tekturowych (ZPPiOT) registriert. Die anf\u00e4ngliche T\u00e4tigkeit des Unternehmens basierte auf der Herstellung von Erdbeerk\u00f6rben. In kurzer Zeit erweiterte das Unternehmen seine Aktivit\u00e4ten um die Produktion von Office-Notebooks. 1994 - Ortswechsel Nur 3 Jahre sp\u00e4ter haben wir die Garagenr\u00e4ume in eine Halle mit einer Fl\u00e4che von 800 m2 umgewandelt. Zu diesem Zeitpunkt arbeiteten 33 Personen in unserem Unternehmen, von denen 18 \u00fcber eine Behinderungsbescheinigung verf\u00fcgten. 2002 - Wieder bewegen Im August 2002 zogen wir in das neu errichtete Hauptquartier an der ul. 1 Maja 89 in Prostki, wo wir bis heute bleiben. 2004 - Positive Zertifizierung Wir haben strenge ISO-Standards implementiert und dann die PEN ISO 9001: 2000, PN-N18001 - 2004, HACCP DS-3027-Zertifizierung erhalten. HACCP DS-3027 2008 - Bau einer neuen Halle Im Jahr 2008 wurde das Unternehmen um eine weitere Produktionshalle erweitert, die die Erweiterung der Gesch\u00e4ftst\u00e4tigkeit des Unternehmens um Flexodruck und die Herstellung von laminierten Verpackungen erm\u00f6glichte. Das Labor wurde ebenfalls im neuen Geb\u00e4ude eingerichtet. Seitdem testen wir die Qualit\u00e4t von Rohstoffen und Kartonverpackungen selbst. 2015 - Neuer Firmenname Im Jahr 2015 haben wir ein komplettes Rebranding durchgef\u00fchrt. Der fr\u00fchere Name der Firma ZPPiOT wurde durch einen freundlicheren ersetzt - PROST-KEY Packaging Sobolewcy Sp. Z oo. j. Der aktuelle Name des Unternehmens bezieht sich auf den Hauptsitz des Unternehmens und das Profil seiner T\u00e4tigkeit. 2018 - Neue Investition 2018 haben wir mit dem Bau einer neuen Produktionshalle in Szczuczyn begonnen. 2019 - Fertigstellung der Bauarbeiten Ein Jahr sp\u00e4ter, im Jahr 2019, gelang es uns, die erste Phase des Baus einer neuen Anlage abzuschlie\u00dfen und die Produktion aufzunehmen. Mit dem neuen Standort ergaben sich neue M\u00f6glichkeiten. UBER UNS GESCHICHTE QUALITATSSTANDARD DER UMWELTSCHUTZ FAQ UE ZUSCH\u00dcSSE Email: info@prostkey.pl Telefon: +48 87 737 12 30","protected":false},"author":1,"featured_media":0,"parent":2779,"menu_order":0,"comment_status":"closed","ping_status":"closed","template":"","meta":[],"aioseo_notices":[],"_links":{"self":[{"href":"https:\/\/prostkey.pl\/de\/wp-json\/wp\/v2\/pages\/2812"}],"collection":[{"href":"https:\/\/prostkey.pl\/de\/wp-json\/wp\/v2\/pages"}],"about":[{"href":"https:\/\/prostkey.pl\/de\/wp-json\/wp\/v2\/types\/page"}],"author":[{"embeddable":true,"href":"https:\/\/prostkey.pl\/de\/wp-json\/wp\/v2\/users\/1"}],"replies":[{"embeddable":true,"href":"https:\/\/prostkey.pl\/de\/wp-json\/wp\/v2\/comments?post=2812"}],"version-history":[{"count":3,"href":"https:\/\/prostkey.pl\/de\/wp-json\/wp\/v2\/pages\/2812\/revisions"}],"predecessor-version":[{"id":4700,"href":"https:\/\/prostkey.pl\/de\/wp-json\/wp\/v2\/pages\/2812\/revisions\/4700"}],"up":[{"embeddable":true,"href":"https:\/\/prostkey.pl\/de\/wp-json\/wp\/v2\/pages\/2779"}],"wp:attachment":[{"href":"https:\/\/prostkey.pl\/de\/wp-json\/wp\/v2\/media?parent=2812"}],"curies":[{"name":"wp","href":"https:\/\/api.w.org\/{rel}","templated":true}]}}