{"id":2818,"date":"2020-08-21T08:06:47","date_gmt":"2020-08-21T06:06:47","guid":{"rendered":"https:\/\/prostkey.pl\/?page_id=2818"},"modified":"2025-04-10T13:31:29","modified_gmt":"2025-04-10T11:31:29","slug":"der-umweltschutz","status":"publish","type":"page","link":"https:\/\/prostkey.pl\/de\/uber-uns\/der-umweltschutz\/","title":{"rendered":"DER UMWELTSCHUTZ"},"content":{"rendered":"<div data-src=\"https:\/\/prostkey.pl\/wp-content\/uploads\/2020\/03\/home_00_09.png\" id=\"tm-row-69e089bbd45e5\" data-vc-full-width=\"true\" data-vc-full-width-init=\"false\" class=\"vc_row vc_row-outer vc_row-fluid tm-lazy-load\"><div id=\"tm-column-69e089bbd4b0f\" class=\"wpb_column vc_column_container vc_col-sm-8\"><div class=\"vc_column-inner\"><div class=\"wpb_wrapper\"><div class=\"tm-spacer\" id=\"tm-spacer-69e089bbd4ce0\"><\/div>\n\n<div class=\"tm-heading thick-separator left tm-animation move-up\" id=\"tm-heading-69e089bbd4db5\">\n\t<h2 class=\"heading\" >Bei Prost-Key handeln wir verantwortungsbewusst<\/h2><div class=\"separator\"><\/div><\/div>\n\n<div class=\"tm-image  tm-animation move-up\" id=\"tm-image-69e089bbd502c\">\n\t\t\t<div class=\"image\"><img src=\"https:\/\/prostkey.pl\/wp-content\/uploads\/2020\/04\/karsten-wurth-UbGYPMbMYP8-unsplash-1.jpg\" alt=\"karsten-wurth-UbGYPMbMYP8-unsplash\" \/><\/div>\t\t<\/div>\n<div class=\"tm-spacer\" id=\"tm-spacer-69e089bbd5c7b\"><\/div>\n\n\t<div class=\"wpb_text_column wpb_content_element\" >\n\t\t<div class=\"wpb_wrapper\">\n\t\t\t<p>Wir bei PROST-KEY Packaging sind uns bewusst, dass unser Handeln Auswirkungen auf den Planeten hat. Wir achten darauf, die negativen Auswirkungen auf die Umwelt so gering wie m\u00f6glich zu halten.<\/p>\n<p>Bei der Gestaltung unserer Verpackungen wenden wir das Prinzip der Reduzierung des Rohstoffverbrauchs an. Wir verwenden Rohstoffe aus zertifizierten Quellen (FSC<sup>\u00ae<\/sup>-Zertifikat) sowie recycelte Materialien.<\/p>\n<p>Wir sorgen seit Jahren f\u00fcr eine ordnungsgem\u00e4\u00dfe Abfalltrennung. Nicht verwendete Bl\u00e4tter und Produktionsabf\u00e4lle werden gepresst und dann zum Recycling in die M\u00fchle zur\u00fcckgef\u00fchrt.<\/p>\n<p>Wir bem\u00fchen uns, dass unser Produktionsprozess und unsere Produkte so umweltfreundlich wie m\u00f6glich sind.<\/p>\n\n\t\t<\/div>\n\t<\/div>\n<div class=\"tm-spacer\" id=\"tm-spacer-69e089bbd5d54\"><\/div>\n<div id=\"tm-row-inner-69e089bbd5ea4\" class=\"vc_row vc_inner vc_row-fluid vc_row-o-equal-height vc_row-flex\"><div id=\"tm-column-inner-69e089bbd60f6\" class=\"wpb_column vc_column_container vc_col-sm-4\"><div class=\"vc_column-inner\"><div class=\"wpb_wrapper\"><div class=\"tm-image  tm-animation move-up\" id=\"tm-image-69e089bbd62d7\">\n\t\t\t<div class=\"image\"><img src=\"https:\/\/prostkey.pl\/wp-content\/uploads\/2020\/03\/recykling-120x120.jpg\" alt=\"innowacyjne opakowania\" \/><\/div>\t\t<\/div>\n\n<div class=\"tm-heading  center tm-animation move-up\" id=\"tm-heading-69e089bbd695f\">\n\t<div class=\"heading\" >Recycling<\/div><\/div>\n\n\n<div class=\"tm-heading  center tm-animation move-up\" id=\"tm-heading-69e089bbd6c0b\">\n\t<div class=\"heading\" >Unsere Verpackung ist recycelbar.<\/div><\/div>\n\n<\/div><\/div><\/div><div id=\"tm-column-inner-69e089bbd6ef6\" class=\"wpb_column vc_column_container vc_col-sm-4\"><div class=\"vc_column-inner\"><div class=\"wpb_wrapper\"><div class=\"tm-image  tm-animation move-up\" id=\"tm-image-69e089bbd7030\">\n\t\t\t<div class=\"image\"><img src=\"https:\/\/prostkey.pl\/wp-content\/uploads\/2020\/03\/segregacja-120x120.png\" alt=\"segregacja\" \/><\/div>\t\t<\/div>\n\n<div class=\"tm-heading  center tm-animation move-up\" id=\"tm-heading-69e089bbd780f\">\n\t<div class=\"heading\" >Der Trennung<\/div><\/div>\n\n\n<div class=\"tm-heading  center tm-animation move-up\" id=\"tm-heading-69e089bbd7aab\">\n\t<div class=\"heading\" >Wir sorgen daf\u00fcr, dass die bei der Herstellung der Verpackung anfallenden Abf\u00e4lle in die entsprechenden Beh\u00e4lter gelangen.<\/div><\/div>\n\n<\/div><\/div><\/div><div id=\"tm-column-inner-69e089bbd7e0b\" class=\"wpb_column vc_column_container vc_col-sm-4\"><div class=\"vc_column-inner\"><div class=\"wpb_wrapper\"><div class=\"tm-image  tm-animation move-up\" id=\"tm-image-69e089bbd7f39\">\n\t\t\t<div class=\"image\"><img src=\"https:\/\/prostkey.pl\/wp-content\/uploads\/2020\/03\/ekologia-120x120.jpg\" alt=\"ekologia\" \/><\/div>\t\t<\/div>\n\n<div class=\"tm-heading  center tm-animation move-up\" id=\"tm-heading-69e089bbd8514\">\n\t<div class=\"heading\" >Rationalit\u00e4t<\/div><\/div>\n\n\n<div class=\"tm-heading  center tm-animation move-up\" id=\"tm-heading-69e089bbd87a8\">\n\t<div class=\"heading\" >Wir verwalten Ressourcen rational.<\/div><\/div>\n\n<\/div><\/div><\/div><\/div><div id=\"tm-row-inner-69e089bbd8a6d\" class=\"vc_row vc_inner vc_row-fluid vc_row-o-equal-height vc_row-flex\"><div id=\"tm-column-inner-69e089bbd8c52\" class=\"wpb_column vc_column_container vc_col-sm-4\"><div class=\"vc_column-inner\"><div class=\"wpb_wrapper\"><div class=\"tm-image  tm-animation move-up\" id=\"tm-image-69e089bbd8d90\">\n\t\t\t<div class=\"image\"><img src=\"https:\/\/prostkey.pl\/wp-content\/uploads\/2020\/03\/ekologia-120x120.jpg\" alt=\"ekologia\" \/><\/div>\t\t<\/div>\n\n<div class=\"tm-heading  center tm-animation move-up\" id=\"tm-heading-69e089bbd9262\">\n\t<div class=\"heading\" >\u00d6kologie<\/div><\/div>\n\n\n<div class=\"tm-heading  center tm-animation move-up\" id=\"tm-heading-69e089bbd94d0\">\n\t<div class=\"heading\" >Wir verwenden \u00f6kologische Rohstoffe: sowohl Papiere als auch Farben.<\/div><\/div>\n\n<\/div><\/div><\/div><div id=\"tm-column-inner-69e089bbd9733\" class=\"wpb_column vc_column_container vc_col-sm-4\"><div class=\"vc_column-inner\"><div class=\"wpb_wrapper\"><div class=\"tm-image  tm-animation move-up\" id=\"tm-image-69e089bbd9860\">\n\t\t\t<div class=\"image\"><img src=\"https:\/\/prostkey.pl\/wp-content\/uploads\/2020\/03\/trzy-1-120x120.jpg\" alt=\"trzy\" \/><\/div>\t\t<\/div>\n\n<div class=\"tm-heading  center tm-animation move-up\" id=\"tm-heading-69e089bbd9fd7\">\n\t<div class=\"heading\" >Bewusstsein<\/div><\/div>\n\n\n<div class=\"tm-heading  center tm-animation move-up\" id=\"tm-heading-69e089bbda26c\">\n\t<div class=\"heading\" >Auf dem Gel\u00e4nde unseres Werks stehen f\u00fcr die Mitarbeiter \u00f6kologische M\u00fclleimer zur M\u00fclltrennung zur Verf\u00fcgung.<\/div><\/div>\n\n<\/div><\/div><\/div><div id=\"tm-column-inner-69e089bbda510\" class=\"wpb_column vc_column_container vc_col-sm-4\"><div class=\"vc_column-inner\"><div class=\"wpb_wrapper\"><div class=\"tm-image  tm-animation move-up\" id=\"tm-image-69e089bbda628\">\n\t\t\t<div class=\"image\"><img src=\"https:\/\/prostkey.pl\/wp-content\/uploads\/2020\/11\/fsceng.jpg\" alt=\"Drukowanie\" \/><\/div>\t\t<\/div>\n\n<div class=\"tm-heading  center tm-animation move-up\" id=\"tm-heading-69e089bbdad0e\">\n\t<div class=\"heading\" >FSC<\/div><\/div>\n\n\n<div class=\"tm-heading  center tm-animation move-up\" id=\"tm-heading-69e089bbdaf71\">\n\t<div class=\"heading\" >Wir kaufen FSC-zertifizierte Rohstoffe, was bedeutet, dass sie im Rahmen einer verantwortungsvollen Waldbewirtschaftung gewonnen wurden.<\/div><\/div>\n\n<\/div><\/div><\/div><\/div><\/div><\/div><\/div><div id=\"tm-column-69e089bbdb29a\" class=\"wpb_column vc_column_container vc_col-sm-4\"><div class=\"vc_column-inner\"><div class=\"wpb_wrapper\"><div class=\"page-sidebar wpb_widgetised_column wpb_content_element right\">\n\t<div class=\"page-sidebar-inner\">\n\t\t<div class=\"page-sidebar-content\">\n\t\t\t<div id=\"custom_html-3\" class=\"widget_text widget tm-animation move-up widget_custom_html\"><div class=\"textwidget custom-html-widget\"><div id=\"tm-row-69e089bbdb74b\" class=\"vc_row vc_row-outer vc_row-fluid\"><div id=\"tm-column-69e089bbdb96e\" class=\"wpb_column vc_column_container vc_col-sm-12\"><div class=\"vc_column-inner\"><div class=\"wpb_wrapper\"><div class=\"tm-page-feature  style-01\" id=\"tm-page-feature-69e089bbdbbd8\">\n\t<div class=\"tm-grid modern-grid\">\n\t\t\t\t\n\t\t\t\t\t\t\t\t\t\t<div class=\"page-item grid-item post-2779 page type-page status-publish hentry\">\n\t\t\t\t\t<a href=\"https:\/\/prostkey.pl\/de\/uber-uns\/\">\n\t\t\t\t\t\t<div class=\"post-item-wrap\">\n\n\t\t\t\t\t\t\t\t\t\t\t\t\t\t\t<div class=\"icon\">\n\t\t\t\t\t\t\t\t\t<span class=\"tractor-home\"><\/span>\n\t\t\t\t\t\t\t\t<\/div>\n\t\t\t\t\t\t\t\n\t\t\t\t\t\t\t<h3 class=\"post-title\">\n\t\t\t\t\t\t\t\tUBER UNS\t\t\t\t\t\t\t<\/h3>\n\n\t\t\t\t\t\t<\/div>\n\t\t\t\t\t<\/a>\n\t\t\t\t<\/div>\n\t\t\t\t\t\t\t\t\n\t\t\t\t\t\t\t\t\t\t<div class=\"page-item grid-item post-2812 page type-page status-publish hentry\">\n\t\t\t\t\t<a href=\"https:\/\/prostkey.pl\/de\/uber-uns\/geschichte\/\">\n\t\t\t\t\t\t<div class=\"post-item-wrap\">\n\n\t\t\t\t\t\t\t\t\t\t\t\t\t\t\t<div class=\"icon\">\n\t\t\t\t\t\t\t\t\t<span class=\"tractor-history\"><\/span>\n\t\t\t\t\t\t\t\t<\/div>\n\t\t\t\t\t\t\t\n\t\t\t\t\t\t\t<h3 class=\"post-title\">\n\t\t\t\t\t\t\t\tGESCHICHTE\t\t\t\t\t\t\t<\/h3>\n\n\t\t\t\t\t\t<\/div>\n\t\t\t\t\t<\/a>\n\t\t\t\t<\/div>\n\t\t\t\t\t\t\t\t\n\t\t\t\t\t\t\t\t\t\t<div class=\"page-item grid-item post-2991 page type-page status-publish hentry\">\n\t\t\t\t\t<a href=\"https:\/\/prostkey.pl\/de\/uber-uns\/qualitatsstandard\/\">\n\t\t\t\t\t\t<div class=\"post-item-wrap\">\n\n\t\t\t\t\t\t\t\t\t\t\t\t\t\t\t<div class=\"icon\">\n\t\t\t\t\t\t\t\t\t<span class=\"tractor-cloud-computing\"><\/span>\n\t\t\t\t\t\t\t\t<\/div>\n\t\t\t\t\t\t\t\n\t\t\t\t\t\t\t<h3 class=\"post-title\">\n\t\t\t\t\t\t\t\tQUALITATSSTANDARD\t\t\t\t\t\t\t<\/h3>\n\n\t\t\t\t\t\t<\/div>\n\t\t\t\t\t<\/a>\n\t\t\t\t<\/div>\n\t\t\t\t\t\t\t\t\n\t\t\t\t\t\t\t\t\t\t<div class=\"page-item grid-item post-2818 page type-page status-publish hentry\">\n\t\t\t\t\t<a href=\"https:\/\/prostkey.pl\/de\/uber-uns\/der-umweltschutz\/\">\n\t\t\t\t\t\t<div class=\"post-item-wrap\">\n\n\t\t\t\t\t\t\t\t\t\t\t\t\t\t\t<div class=\"icon\">\n\t\t\t\t\t\t\t\t\t<span class=\"tractor-picture\"><\/span>\n\t\t\t\t\t\t\t\t<\/div>\n\t\t\t\t\t\t\t\n\t\t\t\t\t\t\t<h3 class=\"post-title\">\n\t\t\t\t\t\t\t\tDER UMWELTSCHUTZ\t\t\t\t\t\t\t<\/h3>\n\n\t\t\t\t\t\t<\/div>\n\t\t\t\t\t<\/a>\n\t\t\t\t<\/div>\n\t\t\t\t\t\t\t\t\n\t\t\t\t\t\t\t\t\t\t<div class=\"page-item grid-item post-277 page type-page status-publish hentry\">\n\t\t\t\t\t<a href=\"https:\/\/prostkey.pl\/faq\/\">\n\t\t\t\t\t\t<div class=\"post-item-wrap\">\n\n\t\t\t\t\t\t\t\t\t\t\t\t\t\t\t<div class=\"icon\">\n\t\t\t\t\t\t\t\t\t<span class=\"tractor-compass\"><\/span>\n\t\t\t\t\t\t\t\t<\/div>\n\t\t\t\t\t\t\t\n\t\t\t\t\t\t\t<h3 class=\"post-title\">\n\t\t\t\t\t\t\t\tFAQ\t\t\t\t\t\t\t<\/h3>\n\n\t\t\t\t\t\t<\/div>\n\t\t\t\t\t<\/a>\n\t\t\t\t<\/div>\n\t\t\t\t\t\t\t\t\n\t\t\t\t\t\t\t\t\t\t<div class=\"page-item grid-item post-2823 page type-page status-publish hentry\">\n\t\t\t\t\t<a href=\"https:\/\/prostkey.pl\/de\/uber-uns\/ue-zuschuesse\/\">\n\t\t\t\t\t\t<div class=\"post-item-wrap\">\n\n\t\t\t\t\t\t\t\t\t\t\t\t\t\t\t<div class=\"icon\">\n\t\t\t\t\t\t\t\t\t<span class=\"tractor-bookmark\"><\/span>\n\t\t\t\t\t\t\t\t<\/div>\n\t\t\t\t\t\t\t\n\t\t\t\t\t\t\t<h3 class=\"post-title\">\n\t\t\t\t\t\t\t\tUE ZUSCH\u00dcSSE\t\t\t\t\t\t\t<\/h3>\n\n\t\t\t\t\t\t<\/div>\n\t\t\t\t\t<\/a>\n\t\t\t\t<\/div>\n\t\t\t\t\t\t\t\t\t<\/div>\n<\/div>\n<\/div><\/div><\/div><\/div><\/div><\/div>\t\t<\/div>\n\t<\/div>\n<\/div>\n<\/div><\/div><\/div><\/div><div class=\"vc_row-full-width vc_clearfix\"><\/div><div id=\"tm-row-69e089bbde176\" data-vc-full-width=\"true\" data-vc-full-width-init=\"false\" class=\"vc_row vc_row-outer vc_row-fluid\"><div id=\"tm-column-69e089bbde435\" class=\"wpb_column vc_column_container vc_col-sm-12\"><div class=\"vc_column-inner\"><div class=\"wpb_wrapper\"><div id=\"tm-row-inner-69e089bbde676\" class=\"vc_row vc_inner vc_row-fluid\"><div id=\"tm-column-inner-69e089bbde88d\" class=\"wpb_column vc_column_container vc_col-sm-12\"><div class=\"vc_column-inner\"><div class=\"wpb_wrapper\"><div class=\"tm-spacer\" id=\"tm-spacer-69e089bbdea54\"><\/div>\n\n<div class=\"tm-heading with-separator-05 left tm-animation move-up\" id=\"tm-heading-69e089bbdeaf6\">\n\t<h1 class=\"heading\" >\u00d6kologische L\u00f6sungen<\/h1><\/div>\n\n\n<div class=\"tm-heading vc_custom_1597989699334  left tm-animation move-up\" id=\"tm-heading-69e089bbdeeb5\">\n\t<p class=\"heading\" >Heutzutage werden Verpackungen sowohl in hoch entwickelten L\u00e4ndern als auch in Entwicklungsl\u00e4ndern in gro\u00dfem Umfang eingesetzt. Sie sind so tief in unserem t\u00e4glichen Leben verwurzelt, dass es heute ohne sie nicht m\u00f6glich w\u00e4re, zu funktionieren. Sie erf\u00fcllen viele Funktionen: Schutz, Transport, Information und Marketing. Gleichzeitig sind sie eine Quelle vieler zivilisatorischer Bedrohungen. Erstens wachsen Haufen gebrauchter Verpackungen rasant, verschmutzte W\u00e4lder, Meere, Seen, \"fliegende\" Folienverpackungen. Zweitens die \u00fcberm\u00e4\u00dfige Nutzung nat\u00fcrlicher Ressourcen, Wasser und CO2-Emissionen.<\/p><\/div>\n\n<div class=\"tm-image  tm-animation move-up\" id=\"tm-image-69e089bbdf12f\">\n\t\t\t<div class=\"image\"><img src=\"https:\/\/prostkey.pl\/wp-content\/uploads\/2020\/04\/obieg-zamki\u0119ty.png\" alt=\"obieg zamki\u0119ty\" \/><\/div>\t\t<\/div>\n<div class=\"tm-spacer\" id=\"tm-spacer-69e089bbdfe54\"><\/div>\n\n<div class=\"tm-heading vc_custom_1597990001078  left tm-animation move-up\" id=\"tm-heading-69e089bbdfefd\">\n\t<p class=\"heading\" >Tatsache ist, dass wir jedes Jahr mehr und mehr M\u00fcll produzieren. Nach den neuesten Daten (GUS) produziert der durchschnittliche Pole 315 kg pro Jahr. Im Vergleich zu anderen EU-L\u00e4ndern liegen wir auf dem 14. Platz. Nach Angaben der Weltbank werden die Weltbev\u00f6lkerung im Jahr 2050 bis zu 3,4 Milliarden feste Abf\u00e4lle erzeugen. Eine M\u00f6glichkeit, die Abfallmenge zu reduzieren, ist das Recycling, d. H. Die Wiederverwendung. Zur Wiederverwendung geeignet sind: Papier, Glas, Holz, Kunststoff, Metalle. Einige von ihnen k\u00f6nnen sogar mehrmals verarbeitet werden, einschlie\u00dflich Papier.<\/p><\/div>\n\n\n<div class=\"tm-heading vc_custom_1597989899725  left tm-animation move-up\" id=\"tm-heading-69e089bbe01c8\">\n\t<p class=\"heading\" >Verpackungen aus Papier und Pappe scheinen dem Konzept der umweltfreundlichen Verpackung am n\u00e4chsten zu kommen. Sie bestehen aus Materialien:<\/p><\/div>\n\n\n\n\t<div class=\"tm-list  style-icon tm-animation move-up\" id=\"tm-list-69e089bbe054b\">\n\t\t\t\t\t<div class=\"list-item\">\n\n\t\t\t\t<div class=\"list-header\">\n\t\t\t\t\t<div class=\"marker\">\n\n\t\t\t\t\t\t\t\t\t\t\t\t\t<i class=\"tm-list__icon ion-ios-checkmark-outline\"><\/i>\n\t\t\t\t\t\t\n\t\t\t\t\t<\/div>\n\n\t\t\t\t\t<div class=\"title-wrap\">\n\t\t\t\t\t\t\t\t\t\t\t\t\t<h6 class=\"title\">\n\t\t\t\t\t\t\t\t\t\t\t\t\t\t\t\t\t&nbsp;nat\u00fcrlich\n\t\t\t\t\t\t\t\t\t\n\t\t\t\t\t\t\t\t\t\t\t\t\t\t\t\t<\/h6>\n\t\t\t\t\t\t\n\t\t\t\t\t\t\t\t\t\t\t\t\t\t\t\t\t\t\t\t\t\t\t\t<\/div>\n\t\t\t\t<\/div>\n\n\t\t\t\t\n\t\t\t<\/div>\n\t\t\t\t\t<div class=\"list-item\">\n\n\t\t\t\t<div class=\"list-header\">\n\t\t\t\t\t<div class=\"marker\">\n\n\t\t\t\t\t\t\t\t\t\t\t\t\t<i class=\"tm-list__icon ion-ios-checkmark-outline\"><\/i>\n\t\t\t\t\t\t\n\t\t\t\t\t<\/div>\n\n\t\t\t\t\t<div class=\"title-wrap\">\n\t\t\t\t\t\t\t\t\t\t\t\t\t<h6 class=\"title\">\n\t\t\t\t\t\t\t\t\t\t\t\t\t\t\t\t\t&nbsp;verl\u00e4ngerbar\n\t\t\t\t\t\t\t\t\t\n\t\t\t\t\t\t\t\t\t\t\t\t\t\t\t\t<\/h6>\n\t\t\t\t\t\t\n\t\t\t\t\t\t\t\t\t\t\t\t\t\t\t\t\t\t\t\t\t\t\t\t<\/div>\n\t\t\t\t<\/div>\n\n\t\t\t\t\n\t\t\t<\/div>\n\t\t\t\t\t<div class=\"list-item\">\n\n\t\t\t\t<div class=\"list-header\">\n\t\t\t\t\t<div class=\"marker\">\n\n\t\t\t\t\t\t\t\t\t\t\t\t\t<i class=\"tm-list__icon ion-ios-checkmark-outline\"><\/i>\n\t\t\t\t\t\t\n\t\t\t\t\t<\/div>\n\n\t\t\t\t\t<div class=\"title-wrap\">\n\t\t\t\t\t\t\t\t\t\t\t\t\t<h6 class=\"title\">\n\t\t\t\t\t\t\t\t\t\t\t\t\t\t\t\t\t&nbsp;recycelbar\n\t\t\t\t\t\t\t\t\t\n\t\t\t\t\t\t\t\t\t\t\t\t\t\t\t\t<\/h6>\n\t\t\t\t\t\t\n\t\t\t\t\t\t\t\t\t\t\t\t\t\t\t\t\t\t\t\t\t\t\t\t<\/div>\n\t\t\t\t<\/div>\n\n\t\t\t\t\n\t\t\t<\/div>\n\t\t\t<\/div>\n\n\t<div class=\"tm-spacer\" id=\"tm-spacer-69e089bbe089e\"><\/div>\n<\/div><\/div><\/div><\/div><div class=\"tm-spacer\" id=\"tm-spacer-69e089bbe08f9\"><\/div>\n<\/div><\/div><\/div><\/div><div class=\"vc_row-full-width vc_clearfix\"><\/div><div id=\"tm-row-69e089bbe0a29\" data-vc-full-width=\"true\" data-vc-full-width-init=\"false\" data-vc-stretch-content=\"true\" class=\"vc_row vc_row-outer vc_row-fluid vc_row-no-padding vc_row-o-content-middle vc_row-flex\"><div data-src=\"https:\/\/prostkey.pl\/wp-content\/uploads\/2020\/03\/message.png\" id=\"tm-column-69e089bbe0dbe\" class=\"wpb_column vc_column_container vc_col-sm-6 tm-lazy-load\"><div class=\"vc_column-inner\"><div class=\"wpb_wrapper\">\n<div class=\"tm-heading  center tm-animation move-up\" id=\"tm-heading-69e089bbe107f\">\n\t<div class=\"heading\" >Email: export@prostkey.pl<\/div><\/div>\n\n<\/div><\/div><\/div><div data-src=\"https:\/\/prostkey.pl\/wp-content\/uploads\/2020\/03\/home_01_13.png\" id=\"tm-column-69e089bbe1537\" class=\"wpb_column vc_column_container vc_col-sm-6 tm-lazy-load\"><div class=\"vc_column-inner\"><div class=\"wpb_wrapper\">\n<div class=\"tm-heading  center tm-animation move-up\" id=\"tm-heading-69e089bbe17c5\">\n\t<div class=\"heading\" >Telefon: +48 87 737 12 30<\/div><\/div>\n\n<\/div><\/div><\/div><\/div><div class=\"vc_row-full-width vc_clearfix\"><\/div>","protected":false},"excerpt":{"rendered":"Bei Prost-Key handeln wir verantwortungsbewusst Wir bei PROST-KEY Packaging sind uns bewusst, dass unser Handeln Auswirkungen auf den Planeten hat. Wir achten darauf, die negativen Auswirkungen auf die Umwelt so gering wie m\u00f6glich zu halten. Bei der Gestaltung unserer Verpackungen wenden wir das Prinzip der Reduzierung des Rohstoffverbrauchs an. Wir verwenden Rohstoffe aus zertifizierten Quellen (FSC\u00ae-Zertifikat) sowie recycelte Materialien. Wir sorgen seit Jahren f\u00fcr eine ordnungsgem\u00e4\u00dfe Abfalltrennung. Nicht verwendete Bl\u00e4tter und Produktionsabf\u00e4lle werden gepresst und dann zum Recycling in die M\u00fchle zur\u00fcckgef\u00fchrt. Wir bem\u00fchen uns, dass unser Produktionsprozess und unsere Produkte so umweltfreundlich wie m\u00f6glich sind. Recycling Unsere Verpackung ist recycelbar. Der Trennung Wir sorgen daf\u00fcr, dass die bei der Herstellung der Verpackung anfallenden Abf\u00e4lle in die entsprechenden Beh\u00e4lter gelangen. Rationalit\u00e4t Wir verwalten Ressourcen rational. \u00d6kologie Wir verwenden \u00f6kologische Rohstoffe: sowohl Papiere als auch Farben. Bewusstsein Auf dem Gel\u00e4nde unseres Werks stehen f\u00fcr die Mitarbeiter \u00f6kologische M\u00fclleimer zur M\u00fclltrennung zur Verf\u00fcgung. FSC Wir kaufen FSC-zertifizierte Rohstoffe, was bedeutet, dass sie im Rahmen einer verantwortungsvollen Waldbewirtschaftung gewonnen wurden. UBER UNS GESCHICHTE QUALITATSSTANDARD DER UMWELTSCHUTZ FAQ UE ZUSCH\u00dcSSE \u00d6kologische L\u00f6sungen Heutzutage werden Verpackungen sowohl in hoch entwickelten L\u00e4ndern als auch in Entwicklungsl\u00e4ndern in gro\u00dfem Umfang eingesetzt. Sie sind so tief in unserem t\u00e4glichen Leben verwurzelt, dass es heute ohne sie nicht m\u00f6glich w\u00e4re, zu funktionieren. Sie erf\u00fcllen viele Funktionen: Schutz, Transport, Information und Marketing. Gleichzeitig sind sie eine Quelle vieler zivilisatorischer Bedrohungen. Erstens wachsen Haufen gebrauchter Verpackungen rasant, verschmutzte W\u00e4lder, Meere, Seen, \"fliegende\" Folienverpackungen. Zweitens die \u00fcberm\u00e4\u00dfige Nutzung nat\u00fcrlicher Ressourcen, Wasser und CO2-Emissionen. Tatsache ist, dass wir jedes Jahr mehr und mehr M\u00fcll produzieren. Nach den neuesten Daten (GUS) produziert der durchschnittliche Pole 315 kg pro Jahr. Im Vergleich zu anderen EU-L\u00e4ndern liegen wir auf dem 14. Platz. Nach Angaben der Weltbank werden die Weltbev\u00f6lkerung im Jahr 2050 bis zu 3,4 Milliarden feste Abf\u00e4lle erzeugen. Eine M\u00f6glichkeit, die Abfallmenge zu reduzieren, ist das Recycling, d. H. Die Wiederverwendung. Zur Wiederverwendung geeignet sind: Papier, Glas, Holz, Kunststoff, Metalle. Einige von ihnen k\u00f6nnen sogar mehrmals verarbeitet werden, einschlie\u00dflich Papier. Verpackungen aus Papier und Pappe scheinen dem Konzept der umweltfreundlichen Verpackung am n\u00e4chsten zu kommen. Sie bestehen aus Materialien: &nbsp;nat\u00fcrlich &nbsp;verl\u00e4ngerbar &nbsp;recycelbar Email: info@prostkey.pl Telefon: +48 87 737 12 30","protected":false},"author":1,"featured_media":0,"parent":2779,"menu_order":0,"comment_status":"closed","ping_status":"closed","template":"","meta":[],"aioseo_notices":[],"_links":{"self":[{"href":"https:\/\/prostkey.pl\/de\/wp-json\/wp\/v2\/pages\/2818"}],"collection":[{"href":"https:\/\/prostkey.pl\/de\/wp-json\/wp\/v2\/pages"}],"about":[{"href":"https:\/\/prostkey.pl\/de\/wp-json\/wp\/v2\/types\/page"}],"author":[{"embeddable":true,"href":"https:\/\/prostkey.pl\/de\/wp-json\/wp\/v2\/users\/1"}],"replies":[{"embeddable":true,"href":"https:\/\/prostkey.pl\/de\/wp-json\/wp\/v2\/comments?post=2818"}],"version-history":[{"count":5,"href":"https:\/\/prostkey.pl\/de\/wp-json\/wp\/v2\/pages\/2818\/revisions"}],"predecessor-version":[{"id":4701,"href":"https:\/\/prostkey.pl\/de\/wp-json\/wp\/v2\/pages\/2818\/revisions\/4701"}],"up":[{"embeddable":true,"href":"https:\/\/prostkey.pl\/de\/wp-json\/wp\/v2\/pages\/2779"}],"wp:attachment":[{"href":"https:\/\/prostkey.pl\/de\/wp-json\/wp\/v2\/media?parent=2818"}],"curies":[{"name":"wp","href":"https:\/\/api.w.org\/{rel}","templated":true}]}}