{"id":2823,"date":"2020-08-21T08:51:43","date_gmt":"2020-08-21T06:51:43","guid":{"rendered":"https:\/\/prostkey.pl\/?page_id=2823"},"modified":"2025-04-10T11:28:30","modified_gmt":"2025-04-10T09:28:30","slug":"ue-zuschuesse","status":"publish","type":"page","link":"https:\/\/prostkey.pl\/de\/uber-uns\/ue-zuschuesse\/","title":{"rendered":"UE ZUSCH\u00dcSSE"},"content":{"rendered":"<div id=\"tm-row-69e08e3841edf\" class=\"vc_row vc_row-outer vc_row-fluid\"><div id=\"tm-column-69e08e38422a8\" class=\"wpb_column vc_column_container vc_col-sm-12\"><div class=\"vc_column-inner\"><div class=\"wpb_wrapper\"><div id=\"tm-row-inner-69e08e3842510\" class=\"vc_row vc_inner vc_row-fluid vc_row-o-content-middle vc_row-flex\"><div id=\"tm-column-inner-69e08e3842744\" class=\"wpb_column vc_column_container vc_col-sm-4\"><div class=\"vc_column-inner\"><div class=\"wpb_wrapper\"><div class=\"tm-image  tm-animation move-up\" id=\"tm-image-69e08e384289f\">\n\t\t\t<div class=\"image\"><img src=\"https:\/\/prostkey.pl\/wp-content\/uploads\/2020\/03\/FE_POPW.jpg\" alt=\"FE_POPW_poziom_pl\" \/><\/div>\t\t<\/div>\n<\/div><\/div><\/div><div id=\"tm-column-inner-69e08e3843432\" class=\"wpb_column vc_column_container vc_col-sm-4\"><div class=\"vc_column-inner\"><div class=\"wpb_wrapper\"><div class=\"tm-image  tm-animation move-up\" id=\"tm-image-69e08e3843590\">\n\t\t\t<div class=\"image\"><img src=\"https:\/\/prostkey.pl\/wp-content\/uploads\/2020\/03\/RP.jpg\" alt=\"znak_barw_rp_poziom_szara_ramka_cmyk\" \/><\/div>\t\t<\/div>\n<\/div><\/div><\/div><div id=\"tm-column-inner-69e08e3843c91\" class=\"wpb_column vc_column_container vc_col-sm-4\"><div class=\"vc_column-inner\"><div class=\"wpb_wrapper\"><div class=\"tm-image  tm-animation move-up\" id=\"tm-image-69e08e3843dc1\">\n\t\t\t<div class=\"image\"><img src=\"https:\/\/prostkey.pl\/wp-content\/uploads\/2020\/03\/UE2.jpg\" alt=\"FE_POPC_poziom_pl\" \/><\/div>\t\t<\/div>\n<\/div><\/div><\/div><\/div><\/div><\/div><\/div><\/div><div id=\"tm-row-69e08e384450f\" class=\"vc_row vc_row-outer vc_row-fluid\"><div id=\"tm-column-69e08e38446ee\" class=\"wpb_column vc_column_container vc_col-sm-12\"><div class=\"vc_column-inner\"><div class=\"wpb_wrapper\">\n<div class=\"tm-heading  center tm-animation move-up\" id=\"tm-heading-69e08e3844887\">\n\t<h2 class=\"heading\" >Derzeit f\u00fchren wir folgende von der Europ\u00e4ischen Union kofinanzierte Projekte durch:<\/h2><\/div>\n\n<\/div><\/div><\/div><\/div><div id=\"tm-row-69e08e3844bb2\" class=\"vc_row vc_row-outer vc_row-fluid\"><div id=\"tm-column-69e08e3844e72\" class=\"wpb_column vc_column_container vc_col-sm-8\"><div class=\"vc_column-inner\"><div class=\"wpb_wrapper\">\n<div class=\"tm-heading vc_custom_1597992434957  left tm-animation move-up\" id=\"tm-heading-69e08e3845084\">\n\t<div class=\"heading\" >Projekttitel<\/div><\/div>\n\n\n<div class=\"tm-heading  left tm-animation move-up\" id=\"tm-heading-69e08e38453c7\">\n\t<div class=\"heading\" >Umsetzung der Ergebnisse der Forschungs- und Entwicklungsarbeiten an Wellpappenverpackungen f\u00fcr die Lebensmittelindustrie<br \/>\nPROST-KEY PACKAGING<\/div><\/div>\n\n<div class=\"tm-spacer\" id=\"tm-spacer-69e08e384568d\"><\/div>\n\n<div class=\"tm-heading  left tm-animation move-up\" id=\"tm-heading-69e08e384571d\">\n\t<div class=\"heading\" >Im Rahmen des Betriebsprogramms f\u00fcr intelligente Entwicklung<br \/>\nPriorit\u00e4tsachse<br \/>\n3 Unterst\u00fctzung von Innovationen in Unternehmen<br \/>\nMa\u00dfnahme<br \/>\n3.2 Unterst\u00fctzung bei der Umsetzung der FuE-Ergebnisse<br \/>\nTeilma\u00dfnahme<br \/>\n3.2.1 Marktforschung<\/p>\n<p>I Stufe. Aufgabe 1<\/div><\/div>\n\n<div class=\"tm-spacer\" id=\"tm-spacer-69e08e3845925\"><\/div>\n\n\n\t<div class=\"tm-list  style-icon tm-animation move-up\" id=\"tm-list-69e08e3845a53\">\n\t\t\t\t\t<div class=\"list-item\">\n\n\t\t\t\t<div class=\"list-header\">\n\t\t\t\t\t<div class=\"marker\">\n\n\t\t\t\t\t\t\t\t\t\t\t\t\t<i class=\"tm-list__icon ion-android-done-all\"><\/i>\n\t\t\t\t\t\t\n\t\t\t\t\t<\/div>\n\n\t\t\t\t\t<div class=\"title-wrap\">\n\t\t\t\t\t\t\t\t\t\t\t\t\t<h6 class=\"title\">\n\t\t\t\t\t\t\t\t\t\t\t\t\t\t\t\t\tZweck des Projekts:\n\t\t\t\t\t\t\t\t\t\n\t\t\t\t\t\t\t\t\t\t\t\t\t\t\t\t<\/h6>\n\t\t\t\t\t\t\n\t\t\t\t\t\t\t\t\t\t\t\t\t\t\t\t\t\t\t\t\t<div class=\"desc\">\n\t\t\t\t\t\t\t\t\tUmsetzung der Ergebnisse der eigenen F &amp; E-Arbeiten des Antragstellers und Beginn der Produktion neuer, niedrigwelliger Wellpappenverpackungen mit erh\u00f6hten Festigkeitsparametern, die bisher nicht angeboten wurden.\t\t\t\t\t\t\t\t<\/div>\n\t\t\t\t\t\t\t\t\t\t\t\t\t\t\t\t\t\t<\/div>\n\t\t\t\t<\/div>\n\n\t\t\t\t\n\t\t\t<\/div>\n\t\t\t\t\t<div class=\"list-item\">\n\n\t\t\t\t<div class=\"list-header\">\n\t\t\t\t\t<div class=\"marker\">\n\n\t\t\t\t\t\t\t\t\t\t\t\t\t<i class=\"tm-list__icon ion-arrow-graph-up-right\"><\/i>\n\t\t\t\t\t\t\n\t\t\t\t\t<\/div>\n\n\t\t\t\t\t<div class=\"title-wrap\">\n\t\t\t\t\t\t\t\t\t\t\t\t\t<h6 class=\"title\">\n\t\t\t\t\t\t\t\t\t\t\t\t\t\t\t\t\tGeplante Effekte:\n\t\t\t\t\t\t\t\t\t\n\t\t\t\t\t\t\t\t\t\t\t\t\t\t\t\t<\/h6>\n\t\t\t\t\t\t\n\t\t\t\t\t\t\t\t\t\t\t\t\t\t\t\t\t\t\t\t\t\t\t\t<\/div>\n\t\t\t\t<\/div>\n\n\t\t\t\t\n\t\t\t<\/div>\n\t\t\t<\/div>\n\n\t\n<div class=\"tm-heading vc_custom_1597992644790  left tm-animation move-up\" id=\"tm-heading-69e08e3845e13\">\n\t<div class=\"heading\" >- Herstellung von Wellpappenverpackungen mit erh\u00f6hten Festigkeitsparametern<br \/>\n- Diversifizierung des Angebots, um neue Kunden zu gewinnen<br \/>\n- das Image eines Anbieters innovativer L\u00f6sungen aufbauen<\/div><\/div>\n\n<\/div><\/div><\/div><div id=\"tm-column-69e08e3846130\" class=\"wpb_column vc_column_container vc_col-sm-4\"><div class=\"vc_column-inner\"><div class=\"wpb_wrapper\"><div class=\"tm-spacer\" id=\"tm-spacer-69e08e3846263\"><\/div>\n<div class=\"tm-attribute-list  style-01 tm-animation move-up\" id=\"tm-attribute-list-69e08e384630e\">\n\t<ul>\n\t\t\t\t\t\t\t\t\t<li>\n\t\t\t\t\t<div class=\"icon\">\n\t\t\t\t\t\t\t\t\t\t\t\t\t<span class=\"ion-ios-location\"><\/span>\n\t\t\t\t\t\t\t\t\t\t\t<\/div>\n\n\t\t\t\t\t<div class=\"content\">\n\t\t\t\t\t\t<span class=\"name\">Standort:<\/span>\n\t\t\t\t\t\t<span class=\"value\">Polen<\/span>\n\t\t\t\t\t<\/div>\n\t\t\t\t<\/li>\n\t\t\t\t\t\t\t\t\t\t\t\t<li>\n\t\t\t\t\t<div class=\"icon\">\n\t\t\t\t\t\t\t\t\t\t\t\t\t<span class=\"ion-cash\"><\/span>\n\t\t\t\t\t\t\t\t\t\t\t<\/div>\n\n\t\t\t\t\t<div class=\"content\">\n\t\t\t\t\t\t<span class=\"name\">Projektwert:<\/span>\n\t\t\t\t\t\t<span class=\"value\">30 038 500,00 PLN<\/span>\n\t\t\t\t\t<\/div>\n\t\t\t\t<\/li>\n\t\t\t\t\t\t\t\t\t\t\t\t<li>\n\t\t\t\t\t<div class=\"icon\">\n\t\t\t\t\t\t\t\t\t\t\t\t\t<span class=\"ion-arrow-graph-up-right\"><\/span>\n\t\t\t\t\t\t\t\t\t\t\t<\/div>\n\n\t\t\t\t\t<div class=\"content\">\n\t\t\t\t\t\t<span class=\"name\">Der Wert der Kofinanzierung aus europ\u00e4ischen Fonds: <\/span>\n\t\t\t\t\t\t<span class=\"value\">15 023 100,00 PLN<\/span>\n\t\t\t\t\t<\/div>\n\t\t\t\t<\/li>\n\t\t\t\t\t\t<\/ul>\n<\/div>\n<div class=\"tm-spacer\" id=\"tm-spacer-69e08e3846377\"><\/div>\n<\/div><\/div><\/div><\/div><div id=\"tm-row-69e08e38464b6\" class=\"vc_row vc_row-outer vc_row-fluid\"><div id=\"tm-column-69e08e384666e\" class=\"wpb_column vc_column_container vc_col-sm-12\"><div class=\"vc_column-inner\"><div class=\"wpb_wrapper\"><div class=\"tm-separator  style-single-line\" id=\"tm-separator-69e08e38467cd\">\n\t<div class=\"separator-wrap\"\n\t\t\t>\n\n\t\t\n\t<\/div>\n<\/div>\n<\/div><\/div><\/div><\/div><div data-src=\"https:\/\/prostkey.pl\/wp-content\/uploads\/2020\/03\/testi-h8-bg.png\" id=\"tm-row-69e08e3846ac3\" data-vc-full-width=\"true\" data-vc-full-width-init=\"false\" class=\"vc_row vc_row-outer vc_row-fluid tm-lazy-load\"><div id=\"tm-column-69e08e3846d8b\" class=\"wpb_column vc_column_container vc_col-sm-8\"><div class=\"vc_column-inner\"><div class=\"wpb_wrapper\">\n<div class=\"tm-heading vc_custom_1597992812853  left tm-animation move-up\" id=\"tm-heading-69e08e3846f17\">\n\t<div class=\"heading\" >Projekttitel<\/div><\/div>\n\n\n<div class=\"tm-heading  left tm-animation move-up\" id=\"tm-heading-69e08e38471d0\">\n\t<div class=\"heading\" >Verbesserung der Wettbewerbsf\u00e4higkeit von PROST - KEY PACKAGING SOBOLEWSCY SP\u00d3\u0141KA JAWNA durch modernes Design<\/div><\/div>\n\n<div class=\"tm-spacer\" id=\"tm-spacer-69e08e384741a\"><\/div>\n\n<div class=\"tm-heading  left tm-animation move-up\" id=\"tm-heading-69e08e3847497\">\n\t<div class=\"heading\" >Unter: Einsatzprogramm Ostpolen 2014-2020<br \/>\nPriorit\u00e4tsachse 1 Unternehmerisches Ostpolen<br \/>\nAktionen: 1.4 Formel f\u00fcr den Wettbewerb<br \/>\n1. Stufe. Aufgabe 1<br \/>\n<\/div><\/div>\n\n<div class=\"tm-spacer\" id=\"tm-spacer-69e08e38476bc\"><\/div>\n\n<div class=\"tm-heading vc_custom_1597992883172  left tm-animation move-up\" id=\"tm-heading-69e08e384775b\">\n\t<div class=\"heading\" >Kurzbeschreibung des Projekts:<\/div><\/div>\n\n\n<div class=\"tm-heading  left tm-animation move-up\" id=\"tm-heading-69e08e3847993\">\n\t<div class=\"heading\" >Aufgabe 1<br \/>\nDurchf\u00fchrung eines Design-Audits<br \/>\n\u00dcbung 2<br \/>\nBericht \u00fcber ein Entwurfsaudit, d. H. Eine Entwurfsstrategie, die auf der Grundlage eines Entwurfsaudits entwickelt wurde.<br \/>\n<\/div><\/div>\n\n\n\n\t<div class=\"tm-list  style-icon tm-animation move-up\" id=\"tm-list-69e08e3847cfa\">\n\t\t\t\t\t<div class=\"list-item\">\n\n\t\t\t\t<div class=\"list-header\">\n\t\t\t\t\t<div class=\"marker\">\n\n\t\t\t\t\t\t\t\t\t\t\t\t\t<i class=\"tm-list__icon ion-android-done-all\"><\/i>\n\t\t\t\t\t\t\n\t\t\t\t\t<\/div>\n\n\t\t\t\t\t<div class=\"title-wrap\">\n\t\t\t\t\t\t\t\t\t\t\t\t\t<h6 class=\"title\">\n\t\t\t\t\t\t\t\t\t\t\t\t\t\t\t\t\tZweck des Projekts:\n\t\t\t\t\t\t\t\t\t\n\t\t\t\t\t\t\t\t\t\t\t\t\t\t\t\t<\/h6>\n\t\t\t\t\t\t\n\t\t\t\t\t\t\t\t\t\t\t\t\t\t\t\t\t\t\t\t\t<div class=\"desc\">\n\t\t\t\t\t\t\t\t\tZiel des Projekts ist es, die Wettbewerbsf\u00e4higkeit von PROST-KEY PACKAGING SOBOLEWSCY SP\u00d3\u0141KA JAWNA zu steigern, indem das Potenzial im Bereich des geschickten Designmanagements und des Einsatzes von Design in Unternehmen gest\u00e4rkt wird. Es ist geplant, das Angebot des Unternehmens auf der Grundlage der im Rahmen des Projekts entwickelten Produktentwicklungsstrategie um neue oder verbesserte Produkte zu erweitern. Dar\u00fcber hinaus ist geplant, neue Dienste zu schaffen und bestehende zu verbessern, damit sie f\u00fcr Kunden n\u00fctzlicher und attraktiver werden.\t\t\t\t\t\t\t\t<\/div>\n\t\t\t\t\t\t\t\t\t\t\t\t\t\t\t\t\t\t<\/div>\n\t\t\t\t<\/div>\n\n\t\t\t\t\n\t\t\t<\/div>\n\t\t\t\t\t<div class=\"list-item\">\n\n\t\t\t\t<div class=\"list-header\">\n\t\t\t\t\t<div class=\"marker\">\n\n\t\t\t\t\t\t\t\t\t\t\t\t\t<i class=\"tm-list__icon ion-ios-download-outline\"><\/i>\n\t\t\t\t\t\t\n\t\t\t\t\t<\/div>\n\n\t\t\t\t\t<div class=\"title-wrap\">\n\t\t\t\t\t\t\t\t\t\t\t\t\t<h6 class=\"title\">\n\t\t\t\t\t\t\t\t\t\t\t\t\t\t\t\t\tErwartete Auswirkungen des Projekts:\n\t\t\t\t\t\t\t\t\t\n\t\t\t\t\t\t\t\t\t\t\t\t\t\t\t\t<\/h6>\n\t\t\t\t\t\t\n\t\t\t\t\t\t\t\t\t\t\t\t\t\t\t\t\t\t\t\t\t<div class=\"desc\">\n\t\t\t\t\t\t\t\t\tAls Ergebnis des Projekts erwartet der Vorstand die Schaffung neuer Produkte und Dienstleistungen, die den wachsenden Anforderungen der Kunden gerecht werden. Um sie einzuf\u00fchren, m\u00fcssen Sie die Kundenpr\u00e4ferenzen kennenlernen, die Vertriebskan\u00e4le \u00e4ndern und neue Wege der Kommunikation mit Kunden finden. Es wird auch erwartet, dass Aktivit\u00e4ten aufgezeigt werden, die dazu beitragen, das Image des Unternehmens als Hersteller hochwertiger Verpackungen zu st\u00e4rken, den Innovationsgrad durch \u00c4nderungen der angebotenen Produkte zu erh\u00f6hen, den Wissensstand im Bereich Design und Management zu erh\u00f6hen, Empfehlungen zur Optimierung der Produktionsprozesse abzugeben und die angestrebten Aktivit\u00e4ten zu st\u00e4rken Aufbau der Marke des Unternehmens und Steigerung der Umsatzerl\u00f6se. Die entwickelte Entwurfsstrategie und ihre Umsetzung erm\u00f6glichen es, die Richtung von \u00c4nderungen im Zusammenhang mit der Entwicklung des Entwurfs zu bestimmen.\t\t\t\t\t\t\t\t<\/div>\n\t\t\t\t\t\t\t\t\t\t\t\t\t\t\t\t\t\t<\/div>\n\t\t\t\t<\/div>\n\n\t\t\t\t\n\t\t\t<\/div>\n\t\t\t<\/div>\n\n\t<\/div><\/div><\/div><div id=\"tm-column-69e08e384810c\" class=\"wpb_column vc_column_container vc_col-sm-4\"><div class=\"vc_column-inner\"><div class=\"wpb_wrapper\"><div class=\"tm-spacer\" id=\"tm-spacer-69e08e3848244\"><\/div>\n<div class=\"tm-attribute-list  style-01 tm-animation move-up\" id=\"tm-attribute-list-69e08e38482e4\">\n\t<ul>\n\t\t\t\t\t\t\t\t\t<li>\n\t\t\t\t\t<div class=\"icon\">\n\t\t\t\t\t\t\t\t\t\t\t\t\t<span class=\"ion-ios-location\"><\/span>\n\t\t\t\t\t\t\t\t\t\t\t<\/div>\n\n\t\t\t\t\t<div class=\"content\">\n\t\t\t\t\t\t<span class=\"name\">Standort<\/span>\n\t\t\t\t\t\t<span class=\"value\">Polen<\/span>\n\t\t\t\t\t<\/div>\n\t\t\t\t<\/li>\n\t\t\t\t\t\t\t\t\t\t\t\t<li>\n\t\t\t\t\t<div class=\"icon\">\n\t\t\t\t\t\t\t\t\t\t\t\t\t<span class=\"ion-cash\"><\/span>\n\t\t\t\t\t\t\t\t\t\t\t<\/div>\n\n\t\t\t\t\t<div class=\"content\">\n\t\t\t\t\t\t<span class=\"name\">Projektwert:<\/span>\n\t\t\t\t\t\t<span class=\"value\">36 900,00 PLN<\/span>\n\t\t\t\t\t<\/div>\n\t\t\t\t<\/li>\n\t\t\t\t\t\t\t\t\t\t\t\t<li>\n\t\t\t\t\t<div class=\"icon\">\n\t\t\t\t\t\t\t\t\t\t\t\t\t<span class=\"ion-arrow-graph-up-right\"><\/span>\n\t\t\t\t\t\t\t\t\t\t\t<\/div>\n\n\t\t\t\t\t<div class=\"content\">\n\t\t\t\t\t\t<span class=\"name\">Wert der Kofinanzierung aus europ\u00e4ischen Fonds: <\/span>\n\t\t\t\t\t\t<span class=\"value\">25 500,00 PLN<\/span>\n\t\t\t\t\t<\/div>\n\t\t\t\t<\/li>\n\t\t\t\t\t\t<\/ul>\n<\/div>\n<div class=\"tm-spacer\" id=\"tm-spacer-69e08e3848322\"><\/div>\n<\/div><\/div><\/div><\/div><div class=\"vc_row-full-width vc_clearfix\"><\/div><div id=\"tm-row-69e08e384842e\" data-vc-full-width=\"true\" data-vc-full-width-init=\"false\" data-vc-stretch-content=\"true\" class=\"vc_row vc_row-outer vc_row-fluid vc_row-no-padding vc_row-o-content-middle vc_row-flex\"><div data-src=\"https:\/\/prostkey.pl\/wp-content\/uploads\/2020\/03\/message.png\" id=\"tm-column-69e08e3848838\" class=\"wpb_column vc_column_container vc_col-sm-6 tm-lazy-load\"><div class=\"vc_column-inner\"><div class=\"wpb_wrapper\">\n<div class=\"tm-heading  center tm-animation move-up\" id=\"tm-heading-69e08e3848ace\">\n\t<div class=\"heading\" ><a href=\"https:\/\/prostkey.pl\/kontakt\/\">Email: export@prostkey.pl<\/a><\/div><\/div>\n\n<\/div><\/div><\/div><div data-src=\"https:\/\/prostkey.pl\/wp-content\/uploads\/2020\/03\/home_01_13.png\" id=\"tm-column-69e08e3849003\" class=\"wpb_column vc_column_container vc_col-sm-6 tm-lazy-load\"><div class=\"vc_column-inner\"><div class=\"wpb_wrapper\">\n<div class=\"tm-heading  center tm-animation move-up\" id=\"tm-heading-69e08e3849266\">\n\t<div class=\"heading\" >Telefon: +48 87 737 12 30<\/div><\/div>\n\n<\/div><\/div><\/div><\/div><div class=\"vc_row-full-width vc_clearfix\"><\/div>","protected":false},"excerpt":{"rendered":"Derzeit f\u00fchren wir folgende von der Europ\u00e4ischen Union kofinanzierte Projekte durch: Projekttitel Umsetzung der Ergebnisse der Forschungs- und Entwicklungsarbeiten an Wellpappenverpackungen f\u00fcr die Lebensmittelindustrie PROST-KEY PACKAGING Im Rahmen des Betriebsprogramms f\u00fcr intelligente Entwicklung Priorit\u00e4tsachse 3 Unterst\u00fctzung von Innovationen in Unternehmen Ma\u00dfnahme 3.2 Unterst\u00fctzung bei der Umsetzung der FuE-Ergebnisse Teilma\u00dfnahme 3.2.1 Marktforschung I Stufe. Aufgabe 1 Zweck des Projekts: Umsetzung der Ergebnisse der eigenen F &amp; E-Arbeiten des Antragstellers und Beginn der Produktion neuer, niedrigwelliger Wellpappenverpackungen mit erh\u00f6hten Festigkeitsparametern, die bisher nicht angeboten wurden. Geplante Effekte: - Herstellung von Wellpappenverpackungen mit erh\u00f6hten Festigkeitsparametern - Diversifizierung des Angebots, um neue Kunden zu gewinnen - das Image eines Anbieters innovativer L\u00f6sungen aufbauen Standort: Polen Projektwert: 30 038 500,00 PLN Der Wert der Kofinanzierung aus europ\u00e4ischen Fonds: 15 023 100,00 PLN Projekttitel Verbesserung der Wettbewerbsf\u00e4higkeit von PROST - KEY PACKAGING SOBOLEWSCY SP\u00d3\u0141KA JAWNA durch modernes Design Unter: Einsatzprogramm Ostpolen 2014-2020 Priorit\u00e4tsachse 1 Unternehmerisches Ostpolen Aktionen: 1.4 Formel f\u00fcr den Wettbewerb 1. Stufe. Aufgabe 1 Kurzbeschreibung des Projekts: Aufgabe 1 Durchf\u00fchrung eines Design-Audits \u00dcbung 2 Bericht \u00fcber ein Entwurfsaudit, d. H. Eine Entwurfsstrategie, die auf der Grundlage eines Entwurfsaudits entwickelt wurde. Zweck des Projekts: Ziel des Projekts ist es, die Wettbewerbsf\u00e4higkeit von PROST-KEY PACKAGING SOBOLEWSCY SP\u00d3\u0141KA JAWNA zu steigern, indem das Potenzial im Bereich des geschickten Designmanagements und des Einsatzes von Design in Unternehmen gest\u00e4rkt wird. Es ist geplant, das Angebot des Unternehmens auf der Grundlage der im Rahmen des Projekts entwickelten Produktentwicklungsstrategie um neue oder verbesserte Produkte zu erweitern. Dar\u00fcber hinaus ist geplant, neue Dienste zu schaffen und bestehende zu verbessern, damit sie f\u00fcr Kunden n\u00fctzlicher und attraktiver werden. Erwartete Auswirkungen des Projekts: Als Ergebnis des Projekts erwartet der Vorstand die Schaffung neuer Produkte und Dienstleistungen, die den wachsenden Anforderungen der Kunden gerecht werden. Um sie einzuf\u00fchren, m\u00fcssen Sie die Kundenpr\u00e4ferenzen kennenlernen, die Vertriebskan\u00e4le \u00e4ndern und neue Wege der Kommunikation mit Kunden finden. Es wird auch erwartet, dass Aktivit\u00e4ten aufgezeigt werden, die dazu beitragen, das Image des Unternehmens als Hersteller hochwertiger Verpackungen zu st\u00e4rken, den Innovationsgrad durch \u00c4nderungen der angebotenen Produkte zu erh\u00f6hen, den Wissensstand im Bereich Design und Management zu erh\u00f6hen, Empfehlungen zur Optimierung der Produktionsprozesse abzugeben und die angestrebten Aktivit\u00e4ten zu st\u00e4rken Aufbau der Marke des Unternehmens und Steigerung der Umsatzerl\u00f6se. Die entwickelte Entwurfsstrategie und ihre Umsetzung erm\u00f6glichen es, die Richtung von \u00c4nderungen im Zusammenhang mit der Entwicklung des Entwurfs zu bestimmen. Standort Polen Projektwert: 36 900,00 PLN Wert der Kofinanzierung aus europ\u00e4ischen Fonds: 25 500,00 PLN Email: info@prostkey.pl Telefon: +48 87 737 12 30","protected":false},"author":1,"featured_media":0,"parent":2779,"menu_order":0,"comment_status":"closed","ping_status":"closed","template":"","meta":[],"aioseo_notices":[],"_links":{"self":[{"href":"https:\/\/prostkey.pl\/de\/wp-json\/wp\/v2\/pages\/2823"}],"collection":[{"href":"https:\/\/prostkey.pl\/de\/wp-json\/wp\/v2\/pages"}],"about":[{"href":"https:\/\/prostkey.pl\/de\/wp-json\/wp\/v2\/types\/page"}],"author":[{"embeddable":true,"href":"https:\/\/prostkey.pl\/de\/wp-json\/wp\/v2\/users\/1"}],"replies":[{"embeddable":true,"href":"https:\/\/prostkey.pl\/de\/wp-json\/wp\/v2\/comments?post=2823"}],"version-history":[{"count":2,"href":"https:\/\/prostkey.pl\/de\/wp-json\/wp\/v2\/pages\/2823\/revisions"}],"predecessor-version":[{"id":2827,"href":"https:\/\/prostkey.pl\/de\/wp-json\/wp\/v2\/pages\/2823\/revisions\/2827"}],"up":[{"embeddable":true,"href":"https:\/\/prostkey.pl\/de\/wp-json\/wp\/v2\/pages\/2779"}],"wp:attachment":[{"href":"https:\/\/prostkey.pl\/de\/wp-json\/wp\/v2\/media?parent=2823"}],"curies":[{"name":"wp","href":"https:\/\/api.w.org\/{rel}","templated":true}]}}