{"id":2836,"date":"2020-08-24T08:42:20","date_gmt":"2020-08-24T06:42:20","guid":{"rendered":"https:\/\/prostkey.pl\/?page_id=2836"},"modified":"2025-04-10T11:30:27","modified_gmt":"2025-04-10T09:30:27","slug":"karton","status":"publish","type":"page","link":"https:\/\/prostkey.pl\/de\/angebot\/karton\/","title":{"rendered":"KARTON"},"content":{"rendered":"<div data-src=\"https:\/\/prostkey.pl\/wp-content\/uploads\/2020\/03\/home_00_09.png\" id=\"tm-row-69e08ee2dd734\" data-vc-full-width=\"true\" data-vc-full-width-init=\"false\" class=\"vc_row vc_row-outer vc_row-fluid tm-lazy-load vc_row-o-content-middle vc_row-flex\"><div id=\"tm-column-69e08ee2ddbbf\" class=\"top wpb_column vc_column_container vc_col-sm-6\"><div class=\"vc_column-inner\"><div class=\"wpb_wrapper\">\n<div class=\"tm-heading vc_custom_1598250441995  left tm-animation move-up\" id=\"tm-heading-69e08ee2ddd77\">\n\t<h2 class=\"heading\" >DER KARTON<\/h2><\/div>\n\n\n<div class=\"tm-heading vc_custom_1598250450881 with-separator-05 left\" id=\"tm-heading-69e08ee2ddff2\">\n\t<p class=\"heading\" >KARTONABSTANDHALTER<\/p><\/div>\n\n<\/div><\/div><\/div><div id=\"tm-column-69e08ee2de299\" class=\"wpb_column vc_column_container vc_col-sm-6\"><div class=\"vc_column-inner\"><div class=\"wpb_wrapper\">\n\t<div class=\"wpb_text_column wpb_content_element\" >\n\t\t<div class=\"wpb_wrapper\">\n\t\t\t<p>Wir bei Prost-Key wissen, wie wir Ihnen nicht nur bei der Werbung, sondern auch bei der Sicherung von Waren helfen k\u00f6nnen, z. B. w\u00e4hrend des Transports oder der Lagerung. Aus diesem Grund kreieren und bieten wir verschiedene Kartonprodukte an, einschlie\u00dflich Kartonteiler, die bei unseren Kunden sehr beliebt sind.<\/p>\n\n\t\t<\/div>\n\t<\/div>\n<\/div><\/div><\/div><\/div><div class=\"vc_row-full-width vc_clearfix\"><\/div><div id=\"tm-row-69e08ee2de4ff\" data-vc-full-width=\"true\" data-vc-full-width-init=\"false\" class=\"vc_row vc_row-outer vc_row-fluid vc_row-o-content-middle vc_row-flex\"><div id=\"tm-column-69e08ee2de72f\" class=\"wpb_column vc_column_container vc_col-sm-6\"><div class=\"vc_column-inner\"><div class=\"wpb_wrapper\"><div class=\"tm-image  tm-animation move-up\" id=\"tm-image-69e08ee2de8b1\">\n\t\t\t<div class=\"image\"><img src=\"https:\/\/prostkey.pl\/wp-content\/uploads\/2020\/07\/tektura.jpg\" alt=\"opakowania kartonowe, tekturowe z nadrukiem\" \/><\/div>\t\t<\/div>\n<div class=\"tm-spacer\" id=\"tm-spacer-69e08ee2df484\"><\/div>\n<\/div><\/div><\/div><div id=\"tm-column-69e08ee2df57d\" class=\"wpb_column vc_column_container vc_col-sm-6\"><div class=\"vc_column-inner\"><div class=\"wpb_wrapper\">\n<div class=\"tm-heading vc_custom_1598435515273 with-separator-05 left\" id=\"tm-heading-69e08ee2df71e\">\n\t<h3 class=\"heading\" >PAPPETEILE<\/h3><\/div>\n\n\n\t<div class=\"wpb_text_column wpb_content_element  vc_custom_1598251260840\" >\n\t\t<div class=\"wpb_wrapper\">\n\t\t\t<h3><strong>Was sind Pappteiler und wof\u00fcr sind sie?<\/strong><\/h3>\n<p>Abstandhalter aus Pappe sind eine hervorragende Alternative zu klassischen Pappkartons und erm\u00f6glichen das Verpacken verschiedener Arten von Produkten, z. B. auf Paletten. Sie eignen sich jedoch gut f\u00fcr viele andere Arten von Sammelverpackungen. Sie erm\u00f6glichen es Ihnen, gro\u00dfe Gegenst\u00e4nde sowie Produkte mit unkonventioneller Form effektiv zu sch\u00fctzen. Dank ihrer Steifheit und dicken Schicht sind sie \u00e4u\u00dferst widerstandsf\u00e4hig gegen verschiedene \u00e4u\u00dfere Faktoren, gew\u00e4hrleisten einen wirksamen Schutz der transportierten oder gelagerten G\u00fcter und sorgen f\u00fcr eine angemessene Stabilisierung.<\/p>\n\n\t\t<\/div>\n\t<\/div>\n<\/div><\/div><\/div><\/div><div class=\"vc_row-full-width vc_clearfix\"><\/div><div id=\"tm-row-69e08ee2dfaed\" class=\"vc_row vc_row-outer vc_row-fluid\"><div id=\"tm-column-69e08ee2dfd50\" class=\"wpb_column vc_column_container vc_col-sm-12\"><div class=\"vc_column-inner\"><div class=\"wpb_wrapper\"><div class=\"tm-spacer\" id=\"tm-spacer-69e08ee2dfe85\"><\/div>\n\n\t<div class=\"wpb_text_column wpb_content_element  vc_custom_1598251336084\" >\n\t\t<div class=\"wpb_wrapper\">\n\t\t\t<h3><strong>Warum Prost-Key?<\/strong><\/h3>\n<p>Abstandhalter aus Pappe werden in verschiedenen Unternehmen verwendet und eignen sich f\u00fcr den Transport und die Lagerung verschiedener Arten von Waren &#8211; einschlie\u00dflich solcher mit gro\u00dfen Abmessungen und nicht standardm\u00e4\u00dfigen Formen. Warum lohnt es sich immer noch, in etwas zu investieren?<\/p>\n<p>Aus starren Wellpappe Pappkarton Trennw\u00e4nden:<\/p>\n<ul>\n<li>Sichern und polstern Sie die Waren w\u00e4hrend des Transports und der Lagerung.<\/li>\n<li>Sie trennen und stabilisieren die auf einer Palette befindlichen Warenschichten.<\/li>\n<li>Perfekt f\u00fcr Renovierungsarbeiten, sch\u00fctzt den Boden und die M\u00f6bel vor Schmutz.<\/li>\n<\/ul>\n<p style=\"text-align: center;\"><a href=\"https:\/\/prostkey.pl\/de\/kontakt-2\/\">Bitte kontaktieren Sie uns<\/a><\/p>\n\n\t\t<\/div>\n\t<\/div>\n<\/div><\/div><\/div><\/div><div id=\"tm-row-69e08ee2e0028\" class=\"vc_row vc_row-outer vc_row-fluid\"><div id=\"tm-column-69e08ee2e01c6\" class=\"wpb_column vc_column_container vc_col-sm-12\"><div class=\"vc_column-inner\"><div class=\"wpb_wrapper\"><div class=\"tm-spacer\" id=\"tm-spacer-69e08ee2e02ed\"><\/div>\n<\/div><\/div><\/div><\/div><div id=\"tm-row-69e08ee2e03cf\" data-vc-full-width=\"true\" data-vc-full-width-init=\"false\" data-vc-stretch-content=\"true\" class=\"vc_row vc_row-outer vc_row-fluid vc_row-no-padding vc_row-o-content-middle vc_row-flex\"><div data-src=\"https:\/\/prostkey.pl\/wp-content\/uploads\/2020\/03\/message.png\" id=\"tm-column-69e08ee2e0798\" class=\"wpb_column vc_column_container vc_col-sm-6 tm-lazy-load\"><div class=\"vc_column-inner\"><div class=\"wpb_wrapper\">\n<div class=\"tm-heading  center tm-animation move-up\" id=\"tm-heading-69e08ee2e0a26\">\n\t<div class=\"heading\" >Email: export@prostkey.pl<\/div><\/div>\n\n<\/div><\/div><\/div><div data-src=\"https:\/\/prostkey.pl\/wp-content\/uploads\/2020\/03\/home_01_13.png\" id=\"tm-column-69e08ee2e0ee1\" class=\"wpb_column vc_column_container vc_col-sm-6 tm-lazy-load\"><div class=\"vc_column-inner\"><div class=\"wpb_wrapper\">\n<div class=\"tm-heading  center tm-animation move-up\" id=\"tm-heading-69e08ee2e114a\">\n\t<div class=\"heading\" >Telefon: +48 87 737 12 30<\/div><\/div>\n\n<\/div><\/div><\/div><\/div><div class=\"vc_row-full-width vc_clearfix\"><\/div>","protected":false},"excerpt":{"rendered":"DER KARTON KARTONABSTANDHALTER Wir bei Prost-Key wissen, wie wir Ihnen nicht nur bei der Werbung, sondern auch bei der Sicherung von Waren helfen k\u00f6nnen, z. B. w\u00e4hrend des Transports oder der Lagerung. Aus diesem Grund kreieren und bieten wir verschiedene Kartonprodukte an, einschlie\u00dflich Kartonteiler, die bei unseren Kunden sehr beliebt sind. PAPPETEILE Was sind Pappteiler und wof\u00fcr sind sie? Abstandhalter aus Pappe sind eine hervorragende Alternative zu klassischen Pappkartons und erm\u00f6glichen das Verpacken verschiedener Arten von Produkten, z. B. auf Paletten. Sie eignen sich jedoch gut f\u00fcr viele andere Arten von Sammelverpackungen. Sie erm\u00f6glichen es Ihnen, gro\u00dfe Gegenst\u00e4nde sowie Produkte mit unkonventioneller Form effektiv zu sch\u00fctzen. Dank ihrer Steifheit und dicken Schicht sind sie \u00e4u\u00dferst widerstandsf\u00e4hig gegen verschiedene \u00e4u\u00dfere Faktoren, gew\u00e4hrleisten einen wirksamen Schutz der transportierten oder gelagerten G\u00fcter und sorgen f\u00fcr eine angemessene Stabilisierung. Warum Prost-Key? Abstandhalter aus Pappe werden in verschiedenen Unternehmen verwendet und eignen sich f\u00fcr den Transport und die Lagerung verschiedener Arten von Waren - einschlie\u00dflich solcher mit gro\u00dfen Abmessungen und nicht standardm\u00e4\u00dfigen Formen. Warum lohnt es sich immer noch, in etwas zu investieren? Aus starren Wellpappe Pappkarton Trennw\u00e4nden: Sichern und polstern Sie die Waren w\u00e4hrend des Transports und der Lagerung. Sie trennen und stabilisieren die auf einer Palette befindlichen Warenschichten. Perfekt f\u00fcr Renovierungsarbeiten, sch\u00fctzt den Boden und die M\u00f6bel vor Schmutz. Bitte kontaktieren Sie uns Email: info@prostkey.pl Telefon: +48 87 737 12 30","protected":false},"author":1,"featured_media":0,"parent":2786,"menu_order":0,"comment_status":"closed","ping_status":"closed","template":"","meta":[],"aioseo_notices":[],"_links":{"self":[{"href":"https:\/\/prostkey.pl\/de\/wp-json\/wp\/v2\/pages\/2836"}],"collection":[{"href":"https:\/\/prostkey.pl\/de\/wp-json\/wp\/v2\/pages"}],"about":[{"href":"https:\/\/prostkey.pl\/de\/wp-json\/wp\/v2\/types\/page"}],"author":[{"embeddable":true,"href":"https:\/\/prostkey.pl\/de\/wp-json\/wp\/v2\/users\/1"}],"replies":[{"embeddable":true,"href":"https:\/\/prostkey.pl\/de\/wp-json\/wp\/v2\/comments?post=2836"}],"version-history":[{"count":6,"href":"https:\/\/prostkey.pl\/de\/wp-json\/wp\/v2\/pages\/2836\/revisions"}],"predecessor-version":[{"id":3510,"href":"https:\/\/prostkey.pl\/de\/wp-json\/wp\/v2\/pages\/2836\/revisions\/3510"}],"up":[{"embeddable":true,"href":"https:\/\/prostkey.pl\/de\/wp-json\/wp\/v2\/pages\/2786"}],"wp:attachment":[{"href":"https:\/\/prostkey.pl\/de\/wp-json\/wp\/v2\/media?parent=2836"}],"curies":[{"name":"wp","href":"https:\/\/api.w.org\/{rel}","templated":true}]}}