{"id":2843,"date":"2020-08-24T08:59:29","date_gmt":"2020-08-24T06:59:29","guid":{"rendered":"https:\/\/prostkey.pl\/?page_id=2843"},"modified":"2025-04-10T11:53:01","modified_gmt":"2025-04-10T09:53:01","slug":"formverpackung","status":"publish","type":"page","link":"https:\/\/prostkey.pl\/de\/angebot\/verpackungen\/formverpackung\/","title":{"rendered":"FORMVERPACKUNG"},"content":{"rendered":"<div data-src=\"https:\/\/prostkey.pl\/wp-content\/uploads\/2020\/03\/home_00_09.png\" id=\"tm-row-69e08ee8c26be\" data-vc-full-width=\"true\" data-vc-full-width-init=\"false\" class=\"vc_row vc_row-outer vc_row-fluid tm-lazy-load\"><div id=\"tm-column-69e08ee8c2b4c\" class=\"wpb_column vc_column_container vc_col-sm-8\"><div class=\"vc_column-inner\"><div class=\"wpb_wrapper\">\n<div class=\"tm-heading vc_custom_1598252206519  left tm-animation move-up\" id=\"tm-heading-69e08ee8c2d75\">\n\t<h3 class=\"heading\" >Kartonverpackung<\/h3><\/div>\n\n\n<div class=\"tm-heading vc_custom_1598252195791 with-separator-05 left\" id=\"tm-heading-69e08ee8c3026\">\n\t<h2 class=\"heading\" ><\/p>\n<h2>FORMVERPACKUNG - oder Verpackung nach Mustern<\/h2>\n<p><\/h2><\/div>\n\n\n<div class=\"tm-heading  left tm-animation move-up\" id=\"tm-heading-69e08ee8c3294\">\n\t<div class=\"heading\" >Bei Prost-Key wissen wir genau, wie wichtig es ist, ein qualitativ hochwertiges Produkt auszuw\u00e4hlen, um die Kundenanforderungen zu erf\u00fcllen. Im Katalog unseres Unternehmens k\u00f6nnen unsere Kunden f\u00fcr ihre Produkte und Waren verschiedene Arten von Formverpackungen ausw\u00e4hlen, die wir millimetergenau f\u00fcr eine bestimmte Bestellung vorbereiten. Wir stellen seit vielen Jahren Formverpackungen her.<br \/>\nDiese Art der Verpackung erm\u00f6glicht es Ihnen einerseits, diese Art von Produkt effektiv zu konservieren, und andererseits erm\u00f6glicht es Ihnen, sie effektiv zu bewerben und auf dem Markt zu bewerben. Eine geformte Verpackung ist eine au\u00dfergew\u00f6hnliche Methode zur Steigerung des Umsatzniveaus Ihrer Waren, FMCG-Produkte als exklusivste.<\/div><\/div>\n\n<div class=\"tm-gallery-slider tm-grid-wrapper  tm-light-slider-wrap\" id=\"tm-gallery-slider-69e08ee8c34cb\">\n\t<div class=\"tm-light-slider\">\n\n\t\t\n\t\t\t<div data-thumb=\"https:\/\/prostkey.pl\/wp-content\/uploads\/2020\/03\/15051-1-170x100.png\">\n\t\t\t\t<img src=\"https:\/\/prostkey.pl\/wp-content\/uploads\/2020\/03\/15051-1.png\" alt=\"pude\u0142ka fasonowe - opakowania kartonowe z nadrukiem\" \/>\t\t\t\t\t\t\t<\/div>\n\t\t\t\n\t\t\t<div data-thumb=\"https:\/\/prostkey.pl\/wp-content\/uploads\/2020\/03\/MG_1070-scaled-2-170x100.png\">\n\t\t\t\t<img src=\"https:\/\/prostkey.pl\/wp-content\/uploads\/2020\/03\/MG_1070-scaled-2-740x493.png\" alt=\"pude\u0142ka, opakowania fasonowe\" \/>\t\t\t\t\t\t\t<\/div>\n\t\t\t\n\t\t\t<div data-thumb=\"https:\/\/prostkey.pl\/wp-content\/uploads\/2020\/04\/fasonowe3_optimized-170x100.jpg\">\n\t\t\t\t<img src=\"https:\/\/prostkey.pl\/wp-content\/uploads\/2020\/04\/fasonowe3_optimized.jpg\" alt=\"fasonowe3_optimized\" \/>\t\t\t\t\t\t\t<\/div>\n\t\t\t\n\t<\/div>\n<\/div>\n<div class=\"tm-spacer\" id=\"tm-spacer-69e08ee8c51ed\"><\/div>\n<div class=\"vc_separator wpb_content_element vc_separator_align_center vc_sep_width_100 vc_sep_pos_align_center vc_sep_color_grey vc_custom_1591702453500\" ><span class=\"vc_sep_holder vc_sep_holder_l\"><span  class=\"vc_sep_line\"><\/span><\/span><span class=\"vc_sep_holder vc_sep_holder_r\"><span  class=\"vc_sep_line\"><\/span><\/span>\n<\/div><div class=\"tm-spacer\" id=\"tm-spacer-69e08ee8c5385\"><\/div>\n\n\t<div class=\"wpb_text_column wpb_content_element\" >\n\t\t<div class=\"wpb_wrapper\">\n\t\t\t<h3><strong>Welche Arten von geformten Verpackungen gibt es?<\/strong><\/h3>\n<p>Die Arten der geformten Verpackung werden unter Verwendung von Mustern und Schneidger\u00e4ten erstellt, die speziell f\u00fcr die jeweilige Verpackung erstellt wurden. Dies ist eine Verpackung, die f\u00fcr jede Art von Waren individuell vorbereitet werden kann. Diese Art der Verpackung erm\u00f6glicht es, eine unbegrenzte Anzahl von Optionen zu erstellen und die erforderlichen Gr\u00f6\u00dfen und Formen zu erhalten, was den Anwendungsbereich dieser Verpackung erheblich erweitert. Das einfache Falten und Entfalten, ohne dass letztendlich Klebeband verwendet werden muss, st\u00f6\u00dft bei unseren Kunden auf gro\u00dfes Interesse.<\/p>\n<h3><strong>Wie lauten die Anweisungen f\u00fcr die Verwendung geformter Verpackungen<\/strong><strong>?<\/strong><\/h3>\n<p>Diese Art der Verpackung erf\u00fcllt viele Funktionen &#8211; wir kennen sie f\u00fcr die Lieferung von Pizza auf Bestellung, sie kann auch f\u00fcr den bequemen und sicheren Versand von Waren per Kurierpost verwendet werden. &#8211; Durch die Verwendung von hochwertigem Karton bei der Herstellung geformter Verpackungen ist der Inneninhalt absolut sicher und es besteht keine Gefahr einer Besch\u00e4digung Ihrer Waren. Dar\u00fcber hinaus bietet die individuelle Herstellung der Struktur einen schnellen und bequemen Verpackungsprozess, der sich wiederum auf die Funktionalit\u00e4t der bestellten Verpackungen auswirkt.<\/p>\n<p>.<\/p>\n<p>Es versteht sich von selbst, dass geformte Verpackungen nicht nur die M\u00f6glichkeit bieten, verschiedene Arten von Produkten zu lagern und zu transportieren. Ungew\u00f6hnliche exklusive Verpackungen von Waren wie Parfums oder Uhren dienen ihrer effektiven Werbung. Ihr Design, ihre originelle und sorgf\u00e4ltige Verarbeitung ziehen die Aufmerksamkeit potenzieller Kunden auf sich und tragen zur Steigerung des Gewinns bei Der Umsatz.<\/p>\n<p>Dar\u00fcber hinaus k\u00f6nnen wir in Prost-Key dank moderner technologischer Unterst\u00fctzung und des umfassenden Wissens unserer Spezialisten Auftr\u00e4ge f\u00fcr geformte Verpackungen unabh\u00e4ngig ausf\u00fchren. <strong>Unsere Designer entwerfen die Gr\u00f6\u00dfen und Formen von Verpackungen gem\u00e4\u00df Ihren urspr\u00fcnglichen Daten, und Grafiken werden mit einem Logo und Grafiken versehen, das wird den visuellen Effekt der Verpackung erg\u00e4nzen. So erhalten Sie eine au\u00dfergew\u00f6hnliche L\u00f6sung, mit der Sie den Kampf um einen Kunden mit konkurrierenden Unternehmen gewinnen k\u00f6nnen!<\/strong><\/p>\n<p>&nbsp;<\/p>\n<h3><strong>Warum Prost-Key-Verpackung?<\/strong><\/h3>\n<ul>\n<li>Erstellt mit einem speziellen Schneideger\u00e4t, mit dem Sie jede Form und Gr\u00f6\u00dfe erhalten k\u00f6nnen.<\/li>\n<li>langlebig und liefert w\u00e4hrend der Lagerung oder des Transports qualitativ hochwertige Produkte.<\/li>\n<li>leicht zu falten und zu verpacken,<\/li>\n<li>ungew\u00f6hnlich elegant, dienen als effektive Werbung f\u00fcr jede Art von Produkten und Waren.<\/li>\n<\/ul>\n<p>Wir laden Sie zur Zusammenarbeit und Erstellung von Auftr\u00e4gen f\u00fcr geformte Verpackungen ein &#8211; dank dieser kommen Sie Ihrem Gesch\u00e4ftserfolg n\u00e4her!<\/p>\n\n\t\t<\/div>\n\t<\/div>\n<\/div><\/div><\/div><div id=\"tm-column-69e08ee8c5583\" class=\"wpb_column vc_column_container vc_col-sm-4\"><div class=\"vc_column-inner\"><div class=\"wpb_wrapper\"><div id=\"tm-row-inner-69e08ee8c5802\" class=\"vc_row vc_inner vc_row-fluid\"><div id=\"tm-column-inner-69e08ee8c5a32\" class=\"wpb_column vc_column_container vc_col-sm-12\"><div class=\"vc_column-inner\"><div class=\"wpb_wrapper\"><div class=\"page-sidebar wpb_widgetised_column wpb_content_element right\">\n\t<div class=\"page-sidebar-inner\">\n\t\t<div class=\"page-sidebar-content\">\n\t\t\t<h2 class=\"wpb_heading wpb_widgetised_column_heading\">ANGEBOT<\/h2><div id=\"nav_menu-3\" class=\"widget tm-animation move-up widget_nav_menu\"><div class=\"menu-ofertade-container\"><ul id=\"menu-ofertade\" class=\"menu\"><li id=\"menu-item-2965\" class=\"menu-item menu-item-type-post_type menu-item-object-page menu-item-has-children menu-item-2965\"><a href=\"https:\/\/prostkey.pl\/de\/angebot\/verpackungen\/\">VERPACKUNGEN<\/a>\n<ul class=\"sub-menu\">\n\t<li id=\"menu-item-2970\" class=\"menu-item menu-item-type-post_type menu-item-object-page menu-item-2970\"><a href=\"https:\/\/prostkey.pl\/de\/angebot\/verpackungen\/formverpackung\/\">FORMVERPACKUNG<\/a><\/li>\n\t<li id=\"menu-item-2971\" class=\"menu-item menu-item-type-post_type menu-item-object-page menu-item-2971\"><a href=\"https:\/\/prostkey.pl\/de\/angebot\/verpackungen\/klappenverpackung\/\">KLAPPENVERPACKUNG<\/a><\/li>\n\t<li id=\"menu-item-2972\" class=\"menu-item menu-item-type-post_type menu-item-object-page menu-item-2972\"><a href=\"https:\/\/prostkey.pl\/de\/angebot\/verpackungen\/regalbereitverpackung\/\">REGALBEREITVERPACKUNG<\/a><\/li>\n\t<li id=\"menu-item-2973\" class=\"menu-item menu-item-type-post_type menu-item-object-page menu-item-2973\"><a href=\"https:\/\/prostkey.pl\/de\/angebot\/verpackungen\/geschenkverpackung\/\">GESCHENKVERPACKUNG<\/a><\/li>\n\t<li id=\"menu-item-2974\" class=\"menu-item menu-item-type-post_type menu-item-object-page menu-item-2974\"><a href=\"https:\/\/prostkey.pl\/de\/angebot\/verpackungen\/befoerderungsverpackungen\/\">BEF\u00d6RDERUNGSVERPACKUNGEN<\/a><\/li>\n<\/ul>\n<\/li>\n<li id=\"menu-item-2966\" class=\"menu-item menu-item-type-post_type menu-item-object-page menu-item-has-children menu-item-2966\"><a href=\"https:\/\/prostkey.pl\/de\/angebot\/pos\/\">POS<\/a>\n<ul class=\"sub-menu\">\n\t<li id=\"menu-item-2969\" class=\"menu-item menu-item-type-post_type menu-item-object-page menu-item-2969\"><a href=\"https:\/\/prostkey.pl\/de\/angebot\/pos\/werbestander\/\">WERBESTANDER<\/a><\/li>\n\t<li id=\"menu-item-2968\" class=\"menu-item menu-item-type-post_type menu-item-object-page menu-item-2968\"><a href=\"https:\/\/prostkey.pl\/de\/angebot\/pos\/broschurenhalter\/\">BROSCHURENHALTER<\/a><\/li>\n<\/ul>\n<\/li>\n<li id=\"menu-item-2967\" class=\"menu-item menu-item-type-post_type menu-item-object-page menu-item-2967\"><a href=\"https:\/\/prostkey.pl\/de\/angebot\/karton\/\">KARTON<\/a><\/li>\n<\/ul><\/div><\/div>\t\t<\/div>\n\t<\/div>\n<\/div>\n<\/div><\/div><\/div><\/div><\/div><\/div><\/div><\/div><div class=\"vc_row-full-width vc_clearfix\"><\/div><div id=\"tm-row-69e08ee8c893f\" data-vc-full-width=\"true\" data-vc-full-width-init=\"false\" data-vc-stretch-content=\"true\" class=\"vc_row vc_row-outer vc_row-fluid vc_row-no-padding vc_row-o-content-middle vc_row-flex\"><div data-src=\"https:\/\/prostkey.pl\/wp-content\/uploads\/2020\/03\/message.png\" id=\"tm-column-69e08ee8c8c78\" class=\"wpb_column vc_column_container vc_col-sm-6 tm-lazy-load\"><div class=\"vc_column-inner\"><div class=\"wpb_wrapper\">\n<div class=\"tm-heading  center tm-animation move-up\" id=\"tm-heading-69e08ee8c8ed9\">\n\t<div class=\"heading\" >Email: export@prostkey.pl<\/div><\/div>\n\n<\/div><\/div><\/div><div data-src=\"https:\/\/prostkey.pl\/wp-content\/uploads\/2020\/03\/home_01_13.png\" id=\"tm-column-69e08ee8c9307\" class=\"wpb_column vc_column_container vc_col-sm-6 tm-lazy-load\"><div class=\"vc_column-inner\"><div class=\"wpb_wrapper\">\n<div class=\"tm-heading  center tm-animation move-up\" id=\"tm-heading-69e08ee8c9562\">\n\t<div class=\"heading\" >Telefon: +48 87 737 12 30<\/div><\/div>\n\n<\/div><\/div><\/div><\/div><div class=\"vc_row-full-width vc_clearfix\"><\/div>","protected":false},"excerpt":{"rendered":"Kartonverpackung FORMVERPACKUNG - oder Verpackung nach Mustern Bei Prost-Key wissen wir genau, wie wichtig es ist, ein qualitativ hochwertiges Produkt auszuw\u00e4hlen, um die Kundenanforderungen zu erf\u00fcllen. Im Katalog unseres Unternehmens k\u00f6nnen unsere Kunden f\u00fcr ihre Produkte und Waren verschiedene Arten von Formverpackungen ausw\u00e4hlen, die wir millimetergenau f\u00fcr eine bestimmte Bestellung vorbereiten. Wir stellen seit vielen Jahren Formverpackungen her. Diese Art der Verpackung erm\u00f6glicht es Ihnen einerseits, diese Art von Produkt effektiv zu konservieren, und andererseits erm\u00f6glicht es Ihnen, sie effektiv zu bewerben und auf dem Markt zu bewerben. Eine geformte Verpackung ist eine au\u00dfergew\u00f6hnliche Methode zur Steigerung des Umsatzniveaus Ihrer Waren, FMCG-Produkte als exklusivste. Welche Arten von geformten Verpackungen gibt es? Die Arten der geformten Verpackung werden unter Verwendung von Mustern und Schneidger\u00e4ten erstellt, die speziell f\u00fcr die jeweilige Verpackung erstellt wurden. Dies ist eine Verpackung, die f\u00fcr jede Art von Waren individuell vorbereitet werden kann. Diese Art der Verpackung erm\u00f6glicht es, eine unbegrenzte Anzahl von Optionen zu erstellen und die erforderlichen Gr\u00f6\u00dfen und Formen zu erhalten, was den Anwendungsbereich dieser Verpackung erheblich erweitert. Das einfache Falten und Entfalten, ohne dass letztendlich Klebeband verwendet werden muss, st\u00f6\u00dft bei unseren Kunden auf gro\u00dfes Interesse. Wie lauten die Anweisungen f\u00fcr die Verwendung geformter Verpackungen? Diese Art der Verpackung erf\u00fcllt viele Funktionen - wir kennen sie f\u00fcr die Lieferung von Pizza auf Bestellung, sie kann auch f\u00fcr den bequemen und sicheren Versand von Waren per Kurierpost verwendet werden. - Durch die Verwendung von hochwertigem Karton bei der Herstellung geformter Verpackungen ist der Inneninhalt absolut sicher und es besteht keine Gefahr einer Besch\u00e4digung Ihrer Waren. Dar\u00fcber hinaus bietet die individuelle Herstellung der Struktur einen schnellen und bequemen Verpackungsprozess, der sich wiederum auf die Funktionalit\u00e4t der bestellten Verpackungen auswirkt. . Es versteht sich von selbst, dass geformte Verpackungen nicht nur die M\u00f6glichkeit bieten, verschiedene Arten von Produkten zu lagern und zu transportieren. Ungew\u00f6hnliche exklusive Verpackungen von Waren wie Parfums oder Uhren dienen ihrer effektiven Werbung. Ihr Design, ihre originelle und sorgf\u00e4ltige Verarbeitung ziehen die Aufmerksamkeit potenzieller Kunden auf sich und tragen zur Steigerung des Gewinns bei Der Umsatz. Dar\u00fcber hinaus k\u00f6nnen wir in Prost-Key dank moderner technologischer Unterst\u00fctzung und des umfassenden Wissens unserer Spezialisten Auftr\u00e4ge f\u00fcr geformte Verpackungen unabh\u00e4ngig ausf\u00fchren. Unsere Designer entwerfen die Gr\u00f6\u00dfen und Formen von Verpackungen gem\u00e4\u00df Ihren urspr\u00fcnglichen Daten, und Grafiken werden mit einem Logo und Grafiken versehen, das wird den visuellen Effekt der Verpackung erg\u00e4nzen. So erhalten Sie eine au\u00dfergew\u00f6hnliche L\u00f6sung, mit der Sie den Kampf um einen Kunden mit konkurrierenden Unternehmen gewinnen k\u00f6nnen! &nbsp; Warum Prost-Key-Verpackung? Erstellt mit einem speziellen Schneideger\u00e4t, mit dem Sie jede Form und Gr\u00f6\u00dfe erhalten k\u00f6nnen. langlebig und liefert w\u00e4hrend der Lagerung oder des Transports qualitativ hochwertige Produkte. leicht zu falten und zu verpacken, ungew\u00f6hnlich elegant, dienen als effektive Werbung f\u00fcr jede Art von Produkten und Waren. Wir laden Sie zur Zusammenarbeit und Erstellung von Auftr\u00e4gen f\u00fcr geformte Verpackungen ein - dank dieser kommen Sie Ihrem Gesch\u00e4ftserfolg n\u00e4her! ANGEBOTVERPACKUNGEN FORMVERPACKUNG KLAPPENVERPACKUNG REGALBEREITVERPACKUNG GESCHENKVERPACKUNG BEF\u00d6RDERUNGSVERPACKUNGEN POS WERBESTANDER BROSCHURENHALTER KARTON Email: info@prostkey.pl Telefon: +48 87 737 12 30","protected":false},"author":1,"featured_media":0,"parent":2830,"menu_order":0,"comment_status":"closed","ping_status":"closed","template":"","meta":[],"aioseo_notices":[],"_links":{"self":[{"href":"https:\/\/prostkey.pl\/de\/wp-json\/wp\/v2\/pages\/2843"}],"collection":[{"href":"https:\/\/prostkey.pl\/de\/wp-json\/wp\/v2\/pages"}],"about":[{"href":"https:\/\/prostkey.pl\/de\/wp-json\/wp\/v2\/types\/page"}],"author":[{"embeddable":true,"href":"https:\/\/prostkey.pl\/de\/wp-json\/wp\/v2\/users\/1"}],"replies":[{"embeddable":true,"href":"https:\/\/prostkey.pl\/de\/wp-json\/wp\/v2\/comments?post=2843"}],"version-history":[{"count":3,"href":"https:\/\/prostkey.pl\/de\/wp-json\/wp\/v2\/pages\/2843\/revisions"}],"predecessor-version":[{"id":4212,"href":"https:\/\/prostkey.pl\/de\/wp-json\/wp\/v2\/pages\/2843\/revisions\/4212"}],"up":[{"embeddable":true,"href":"https:\/\/prostkey.pl\/de\/wp-json\/wp\/v2\/pages\/2830"}],"wp:attachment":[{"href":"https:\/\/prostkey.pl\/de\/wp-json\/wp\/v2\/media?parent=2843"}],"curies":[{"name":"wp","href":"https:\/\/api.w.org\/{rel}","templated":true}]}}