{"id":2850,"date":"2020-08-24T10:50:16","date_gmt":"2020-08-24T08:50:16","guid":{"rendered":"https:\/\/prostkey.pl\/?page_id=2850"},"modified":"2025-04-10T11:53:31","modified_gmt":"2025-04-10T09:53:31","slug":"klappenverpackung","status":"publish","type":"page","link":"https:\/\/prostkey.pl\/de\/angebot\/verpackungen\/klappenverpackung\/","title":{"rendered":"KLAPPENVERPACKUNG"},"content":{"rendered":"<div data-src=\"https:\/\/prostkey.pl\/wp-content\/uploads\/2020\/03\/home_00_09.png\" id=\"tm-row-69dbe27d2260b\" data-vc-full-width=\"true\" data-vc-full-width-init=\"false\" class=\"vc_row vc_row-outer vc_row-fluid tm-lazy-load vc_row-o-content-middle vc_row-flex\"><div id=\"tm-column-69dbe27d22a72\" class=\"wpb_column vc_column_container vc_col-sm-8\"><div class=\"vc_column-inner\"><div class=\"wpb_wrapper\">\n<div class=\"tm-heading vc_custom_1598258941375  left tm-animation move-up\" id=\"tm-heading-69dbe27d22c5f\">\n\t<h2 class=\"heading\" >Kartonverpackung<\/h2><\/div>\n\n\n<div class=\"tm-heading vc_custom_1598258958217 with-separator-05 left\" id=\"tm-heading-69dbe27d22edf\">\n\t<div class=\"heading\" >KARTONS<br \/>\nanderer Name FEFCO201<\/div><\/div>\n\n\n<div class=\"tm-heading vc_custom_1598258971163  left\" id=\"tm-heading-69dbe27d23118\">\n\t<div class=\"heading\" >Kartons sind eine bew\u00e4hrte L\u00f6sung f\u00fcr den Transport einer Vielzahl von Waren. Sie sind leicht, einfach zu falten und vielseitig zu bedienen. F\u00fcr die Versicherung reicht es aus, es mit starkem Klebeband  zu verkleben, und in wenigen Sekunden ist die Box versandbereit. F\u00fcr Produkte und Waren, die leicht besch\u00e4digt werden k\u00f6nnen, kann der Karton zus\u00e4tzlich mit Papier oder Luftpolsterfolie gef\u00fcllt werden.<\/div><\/div>\n\n<div class=\"tm-gallery-slider tm-grid-wrapper  tm-light-slider-wrap\" id=\"tm-gallery-slider-69dbe27d23376\">\n\t<div class=\"tm-light-slider\">\n\n\t\t\n\t\t\t<div data-thumb=\"https:\/\/prostkey.pl\/wp-content\/uploads\/2020\/03\/kla1-170x100.png\">\n\t\t\t\t<img src=\"https:\/\/prostkey.pl\/wp-content\/uploads\/2020\/03\/kla1-740x493.png\" alt=\"kla1\" \/>\t\t\t\t\t\t\t<\/div>\n\t\t\t\n\t\t\t<div data-thumb=\"https:\/\/prostkey.pl\/wp-content\/uploads\/2020\/03\/kla3-170x100.png\">\n\t\t\t\t<img src=\"https:\/\/prostkey.pl\/wp-content\/uploads\/2020\/03\/kla3-740x493.png\" alt=\"kla3\" \/>\t\t\t\t\t\t\t<\/div>\n\t\t\t\n\t<\/div>\n<\/div>\n<\/div><\/div><\/div><div id=\"tm-column-69dbe27d24840\" class=\"wpb_column vc_column_container vc_col-sm-4\"><div class=\"vc_column-inner\"><div class=\"wpb_wrapper\"><div class=\"page-sidebar wpb_widgetised_column wpb_content_element right\">\n\t<div class=\"page-sidebar-inner\">\n\t\t<div class=\"page-sidebar-content\">\n\t\t\t<h2 class=\"wpb_heading wpb_widgetised_column_heading\">ANGEBOT<\/h2><div id=\"nav_menu-3\" class=\"widget tm-animation move-up widget_nav_menu\"><div class=\"menu-ofertade-container\"><ul id=\"menu-ofertade\" class=\"menu\"><li id=\"menu-item-2965\" class=\"menu-item menu-item-type-post_type menu-item-object-page menu-item-has-children menu-item-2965\"><a href=\"https:\/\/prostkey.pl\/de\/angebot\/verpackungen\/\">VERPACKUNGEN<\/a>\n<ul class=\"sub-menu\">\n\t<li id=\"menu-item-2970\" class=\"menu-item menu-item-type-post_type menu-item-object-page menu-item-2970\"><a href=\"https:\/\/prostkey.pl\/de\/angebot\/verpackungen\/formverpackung\/\">FORMVERPACKUNG<\/a><\/li>\n\t<li id=\"menu-item-2971\" class=\"menu-item menu-item-type-post_type menu-item-object-page menu-item-2971\"><a href=\"https:\/\/prostkey.pl\/de\/angebot\/verpackungen\/klappenverpackung\/\">KLAPPENVERPACKUNG<\/a><\/li>\n\t<li id=\"menu-item-2972\" class=\"menu-item menu-item-type-post_type menu-item-object-page menu-item-2972\"><a href=\"https:\/\/prostkey.pl\/de\/angebot\/verpackungen\/regalbereitverpackung\/\">REGALBEREITVERPACKUNG<\/a><\/li>\n\t<li id=\"menu-item-2973\" class=\"menu-item menu-item-type-post_type menu-item-object-page menu-item-2973\"><a href=\"https:\/\/prostkey.pl\/de\/angebot\/verpackungen\/geschenkverpackung\/\">GESCHENKVERPACKUNG<\/a><\/li>\n\t<li id=\"menu-item-2974\" class=\"menu-item menu-item-type-post_type menu-item-object-page menu-item-2974\"><a href=\"https:\/\/prostkey.pl\/de\/angebot\/verpackungen\/befoerderungsverpackungen\/\">BEF\u00d6RDERUNGSVERPACKUNGEN<\/a><\/li>\n<\/ul>\n<\/li>\n<li id=\"menu-item-2966\" class=\"menu-item menu-item-type-post_type menu-item-object-page menu-item-has-children menu-item-2966\"><a href=\"https:\/\/prostkey.pl\/de\/angebot\/pos\/\">POS<\/a>\n<ul class=\"sub-menu\">\n\t<li id=\"menu-item-2969\" class=\"menu-item menu-item-type-post_type menu-item-object-page menu-item-2969\"><a href=\"https:\/\/prostkey.pl\/de\/angebot\/pos\/werbestander\/\">WERBESTANDER<\/a><\/li>\n\t<li id=\"menu-item-2968\" class=\"menu-item menu-item-type-post_type menu-item-object-page menu-item-2968\"><a href=\"https:\/\/prostkey.pl\/de\/angebot\/pos\/broschurenhalter\/\">BROSCHURENHALTER<\/a><\/li>\n<\/ul>\n<\/li>\n<li id=\"menu-item-2967\" class=\"menu-item menu-item-type-post_type menu-item-object-page menu-item-2967\"><a href=\"https:\/\/prostkey.pl\/de\/angebot\/karton\/\">KARTON<\/a><\/li>\n<\/ul><\/div><\/div>\t\t<\/div>\n\t<\/div>\n<\/div>\n<\/div><\/div><\/div><\/div><div class=\"vc_row-full-width vc_clearfix\"><\/div><div id=\"tm-row-69dbe27d279a5\" data-vc-full-width=\"true\" data-vc-full-width-init=\"false\" data-vc-stretch-content=\"true\" class=\"vc_row vc_row-outer vc_row-fluid vc_row-no-padding vc_row-o-content-middle vc_row-flex\"><div data-src=\"https:\/\/prostkey.pl\/wp-content\/uploads\/2020\/03\/message.png\" id=\"tm-column-69dbe27d27cdb\" class=\"wpb_column vc_column_container vc_col-sm-6 tm-lazy-load\"><div class=\"vc_column-inner\"><div class=\"wpb_wrapper\">\n<div class=\"tm-heading  center tm-animation move-up\" id=\"tm-heading-69dbe27d27f6c\">\n\t<div class=\"heading\" >Email: export@prostkey.pl<\/div><\/div>\n\n<\/div><\/div><\/div><div data-src=\"https:\/\/prostkey.pl\/wp-content\/uploads\/2020\/03\/home_01_13.png\" id=\"tm-column-69dbe27d283be\" class=\"wpb_column vc_column_container vc_col-sm-6 tm-lazy-load\"><div class=\"vc_column-inner\"><div class=\"wpb_wrapper\">\n<div class=\"tm-heading  center tm-animation move-up\" id=\"tm-heading-69dbe27d28659\">\n\t<div class=\"heading\" >Telefon: +48 87 737 12 30<\/div><\/div>\n\n<\/div><\/div><\/div><\/div><div class=\"vc_row-full-width vc_clearfix\"><\/div>","protected":false},"excerpt":{"rendered":"Kartonverpackung KARTONS anderer Name FEFCO201 Kartons sind eine bew\u00e4hrte L\u00f6sung f\u00fcr den Transport einer Vielzahl von Waren. Sie sind leicht, einfach zu falten und vielseitig zu bedienen. F\u00fcr die Versicherung reicht es aus, es mit starkem Klebeband zu verkleben, und in wenigen Sekunden ist die Box versandbereit. F\u00fcr Produkte und Waren, die leicht besch\u00e4digt werden k\u00f6nnen, kann der Karton zus\u00e4tzlich mit Papier oder Luftpolsterfolie gef\u00fcllt werden. ANGEBOTVERPACKUNGEN FORMVERPACKUNG KLAPPENVERPACKUNG REGALBEREITVERPACKUNG GESCHENKVERPACKUNG BEF\u00d6RDERUNGSVERPACKUNGEN POS WERBESTANDER BROSCHURENHALTER KARTON Email: info@prostkey.pl Telefon: +48 87 737 12 30","protected":false},"author":1,"featured_media":0,"parent":2830,"menu_order":0,"comment_status":"closed","ping_status":"closed","template":"","meta":[],"aioseo_notices":[],"_links":{"self":[{"href":"https:\/\/prostkey.pl\/de\/wp-json\/wp\/v2\/pages\/2850"}],"collection":[{"href":"https:\/\/prostkey.pl\/de\/wp-json\/wp\/v2\/pages"}],"about":[{"href":"https:\/\/prostkey.pl\/de\/wp-json\/wp\/v2\/types\/page"}],"author":[{"embeddable":true,"href":"https:\/\/prostkey.pl\/de\/wp-json\/wp\/v2\/users\/1"}],"replies":[{"embeddable":true,"href":"https:\/\/prostkey.pl\/de\/wp-json\/wp\/v2\/comments?post=2850"}],"version-history":[{"count":3,"href":"https:\/\/prostkey.pl\/de\/wp-json\/wp\/v2\/pages\/2850\/revisions"}],"predecessor-version":[{"id":2977,"href":"https:\/\/prostkey.pl\/de\/wp-json\/wp\/v2\/pages\/2850\/revisions\/2977"}],"up":[{"embeddable":true,"href":"https:\/\/prostkey.pl\/de\/wp-json\/wp\/v2\/pages\/2830"}],"wp:attachment":[{"href":"https:\/\/prostkey.pl\/de\/wp-json\/wp\/v2\/media?parent=2850"}],"curies":[{"name":"wp","href":"https:\/\/api.w.org\/{rel}","templated":true}]}}