{"id":2859,"date":"2020-08-24T11:46:28","date_gmt":"2020-08-24T09:46:28","guid":{"rendered":"https:\/\/prostkey.pl\/?page_id=2859"},"modified":"2025-04-10T11:53:05","modified_gmt":"2025-04-10T09:53:05","slug":"geschenkverpackung","status":"publish","type":"page","link":"https:\/\/prostkey.pl\/de\/angebot\/verpackungen\/geschenkverpackung\/","title":{"rendered":"GESCHENKVERPACKUNG"},"content":{"rendered":"<div data-src=\"https:\/\/prostkey.pl\/wp-content\/uploads\/2020\/03\/home_00_09.png\" id=\"tm-row-69e08a65d7933\" data-vc-full-width=\"true\" data-vc-full-width-init=\"false\" class=\"vc_row vc_row-outer vc_row-fluid tm-lazy-load vc_row-o-equal-height vc_row-flex\"><div id=\"tm-column-69e08a65d7ecd\" class=\"wpb_column vc_column_container vc_col-sm-8\"><div class=\"vc_column-inner\"><div class=\"wpb_wrapper\"><div id=\"tm-row-inner-69e08a65d8172\" class=\"vc_row vc_inner vc_row-fluid\"><div id=\"tm-column-inner-69e08a65d8415\" class=\"wpb_column vc_column_container vc_col-sm-12\"><div class=\"vc_column-inner\"><div class=\"wpb_wrapper\">\n<div class=\"tm-heading vc_custom_1598262236274  left tm-animation move-up\" id=\"tm-heading-69e08a65d85de\">\n\t<h3 class=\"heading\" >Kartonverpackung<\/h3><\/div>\n\n\n<div class=\"tm-heading vc_custom_1598262247651 with-separator-05 left\" id=\"tm-heading-69e08a65d889b\">\n\t<h2 class=\"heading\" >GESCHENKVERPACKUNG<\/h2><\/div>\n\n<\/div><\/div><\/div><\/div>\n<div class=\"tm-heading vc_custom_1598262273741  left\" id=\"tm-heading-69e08a65d8b4d\">\n\t<div class=\"heading\" >Die Vermarktungskraft von Verpackungen wird nicht einmal in Frage gestellt - je attraktiver sie sind, desto mehr Eindruck macht sie beim Kunden und desto mehr steigt das Produktinteresse. Geschenkverpackungen, die eine der Hauptpriorit\u00e4ten und die Spezialisierung von Prost-Key sind, k\u00f6nnen im Werbeprozess eine besondere Rolle spielen Sind originelle, elegante, unerwartete L\u00f6sungen, die sich auf Sonderf\u00e4lle und Kundenbed\u00fcrfnisse konzentrieren.<\/div><\/div>\n\n<div id=\"tm-row-inner-69e08a65d8e26\" class=\"vc_row vc_inner vc_row-fluid vc_row-o-content-middle vc_row-flex\"><div id=\"tm-column-inner-69e08a65d9035\" class=\"wpb_column vc_column_container vc_col-sm-12\"><div class=\"vc_column-inner\"><div class=\"wpb_wrapper\"><div class=\"tm-gallery-slider tm-grid-wrapper  tm-light-slider-wrap\" id=\"tm-gallery-slider-69e08a65d91ff\">\n\t<div class=\"tm-light-slider\">\n\n\t\t\n\t\t\t<div data-thumb=\"https:\/\/prostkey.pl\/wp-content\/uploads\/2020\/04\/gift2-170x100.jpg\">\n\t\t\t\t<img src=\"https:\/\/prostkey.pl\/wp-content\/uploads\/2020\/04\/gift2-740x493.jpg\" alt=\"gift2\" \/>\t\t\t\t\t\t\t<\/div>\n\t\t\t\n\t\t\t<div data-thumb=\"https:\/\/prostkey.pl\/wp-content\/uploads\/2020\/04\/IMAG4833-170x100.jpg\">\n\t\t\t\t<img src=\"https:\/\/prostkey.pl\/wp-content\/uploads\/2020\/04\/IMAG4833.jpg\" alt=\"opakowanie prezentowe\" \/>\t\t\t\t\t\t\t<\/div>\n\t\t\t\n\t\t\t<div data-thumb=\"https:\/\/prostkey.pl\/wp-content\/uploads\/2020\/03\/ART_DECO_PUDELKO2-2-170x100.png\">\n\t\t\t\t<img src=\"https:\/\/prostkey.pl\/wp-content\/uploads\/2020\/03\/ART_DECO_PUDELKO2-2.png\" alt=\"pude\u0142ko, opakowanie prezentowe\" \/>\t\t\t\t\t\t\t<\/div>\n\t\t\t\n\t<\/div>\n<\/div>\n<\/div><\/div><\/div><\/div><div class=\"tm-spacer\" id=\"tm-spacer-69e08a65dab24\"><\/div>\n<div class=\"vc_separator wpb_content_element vc_separator_align_center vc_sep_width_100 vc_sep_pos_align_center vc_sep_color_grey vc_custom_1591702411944\" ><span class=\"vc_sep_holder vc_sep_holder_l\"><span  class=\"vc_sep_line\"><\/span><\/span><span class=\"vc_sep_holder vc_sep_holder_r\"><span  class=\"vc_sep_line\"><\/span><\/span>\n<\/div><div class=\"tm-spacer\" id=\"tm-spacer-69e08a65dacd2\"><\/div>\n\n\t<div class=\"wpb_text_column wpb_content_element\" >\n\t\t<div class=\"wpb_wrapper\">\n\t\t\t<h3><strong>Was ist das Ziel und der Zweck der Geschenkverpackung?<\/strong><\/h3>\n<p>&nbsp;<\/p>\n<p>Geschenkverpackungen, sogenannte &#8220;Geschenkboxen&#8221;, sind eine L\u00f6sung, die sich von anderen Verpackungsarten abhebt &#8211; vor allem durch ihre Exklusivit\u00e4t und Eleganz. Sie sind speziell f\u00fcr au\u00dfergew\u00f6hnliche Ereignisse konzipiert. Die Geschenkverpackung enth\u00e4lt spezielle Dekorationen, B\u00e4nder und personalisierte Elemente, mit denen die Einzigartigkeit dieses Ereignisses oder der Person, f\u00fcr die sie bestimmt sind, hervorgehoben werden soll.<\/p>\n<p>Diese Originalit\u00e4t und Eleganz beeindrucken die Person, f\u00fcr die dieses Geschenk bestimmt ist, und verursachen bereits vor dem \u00d6ffnen des Geschenks nur positive Emotionen. Auf diese Weise werden positive Emotionen in Bezug auf den Hersteller dieser Geschenkverpackung aufgebaut.<\/p>\n<p>&nbsp;<\/p>\n<p>Nat\u00fcrlich k\u00f6nnen die Arten der Geschenkverpackung nicht nur eine gute Idee sein, um Gesch\u00e4ftspartnern eine positive Bewertung zu geben, sondern auch &#8230; eine gute Werbung f\u00fcr Markenprodukte. Dank der au\u00dfergew\u00f6hnlichen \u00c4sthetik, der au\u00dfergew\u00f6hnlichen Dekoration und der v\u00f6llig individuellen Verarbeitung hinterl\u00e4sst die Geschenkverpackung unseres Unternehmens einen unvergesslichen Eindruck, der zu einem h\u00f6heren Absatz von Produkten und zur Schaffung eines positiven Images des Unternehmens f\u00fchrt.<\/p>\n<p>&nbsp;<\/p>\n<p>Geschenkverpackungen k\u00f6nnen nicht nur f\u00fcr au\u00dfergew\u00f6hnliche Anl\u00e4sse bestellt werden &#8211; sie sind h\u00e4ufig eine leistungsstarke Hilfe f\u00fcr Marketingstrategien, bei denen ein Kunde \u00fcberrascht werden kann, und erm\u00f6glichen es Unternehmen in einer Vielzahl von Branchen, Gesch\u00e4ftsziele zu erreichen.\u00a0<strong>Die Arten der Geschenkverpackung von Prost-Key sind eine Kombination aus hoher \u00c4sthetik und solider Leistung.<\/strong>Wir produzieren und liefern Ihnen Geschenkverpackungen von h\u00f6chster Qualit\u00e4t &#8211; wir erstellen sie auf Basis neuer Technologien und entsprechend\u00a0ausgew\u00e4hlte Materialien. <strong>In \u00dcbereinstimmung mit der Strategie unseres Unternehmens verdient jedes Geschenk eine ungew\u00f6hnliche Umgebung. Wenn Sie also eine Bestellung bei Prost-Key aufgeben, haben Sie die Garantie, dass die Verpackung:<\/strong>\u2022 Es wird sch\u00f6n und originell sein und das darin verpackte Geschenk wird f\u00fcr immer in Ihrer Erinnerung bleiben.\u2022 Es wird aus hochwertigen Materialien hergestellt, die die Qualit\u00e4t der Verpackung und ihre Festigkeit beeintr\u00e4chtigen. Dadurch wird der Inhalt angemessen vor \u00e4u\u00dferen Einfl\u00fcssen gesch\u00fctzt.\u2022 Erf\u00fcllt zu 100% die Erwartungen und Bed\u00fcrfnisse des Kunden,\u2022 Wird zu einem erschwinglichen Preis sein.<\/p>\n<h3><strong>Wir laden Sie herzlich ein, Bestellungen f\u00fcr die Geschenkverpackung aufzugeben!<\/strong><\/h3>\n<p>Wir garantieren jedem unserer Kunden einen individuellen Ansatz, bieten Unterst\u00fctzung\u00a0 bei der Erstellung von Originalverpackungen und der Suche nach nicht trivialen L\u00f6sungen. Unsere erfahrenen Designer, die sich auf Ihre Bed\u00fcrfnisse konzentrieren, bereiten Geschenkverpackungen vor, die alle beeindrucken und dank denen Sie Ihr Ziel erreichen &#8211; Freude von einer Person in Ihrer N\u00e4he oder effektiv f\u00fcr Ihr Unternehmen und Ihre Produkte werben.<\/p>\n<p>&nbsp;<\/p>\n<p>Wir laden Sie ein, zusammenzuarbeiten und Bestellungen f\u00fcr die Geschenkverpackung zu senden!<\/p>\n\n\t\t<\/div>\n\t<\/div>\n<\/div><\/div><\/div><div id=\"tm-column-69e08a65dae9b\" class=\"wpb_column vc_column_container vc_col-sm-4\"><div class=\"vc_column-inner\"><div class=\"wpb_wrapper\"><div class=\"page-sidebar wpb_widgetised_column wpb_content_element right\">\n\t<div class=\"page-sidebar-inner\">\n\t\t<div class=\"page-sidebar-content\">\n\t\t\t<h2 class=\"wpb_heading wpb_widgetised_column_heading\">ANGEBOT<\/h2><div id=\"nav_menu-3\" class=\"widget tm-animation move-up widget_nav_menu\"><div class=\"menu-ofertade-container\"><ul id=\"menu-ofertade\" class=\"menu\"><li id=\"menu-item-2965\" class=\"menu-item menu-item-type-post_type menu-item-object-page menu-item-has-children menu-item-2965\"><a href=\"https:\/\/prostkey.pl\/de\/angebot\/verpackungen\/\">VERPACKUNGEN<\/a>\n<ul class=\"sub-menu\">\n\t<li id=\"menu-item-2970\" class=\"menu-item menu-item-type-post_type menu-item-object-page menu-item-2970\"><a href=\"https:\/\/prostkey.pl\/de\/angebot\/verpackungen\/formverpackung\/\">FORMVERPACKUNG<\/a><\/li>\n\t<li id=\"menu-item-2971\" class=\"menu-item menu-item-type-post_type menu-item-object-page menu-item-2971\"><a href=\"https:\/\/prostkey.pl\/de\/angebot\/verpackungen\/klappenverpackung\/\">KLAPPENVERPACKUNG<\/a><\/li>\n\t<li id=\"menu-item-2972\" class=\"menu-item menu-item-type-post_type menu-item-object-page menu-item-2972\"><a href=\"https:\/\/prostkey.pl\/de\/angebot\/verpackungen\/regalbereitverpackung\/\">REGALBEREITVERPACKUNG<\/a><\/li>\n\t<li id=\"menu-item-2973\" class=\"menu-item menu-item-type-post_type menu-item-object-page menu-item-2973\"><a href=\"https:\/\/prostkey.pl\/de\/angebot\/verpackungen\/geschenkverpackung\/\">GESCHENKVERPACKUNG<\/a><\/li>\n\t<li id=\"menu-item-2974\" class=\"menu-item menu-item-type-post_type menu-item-object-page menu-item-2974\"><a href=\"https:\/\/prostkey.pl\/de\/angebot\/verpackungen\/befoerderungsverpackungen\/\">BEF\u00d6RDERUNGSVERPACKUNGEN<\/a><\/li>\n<\/ul>\n<\/li>\n<li id=\"menu-item-2966\" class=\"menu-item menu-item-type-post_type menu-item-object-page menu-item-has-children menu-item-2966\"><a href=\"https:\/\/prostkey.pl\/de\/angebot\/pos\/\">POS<\/a>\n<ul class=\"sub-menu\">\n\t<li id=\"menu-item-2969\" class=\"menu-item menu-item-type-post_type menu-item-object-page menu-item-2969\"><a href=\"https:\/\/prostkey.pl\/de\/angebot\/pos\/werbestander\/\">WERBESTANDER<\/a><\/li>\n\t<li id=\"menu-item-2968\" class=\"menu-item menu-item-type-post_type menu-item-object-page menu-item-2968\"><a href=\"https:\/\/prostkey.pl\/de\/angebot\/pos\/broschurenhalter\/\">BROSCHURENHALTER<\/a><\/li>\n<\/ul>\n<\/li>\n<li id=\"menu-item-2967\" class=\"menu-item menu-item-type-post_type menu-item-object-page menu-item-2967\"><a href=\"https:\/\/prostkey.pl\/de\/angebot\/karton\/\">KARTON<\/a><\/li>\n<\/ul><\/div><\/div>\t\t<\/div>\n\t<\/div>\n<\/div>\n<\/div><\/div><\/div><\/div><div class=\"vc_row-full-width vc_clearfix\"><\/div><div id=\"tm-row-69e08a65de781\" data-vc-full-width=\"true\" data-vc-full-width-init=\"false\" data-vc-stretch-content=\"true\" class=\"vc_row vc_row-outer vc_row-fluid vc_row-no-padding vc_row-o-content-middle vc_row-flex\"><div data-src=\"https:\/\/prostkey.pl\/wp-content\/uploads\/2020\/03\/message.png\" id=\"tm-column-69e08a65deb4e\" class=\"wpb_column vc_column_container vc_col-sm-6 tm-lazy-load\"><div class=\"vc_column-inner\"><div class=\"wpb_wrapper\">\n<div class=\"tm-heading  center tm-animation move-up\" id=\"tm-heading-69e08a65dee29\">\n\t<div class=\"heading\" >Email: export@prostkey.pl<\/div><\/div>\n\n<\/div><\/div><\/div><div data-src=\"https:\/\/prostkey.pl\/wp-content\/uploads\/2020\/03\/home_01_13.png\" id=\"tm-column-69e08a65df2d6\" class=\"wpb_column vc_column_container vc_col-sm-6 tm-lazy-load\"><div class=\"vc_column-inner\"><div class=\"wpb_wrapper\">\n<div class=\"tm-heading  center tm-animation move-up\" id=\"tm-heading-69e08a65df578\">\n\t<div class=\"heading\" >Telefon: +48 87 737 12 30<\/div><\/div>\n\n<\/div><\/div><\/div><\/div><div class=\"vc_row-full-width vc_clearfix\"><\/div>","protected":false},"excerpt":{"rendered":"Kartonverpackung GESCHENKVERPACKUNG Die Vermarktungskraft von Verpackungen wird nicht einmal in Frage gestellt - je attraktiver sie sind, desto mehr Eindruck macht sie beim Kunden und desto mehr steigt das Produktinteresse. Geschenkverpackungen, die eine der Hauptpriorit\u00e4ten und die Spezialisierung von Prost-Key sind, k\u00f6nnen im Werbeprozess eine besondere Rolle spielen Sind originelle, elegante, unerwartete L\u00f6sungen, die sich auf Sonderf\u00e4lle und Kundenbed\u00fcrfnisse konzentrieren. Was ist das Ziel und der Zweck der Geschenkverpackung? &nbsp; Geschenkverpackungen, sogenannte \"Geschenkboxen\", sind eine L\u00f6sung, die sich von anderen Verpackungsarten abhebt - vor allem durch ihre Exklusivit\u00e4t und Eleganz. Sie sind speziell f\u00fcr au\u00dfergew\u00f6hnliche Ereignisse konzipiert. Die Geschenkverpackung enth\u00e4lt spezielle Dekorationen, B\u00e4nder und personalisierte Elemente, mit denen die Einzigartigkeit dieses Ereignisses oder der Person, f\u00fcr die sie bestimmt sind, hervorgehoben werden soll. Diese Originalit\u00e4t und Eleganz beeindrucken die Person, f\u00fcr die dieses Geschenk bestimmt ist, und verursachen bereits vor dem \u00d6ffnen des Geschenks nur positive Emotionen. Auf diese Weise werden positive Emotionen in Bezug auf den Hersteller dieser Geschenkverpackung aufgebaut. &nbsp; Nat\u00fcrlich k\u00f6nnen die Arten der Geschenkverpackung nicht nur eine gute Idee sein, um Gesch\u00e4ftspartnern eine positive Bewertung zu geben, sondern auch ... eine gute Werbung f\u00fcr Markenprodukte. Dank der au\u00dfergew\u00f6hnlichen \u00c4sthetik, der au\u00dfergew\u00f6hnlichen Dekoration und der v\u00f6llig individuellen Verarbeitung hinterl\u00e4sst die Geschenkverpackung unseres Unternehmens einen unvergesslichen Eindruck, der zu einem h\u00f6heren Absatz von Produkten und zur Schaffung eines positiven Images des Unternehmens f\u00fchrt. &nbsp; Geschenkverpackungen k\u00f6nnen nicht nur f\u00fcr au\u00dfergew\u00f6hnliche Anl\u00e4sse bestellt werden - sie sind h\u00e4ufig eine leistungsstarke Hilfe f\u00fcr Marketingstrategien, bei denen ein Kunde \u00fcberrascht werden kann, und erm\u00f6glichen es Unternehmen in einer Vielzahl von Branchen, Gesch\u00e4ftsziele zu erreichen.\u00a0Die Arten der Geschenkverpackung von Prost-Key sind eine Kombination aus hoher \u00c4sthetik und solider Leistung.Wir produzieren und liefern Ihnen Geschenkverpackungen von h\u00f6chster Qualit\u00e4t - wir erstellen sie auf Basis neuer Technologien und entsprechend\u00a0ausgew\u00e4hlte Materialien. In \u00dcbereinstimmung mit der Strategie unseres Unternehmens verdient jedes Geschenk eine ungew\u00f6hnliche Umgebung. Wenn Sie also eine Bestellung bei Prost-Key aufgeben, haben Sie die Garantie, dass die Verpackung:\u2022 Es wird sch\u00f6n und originell sein und das darin verpackte Geschenk wird f\u00fcr immer in Ihrer Erinnerung bleiben.\u2022 Es wird aus hochwertigen Materialien hergestellt, die die Qualit\u00e4t der Verpackung und ihre Festigkeit beeintr\u00e4chtigen. Dadurch wird der Inhalt angemessen vor \u00e4u\u00dferen Einfl\u00fcssen gesch\u00fctzt.\u2022 Erf\u00fcllt zu 100% die Erwartungen und Bed\u00fcrfnisse des Kunden,\u2022 Wird zu einem erschwinglichen Preis sein. Wir laden Sie herzlich ein, Bestellungen f\u00fcr die Geschenkverpackung aufzugeben! Wir garantieren jedem unserer Kunden einen individuellen Ansatz, bieten Unterst\u00fctzung\u00a0 bei der Erstellung von Originalverpackungen und der Suche nach nicht trivialen L\u00f6sungen. Unsere erfahrenen Designer, die sich auf Ihre Bed\u00fcrfnisse konzentrieren, bereiten Geschenkverpackungen vor, die alle beeindrucken und dank denen Sie Ihr Ziel erreichen - Freude von einer Person in Ihrer N\u00e4he oder effektiv f\u00fcr Ihr Unternehmen und Ihre Produkte werben. &nbsp; Wir laden Sie ein, zusammenzuarbeiten und Bestellungen f\u00fcr die Geschenkverpackung zu senden! ANGEBOTVERPACKUNGEN FORMVERPACKUNG KLAPPENVERPACKUNG REGALBEREITVERPACKUNG GESCHENKVERPACKUNG BEF\u00d6RDERUNGSVERPACKUNGEN POS WERBESTANDER BROSCHURENHALTER KARTON Email: info@prostkey.pl Telefon: +48 87 737 12 30","protected":false},"author":1,"featured_media":0,"parent":2830,"menu_order":0,"comment_status":"closed","ping_status":"closed","template":"","meta":[],"aioseo_notices":[],"_links":{"self":[{"href":"https:\/\/prostkey.pl\/de\/wp-json\/wp\/v2\/pages\/2859"}],"collection":[{"href":"https:\/\/prostkey.pl\/de\/wp-json\/wp\/v2\/pages"}],"about":[{"href":"https:\/\/prostkey.pl\/de\/wp-json\/wp\/v2\/types\/page"}],"author":[{"embeddable":true,"href":"https:\/\/prostkey.pl\/de\/wp-json\/wp\/v2\/users\/1"}],"replies":[{"embeddable":true,"href":"https:\/\/prostkey.pl\/de\/wp-json\/wp\/v2\/comments?post=2859"}],"version-history":[{"count":4,"href":"https:\/\/prostkey.pl\/de\/wp-json\/wp\/v2\/pages\/2859\/revisions"}],"predecessor-version":[{"id":4213,"href":"https:\/\/prostkey.pl\/de\/wp-json\/wp\/v2\/pages\/2859\/revisions\/4213"}],"up":[{"embeddable":true,"href":"https:\/\/prostkey.pl\/de\/wp-json\/wp\/v2\/pages\/2830"}],"wp:attachment":[{"href":"https:\/\/prostkey.pl\/de\/wp-json\/wp\/v2\/media?parent=2859"}],"curies":[{"name":"wp","href":"https:\/\/api.w.org\/{rel}","templated":true}]}}