{"id":2883,"date":"2020-08-24T13:54:40","date_gmt":"2020-08-24T11:54:40","guid":{"rendered":"https:\/\/prostkey.pl\/?page_id=2883"},"modified":"2025-04-10T11:52:57","modified_gmt":"2025-04-10T09:52:57","slug":"befoerderungsverpackungen","status":"publish","type":"page","link":"https:\/\/prostkey.pl\/de\/angebot\/verpackungen\/befoerderungsverpackungen\/","title":{"rendered":"BEF\u00d6RDERUNGSVERPACKUNGEN"},"content":{"rendered":"<div data-src=\"https:\/\/prostkey.pl\/wp-content\/uploads\/2020\/03\/home_00_09.png\" id=\"tm-row-69dbf992e7c12\" data-vc-full-width=\"true\" data-vc-full-width-init=\"false\" class=\"vc_row vc_row-outer vc_row-fluid tm-lazy-load\"><div id=\"tm-column-69dbf992e82b4\" class=\"wpb_column vc_column_container vc_col-sm-8\"><div class=\"vc_column-inner\"><div class=\"wpb_wrapper\">\n<div class=\"tm-heading vc_custom_1598269934500  left tm-animation move-up\" id=\"tm-heading-69dbf992e857e\">\n\t<h3 class=\"heading\" >Kartonverpackung<\/h3><\/div>\n\n\n<div class=\"tm-heading vc_custom_1598269944600 with-separator-05 left\" id=\"tm-heading-69dbf992e8881\">\n\t<h2 class=\"heading\" >WERBEVERPACKUNG<\/h2><\/div>\n\n\n<div class=\"tm-heading vc_custom_1598269958978  left\" id=\"tm-heading-69dbf992e8bbf\">\n\t<div class=\"heading\" >Die Aufmerksamkeit eines potenziellen Kunden auf sich zu ziehen, ist der erste Schritt, um sich f\u00fcr Ihr kommerzielles Angebot zu interessieren und den Wunsch zu wecken, einen Kauf zu t\u00e4tigen. Wie kann ich das machen? Es gibt viele Methoden, aber die effektivsten sind Wellpappenverpackungen und laminierte Verpackungen, und optisch attraktive Schachteln aus Wellpappe oder laminiertem Karton eignen sich perfekt f\u00fcr Werbeprodukte. Prost-Key ist als Hersteller von dekorativen Verpackungen auf die Herstellung von laminierten Verpackungen spezialisiert und bietet bew\u00e4hrte L\u00f6sungen, die Ihren Erwartungen entsprechen.<\/div><\/div>\n\n<div class=\"tm-gallery-slider tm-grid-wrapper  tm-light-slider-wrap\" id=\"tm-gallery-slider-69dbf992e8f01\">\n\t<div class=\"tm-light-slider\">\n\n\t\t\n\t\t\t<div data-thumb=\"https:\/\/prostkey.pl\/wp-content\/uploads\/2020\/03\/promo1-170x100.png\">\n\t\t\t\t<img src=\"https:\/\/prostkey.pl\/wp-content\/uploads\/2020\/03\/promo1-740x493.png\" alt=\"producent opakowan ozdobnych - opakowania kaszerowane\" \/>\t\t\t\t\t\t\t<\/div>\n\t\t\t\n\t\t\t<div data-thumb=\"https:\/\/prostkey.pl\/wp-content\/uploads\/2020\/04\/promo2_optimized-170x100.jpg\">\n\t\t\t\t<img src=\"https:\/\/prostkey.pl\/wp-content\/uploads\/2020\/04\/promo2_optimized.jpg\" alt=\"promo2_optimized\" \/>\t\t\t\t\t\t\t<\/div>\n\t\t\t\n\t<\/div>\n<\/div>\n<div class=\"tm-spacer\" id=\"tm-spacer-69dbf992ea9d2\"><\/div>\n<div class=\"vc_separator wpb_content_element vc_separator_align_center vc_sep_width_100 vc_sep_pos_align_center vc_sep_color_grey vc_custom_1591703562719\" ><span class=\"vc_sep_holder vc_sep_holder_l\"><span  class=\"vc_sep_line\"><\/span><\/span><span class=\"vc_sep_holder vc_sep_holder_r\"><span  class=\"vc_sep_line\"><\/span><\/span>\n<\/div><div class=\"tm-spacer\" id=\"tm-spacer-69dbf992eab9e\"><\/div>\n\n\t<div class=\"wpb_text_column wpb_content_element\" >\n\t\t<div class=\"wpb_wrapper\">\n\t\t\t<h3><strong>Laminierte Verpackungen sind der beste Weg, um f\u00fcr Produkte zu werben.<\/strong><\/h3>\n<p>Laminierte Verpackungen werden hergestellt, indem fester Karton (mit oder ohne Druck) auf Wellpappe geklebt wird. Dadurch werden wir raffinierter und attraktiver (mit laminiertem Blattdruck) und haltbarer. Die laminierte Folie kann &#8220;nach Wunsch versiegelt und dekoriert&#8221; werden, was sich in der \u00c4sthetik der Verpackung widerspiegelt. Diese Art der Verpackung ist in verschiedenen Branchen weit verbreitet und erm\u00f6glicht es Ihnen, f\u00fcr eine Vielzahl von Produkten zu werben.<\/p>\n<p><strong>Der wichtigste Vorteil dieser Art von L\u00f6sung ist nat\u00fcrlich ihre \u00c4sthetik: <\/strong><\/p>\n<p>Laminierte Verpackungen k\u00f6nnen verschiedene Formen, Gr\u00f6\u00dfen und Designs haben. Auf die \u00e4u\u00dfere Oberfl\u00e4che der Verpackung k\u00f6nnen Sie einen Druck auftragen, die Oberfl\u00e4che beispielsweise mit Lacken verfeinern: UV, Soft Touch, Matte, Dispersionslack, Hei\u00dfheften, die ein Ziel haben &#8211; die Aufmerksamkeit potenzieller Kunden zu erregen und den Umsatz zu steigern.<\/p>\n<p>&nbsp;<\/p>\n<h3>Wetten Sie auf die beste Verpackung &#8211; laminiert!<\/h3>\n<p>Hochwertiger Offsetdruck, eine angemessene Auswahl an Rohstoffen sowie moderne Laminiermaschinen sorgen f\u00fcr eine hohe Effizienz. Laminierte Verpackungen kombinieren die wichtigsten Verpackungsmerkmale:<\/p>\n<p>\u2022 Optische Attraktivit\u00e4t &#8211; dank der Verwendung von Offsetdruck und verschiedenen Arten von Dekorationen, die die Aufmerksamkeit der Kunden auf sich ziehen;<\/p>\n<p>\u2022 Bietet eine gro\u00dfe Auswahl an Designs;<\/p>\n<p>\u2022 Gew\u00e4hrleistet die Sicherheit des verpackten Produkts.<\/p>\n<p>Wir laden Sie ein, sich an unsere Spezialisten zu wenden. Wir entwerfen, produzieren und liefern Ihnen laminierte Verpackungen, die an Ihre Bed\u00fcrfnisse angepasst sind. Dies hilft Ihnen bei der effektiven Werbung f\u00fcr Ihre Produkt- und Markenmarke. Wir garantieren, dass kein Kunde gleichg\u00fcltig vorbeikommt!<\/p>\n\n\t\t<\/div>\n\t<\/div>\n<\/div><\/div><\/div><div id=\"tm-column-69dbf992ead79\" class=\"wpb_column vc_column_container vc_col-sm-4\"><div class=\"vc_column-inner\"><div class=\"wpb_wrapper\"><div class=\"page-sidebar wpb_widgetised_column wpb_content_element right\">\n\t<div class=\"page-sidebar-inner\">\n\t\t<div class=\"page-sidebar-content\">\n\t\t\t<h2 class=\"wpb_heading wpb_widgetised_column_heading\">ANGEBOT<\/h2><div id=\"nav_menu-3\" class=\"widget tm-animation move-up widget_nav_menu\"><div class=\"menu-ofertade-container\"><ul id=\"menu-ofertade\" class=\"menu\"><li id=\"menu-item-2965\" class=\"menu-item menu-item-type-post_type menu-item-object-page menu-item-has-children menu-item-2965\"><a href=\"https:\/\/prostkey.pl\/de\/angebot\/verpackungen\/\">VERPACKUNGEN<\/a>\n<ul class=\"sub-menu\">\n\t<li id=\"menu-item-2970\" class=\"menu-item menu-item-type-post_type menu-item-object-page menu-item-2970\"><a href=\"https:\/\/prostkey.pl\/de\/angebot\/verpackungen\/formverpackung\/\">FORMVERPACKUNG<\/a><\/li>\n\t<li id=\"menu-item-2971\" class=\"menu-item menu-item-type-post_type menu-item-object-page menu-item-2971\"><a href=\"https:\/\/prostkey.pl\/de\/angebot\/verpackungen\/klappenverpackung\/\">KLAPPENVERPACKUNG<\/a><\/li>\n\t<li id=\"menu-item-2972\" class=\"menu-item menu-item-type-post_type menu-item-object-page menu-item-2972\"><a href=\"https:\/\/prostkey.pl\/de\/angebot\/verpackungen\/regalbereitverpackung\/\">REGALBEREITVERPACKUNG<\/a><\/li>\n\t<li id=\"menu-item-2973\" class=\"menu-item menu-item-type-post_type menu-item-object-page menu-item-2973\"><a href=\"https:\/\/prostkey.pl\/de\/angebot\/verpackungen\/geschenkverpackung\/\">GESCHENKVERPACKUNG<\/a><\/li>\n\t<li id=\"menu-item-2974\" class=\"menu-item menu-item-type-post_type menu-item-object-page menu-item-2974\"><a href=\"https:\/\/prostkey.pl\/de\/angebot\/verpackungen\/befoerderungsverpackungen\/\">BEF\u00d6RDERUNGSVERPACKUNGEN<\/a><\/li>\n<\/ul>\n<\/li>\n<li id=\"menu-item-2966\" class=\"menu-item menu-item-type-post_type menu-item-object-page menu-item-has-children menu-item-2966\"><a href=\"https:\/\/prostkey.pl\/de\/angebot\/pos\/\">POS<\/a>\n<ul class=\"sub-menu\">\n\t<li id=\"menu-item-2969\" class=\"menu-item menu-item-type-post_type menu-item-object-page menu-item-2969\"><a href=\"https:\/\/prostkey.pl\/de\/angebot\/pos\/werbestander\/\">WERBESTANDER<\/a><\/li>\n\t<li id=\"menu-item-2968\" class=\"menu-item menu-item-type-post_type menu-item-object-page menu-item-2968\"><a href=\"https:\/\/prostkey.pl\/de\/angebot\/pos\/broschurenhalter\/\">BROSCHURENHALTER<\/a><\/li>\n<\/ul>\n<\/li>\n<li id=\"menu-item-2967\" class=\"menu-item menu-item-type-post_type menu-item-object-page menu-item-2967\"><a href=\"https:\/\/prostkey.pl\/de\/angebot\/karton\/\">KARTON<\/a><\/li>\n<\/ul><\/div><\/div>\t\t<\/div>\n\t<\/div>\n<\/div>\n<\/div><\/div><\/div><\/div><div class=\"vc_row-full-width vc_clearfix\"><\/div><div id=\"tm-row-69dbf992ee132\" data-vc-full-width=\"true\" data-vc-full-width-init=\"false\" data-vc-stretch-content=\"true\" class=\"vc_row vc_row-outer vc_row-fluid vc_row-no-padding vc_row-o-content-middle vc_row-flex\"><div data-src=\"https:\/\/prostkey.pl\/wp-content\/uploads\/2020\/03\/message.png\" id=\"tm-column-69dbf992ee56d\" class=\"wpb_column vc_column_container vc_col-sm-6 tm-lazy-load\"><div class=\"vc_column-inner\"><div class=\"wpb_wrapper\">\n<div class=\"tm-heading  center tm-animation move-up\" id=\"tm-heading-69dbf992ee813\">\n\t<div class=\"heading\" >Email: export@prostkey.pl<\/div><\/div>\n\n<\/div><\/div><\/div><div data-src=\"https:\/\/prostkey.pl\/wp-content\/uploads\/2020\/03\/home_01_13.png\" id=\"tm-column-69dbf992eec46\" class=\"wpb_column vc_column_container vc_col-sm-6 tm-lazy-load\"><div class=\"vc_column-inner\"><div class=\"wpb_wrapper\">\n<div class=\"tm-heading  center tm-animation move-up\" id=\"tm-heading-69dbf992eeeb5\">\n\t<div class=\"heading\" >Telefon: +48 87 737 12 30<\/div><\/div>\n\n<\/div><\/div><\/div><\/div><div class=\"vc_row-full-width vc_clearfix\"><\/div>","protected":false},"excerpt":{"rendered":"Kartonverpackung WERBEVERPACKUNG Die Aufmerksamkeit eines potenziellen Kunden auf sich zu ziehen, ist der erste Schritt, um sich f\u00fcr Ihr kommerzielles Angebot zu interessieren und den Wunsch zu wecken, einen Kauf zu t\u00e4tigen. Wie kann ich das machen? Es gibt viele Methoden, aber die effektivsten sind Wellpappenverpackungen und laminierte Verpackungen, und optisch attraktive Schachteln aus Wellpappe oder laminiertem Karton eignen sich perfekt f\u00fcr Werbeprodukte. Prost-Key ist als Hersteller von dekorativen Verpackungen auf die Herstellung von laminierten Verpackungen spezialisiert und bietet bew\u00e4hrte L\u00f6sungen, die Ihren Erwartungen entsprechen. Laminierte Verpackungen sind der beste Weg, um f\u00fcr Produkte zu werben. Laminierte Verpackungen werden hergestellt, indem fester Karton (mit oder ohne Druck) auf Wellpappe geklebt wird. Dadurch werden wir raffinierter und attraktiver (mit laminiertem Blattdruck) und haltbarer. Die laminierte Folie kann \"nach Wunsch versiegelt und dekoriert\" werden, was sich in der \u00c4sthetik der Verpackung widerspiegelt. Diese Art der Verpackung ist in verschiedenen Branchen weit verbreitet und erm\u00f6glicht es Ihnen, f\u00fcr eine Vielzahl von Produkten zu werben. Der wichtigste Vorteil dieser Art von L\u00f6sung ist nat\u00fcrlich ihre \u00c4sthetik: Laminierte Verpackungen k\u00f6nnen verschiedene Formen, Gr\u00f6\u00dfen und Designs haben. Auf die \u00e4u\u00dfere Oberfl\u00e4che der Verpackung k\u00f6nnen Sie einen Druck auftragen, die Oberfl\u00e4che beispielsweise mit Lacken verfeinern: UV, Soft Touch, Matte, Dispersionslack, Hei\u00dfheften, die ein Ziel haben - die Aufmerksamkeit potenzieller Kunden zu erregen und den Umsatz zu steigern. &nbsp; Wetten Sie auf die beste Verpackung - laminiert! Hochwertiger Offsetdruck, eine angemessene Auswahl an Rohstoffen sowie moderne Laminiermaschinen sorgen f\u00fcr eine hohe Effizienz. Laminierte Verpackungen kombinieren die wichtigsten Verpackungsmerkmale: \u2022 Optische Attraktivit\u00e4t - dank der Verwendung von Offsetdruck und verschiedenen Arten von Dekorationen, die die Aufmerksamkeit der Kunden auf sich ziehen; \u2022 Bietet eine gro\u00dfe Auswahl an Designs; \u2022 Gew\u00e4hrleistet die Sicherheit des verpackten Produkts. Wir laden Sie ein, sich an unsere Spezialisten zu wenden. Wir entwerfen, produzieren und liefern Ihnen laminierte Verpackungen, die an Ihre Bed\u00fcrfnisse angepasst sind. Dies hilft Ihnen bei der effektiven Werbung f\u00fcr Ihre Produkt- und Markenmarke. Wir garantieren, dass kein Kunde gleichg\u00fcltig vorbeikommt! ANGEBOTVERPACKUNGEN FORMVERPACKUNG KLAPPENVERPACKUNG REGALBEREITVERPACKUNG GESCHENKVERPACKUNG BEF\u00d6RDERUNGSVERPACKUNGEN POS WERBESTANDER BROSCHURENHALTER KARTON Email: info@prostkey.pl Telefon: +48 87 737 12 30","protected":false},"author":1,"featured_media":0,"parent":2830,"menu_order":0,"comment_status":"closed","ping_status":"closed","template":"","meta":[],"aioseo_notices":[],"_links":{"self":[{"href":"https:\/\/prostkey.pl\/de\/wp-json\/wp\/v2\/pages\/2883"}],"collection":[{"href":"https:\/\/prostkey.pl\/de\/wp-json\/wp\/v2\/pages"}],"about":[{"href":"https:\/\/prostkey.pl\/de\/wp-json\/wp\/v2\/types\/page"}],"author":[{"embeddable":true,"href":"https:\/\/prostkey.pl\/de\/wp-json\/wp\/v2\/users\/1"}],"replies":[{"embeddable":true,"href":"https:\/\/prostkey.pl\/de\/wp-json\/wp\/v2\/comments?post=2883"}],"version-history":[{"count":3,"href":"https:\/\/prostkey.pl\/de\/wp-json\/wp\/v2\/pages\/2883\/revisions"}],"predecessor-version":[{"id":4214,"href":"https:\/\/prostkey.pl\/de\/wp-json\/wp\/v2\/pages\/2883\/revisions\/4214"}],"up":[{"embeddable":true,"href":"https:\/\/prostkey.pl\/de\/wp-json\/wp\/v2\/pages\/2830"}],"wp:attachment":[{"href":"https:\/\/prostkey.pl\/de\/wp-json\/wp\/v2\/media?parent=2883"}],"curies":[{"name":"wp","href":"https:\/\/api.w.org\/{rel}","templated":true}]}}