{"id":2896,"date":"2020-08-24T14:35:45","date_gmt":"2020-08-24T12:35:45","guid":{"rendered":"https:\/\/prostkey.pl\/?page_id=2896"},"modified":"2025-04-10T11:30:20","modified_gmt":"2025-04-10T09:30:20","slug":"pos","status":"publish","type":"page","link":"https:\/\/prostkey.pl\/de\/angebot\/pos\/","title":{"rendered":"POS"},"content":{"rendered":"<div data-src=\"https:\/\/prostkey.pl\/wp-content\/uploads\/2020\/03\/home_00_09.png\" id=\"tm-row-69e08b99c13fa\" data-vc-full-width=\"true\" data-vc-full-width-init=\"false\" class=\"vc_row vc_row-outer vc_row-fluid tm-lazy-load vc_row-o-content-middle vc_row-flex\"><div id=\"tm-column-69e08b99c1959\" class=\"top wpb_column vc_column_container vc_col-sm-6\"><div class=\"vc_column-inner\"><div class=\"wpb_wrapper\">\n<div class=\"tm-heading vc_custom_1653979720572  left tm-animation move-up\" id=\"tm-heading-69e08b99c1b3b\">\n\t<h2 class=\"heading\" >POS-Werbematerialien<\/h2><\/div>\n\n\n<div class=\"tm-heading vc_custom_1598341651270 with-separator-05 left\" id=\"tm-heading-69e08b99c1dea\">\n\t<div class=\"heading\" >Produktwerbung am Point of Sale.<\/div><\/div>\n\n<\/div><\/div><\/div><div id=\"tm-column-69e08b99c20ca\" class=\"wpb_column vc_column_container vc_col-sm-6\"><div class=\"vc_column-inner\"><div class=\"wpb_wrapper\">\n<div class=\"tm-heading vc_custom_1598341990629  left\" id=\"tm-heading-69e08b99c229e\">\n\t<div class=\"heading\" >Bei der Erstellung von Werbematerialien konzentrieren wir uns auf deren Marketing-Obert\u00f6ne. Formen, Farben und Displays sollen hier und jetzt die Aufmerksamkeit der Kunden auf sich ziehen. Bei der Gestaltung des Layouts vergessen wir nicht die Praktikabilit\u00e4t der angebotenen L\u00f6sungen. Unsere Produkte k\u00f6nnen beispielsweise die Funktion eines Feeders haben, wodurch sich die Produkte unter dem Einfluss der Schwerkraft \"an die erste Stelle\" bewegen.<\/div><\/div>\n\n<\/div><\/div><\/div><\/div><div class=\"vc_row-full-width vc_clearfix\"><\/div><div id=\"tm-row-69e08b99c2610\" data-vc-full-width=\"true\" data-vc-full-width-init=\"false\" class=\"vc_row vc_row-outer vc_row-fluid vc_row-o-content-middle vc_row-flex\"><div id=\"tm-column-69e08b99c2880\" class=\"wpb_column vc_column_container vc_col-sm-6\"><div class=\"vc_column-inner\"><div class=\"wpb_wrapper\"><div class=\"tm-image  tm-animation move-up\" id=\"tm-image-69e08b99c2a39\">\n\t\t\t<a href=\"\/oferta\/pos\/standy\/\"title=\"STANDY\" ><div class=\"image\"><img src=\"https:\/\/prostkey.pl\/wp-content\/uploads\/2020\/03\/214-e1594019427863.png\" alt=\"stojaki reklamowe\" \/><\/div><\/a>\t\t<\/div>\n<div class=\"tm-spacer\" id=\"tm-spacer-69e08b99c3692\"><\/div>\n<\/div><\/div><\/div><div id=\"tm-column-69e08b99c37aa\" class=\"wpb_column vc_column_container vc_col-sm-6\"><div class=\"vc_column-inner\"><div class=\"wpb_wrapper\">\n<div class=\"tm-heading vc_custom_1598272655217 with-separator-05 left\" id=\"tm-heading-69e08b99c392a\">\n\t<div class=\"heading\" >WERBEST\u00c4NDER<\/div><\/div>\n\n\n<div class=\"tm-heading vc_custom_1598272694010  left\" id=\"tm-heading-69e08b99c3bb8\">\n\t<div class=\"heading\" >St\u00e4nde oder Werbest\u00e4nde sind eine der billigsten und effektivsten M\u00f6glichkeiten, Ihre Marke und Produkte zu bewerben. Sie bestehen den Test und liefern gute Ergebnisse, wenn sie in Gesch\u00e4ften installiert werden, wo sie effektiv und mit guten Ergebnissen Markenprodukte...<\/div><\/div>\n\n\n<div class=\"tm-heading modern-with-separator-02 left tm-animation move-up\" id=\"tm-heading-69e08b99c3e5e\">\n\t<p class=\"heading\" ><a href=\"\/de\/angebot\/pos\/werbestander\/\">Lesen Sie, bitte, weiter ...<\/a><\/p><\/div>\n\n<\/div><\/div><\/div><\/div><div class=\"vc_row-full-width vc_clearfix\"><\/div><div id=\"tm-row-69e08b99c414c\" class=\"vc_row vc_row-outer vc_row-fluid\"><div id=\"tm-column-69e08b99c438e\" class=\"wpb_column vc_column_container vc_col-sm-12\"><div class=\"vc_column-inner\"><div class=\"wpb_wrapper\"><div class=\"tm-separator  style-single-line\" id=\"tm-separator-69e08b99c4595\">\n\t<div class=\"separator-wrap\"\n\t\t\t>\n\n\t\t\n\t<\/div>\n<\/div>\n<\/div><\/div><\/div><\/div><div data-src=\"https:\/\/prostkey.pl\/wp-content\/uploads\/2020\/03\/testi-h8-bg.png\" id=\"tm-row-69e08b99c499c\" data-vc-full-width=\"true\" data-vc-full-width-init=\"false\" class=\"vc_row vc_row-outer vc_row-fluid tm-lazy-load vc_row-o-content-middle vc_row-flex\"><div id=\"tm-column-69e08b99c4ce1\" class=\"wpb_column vc_column_container vc_col-sm-6\"><div class=\"vc_column-inner\"><div class=\"wpb_wrapper\">\n<div class=\"tm-heading vc_custom_1598342313704 with-separator-05 left\" id=\"tm-heading-69e08b99c4e44\">\n\t<div class=\"heading\" >Brosch\u00fcrenhalter<\/div><\/div>\n\n\n<div class=\"tm-heading vc_custom_1598342303415  left\" id=\"tm-heading-69e08b99c506f\">\n\t<div class=\"heading\" >Brosch\u00fcrenhalter sind eine n\u00fctzliche und bequeme L\u00f6sung, die sich hervorragend f\u00fcr Messen und Tagungen eignet.<\/div><\/div>\n\n\n<div class=\"tm-heading modern-with-separator-02 left tm-animation move-up\" id=\"tm-heading-69e08b99c52a1\">\n\t<p class=\"heading\" ><a href=\"\/de\/angebot\/pos\/broschurenhalter\">Lesen Sie, bitte, weiter ...<\/a><\/p><\/div>\n\n<\/div><\/div><\/div><div id=\"tm-column-69e08b99c5581\" class=\"wpb_column vc_column_container vc_col-sm-6\"><div class=\"vc_column-inner\"><div class=\"wpb_wrapper\"><div class=\"tm-image  tm-animation move-up\" id=\"tm-image-69e08b99c56ba\">\n\t\t\t<a href=\"\/oferta\/pos\/ulotkowniki\/\"title=\"ULOTKOWNIKI\" ><div class=\"image\"><img src=\"https:\/\/prostkey.pl\/wp-content\/uploads\/2020\/03\/ulotkownik1.png\" alt=\"stojaki na ulotki\" \/><\/div><\/a>\t\t<\/div>\n<div class=\"tm-spacer\" id=\"tm-spacer-69e08b99c61e3\"><\/div>\n<\/div><\/div><\/div><\/div><div class=\"vc_row-full-width vc_clearfix\"><\/div><div id=\"tm-row-69e08b99c62f6\" data-vc-full-width=\"true\" data-vc-full-width-init=\"false\" data-vc-stretch-content=\"true\" class=\"vc_row vc_row-outer vc_row-fluid vc_row-no-padding vc_row-o-content-middle vc_row-flex\"><div data-src=\"https:\/\/prostkey.pl\/wp-content\/uploads\/2020\/03\/message.png\" id=\"tm-column-69e08b99c6652\" class=\"wpb_column vc_column_container vc_col-sm-6 tm-lazy-load\"><div class=\"vc_column-inner\"><div class=\"wpb_wrapper\">\n<div class=\"tm-heading  center tm-animation move-up\" id=\"tm-heading-69e08b99c68a2\">\n\t<div class=\"heading\" >Email: export@prostkey.pl<\/div><\/div>\n\n<\/div><\/div><\/div><div data-src=\"https:\/\/prostkey.pl\/wp-content\/uploads\/2020\/03\/home_01_13.png\" id=\"tm-column-69e08b99c6c9f\" class=\"wpb_column vc_column_container vc_col-sm-6 tm-lazy-load\"><div class=\"vc_column-inner\"><div class=\"wpb_wrapper\">\n<div class=\"tm-heading  center tm-animation move-up\" id=\"tm-heading-69e08b99c6ede\">\n\t<div class=\"heading\" >Telefon: +48 87 737 12 30<\/div><\/div>\n\n<\/div><\/div><\/div><\/div><div class=\"vc_row-full-width vc_clearfix\"><\/div>","protected":false},"excerpt":{"rendered":"POS-Werbematerialien Produktwerbung am Point of Sale. Bei der Erstellung von Werbematerialien konzentrieren wir uns auf deren Marketing-Obert\u00f6ne. Formen, Farben und Displays sollen hier und jetzt die Aufmerksamkeit der Kunden auf sich ziehen. Bei der Gestaltung des Layouts vergessen wir nicht die Praktikabilit\u00e4t der angebotenen L\u00f6sungen. Unsere Produkte k\u00f6nnen beispielsweise die Funktion eines Feeders haben, wodurch sich die Produkte unter dem Einfluss der Schwerkraft \"an die erste Stelle\" bewegen. WERBEST\u00c4NDER St\u00e4nde oder Werbest\u00e4nde sind eine der billigsten und effektivsten M\u00f6glichkeiten, Ihre Marke und Produkte zu bewerben. Sie bestehen den Test und liefern gute Ergebnisse, wenn sie in Gesch\u00e4ften installiert werden, wo sie effektiv und mit guten Ergebnissen Markenprodukte... Lesen Sie, bitte, weiter ... Brosch\u00fcrenhalter Brosch\u00fcrenhalter sind eine n\u00fctzliche und bequeme L\u00f6sung, die sich hervorragend f\u00fcr Messen und Tagungen eignet. Lesen Sie, bitte, weiter ... Email: info@prostkey.pl Telefon: +48 87 737 12 30","protected":false},"author":1,"featured_media":0,"parent":2786,"menu_order":0,"comment_status":"closed","ping_status":"closed","template":"","meta":[],"aioseo_notices":[],"_links":{"self":[{"href":"https:\/\/prostkey.pl\/de\/wp-json\/wp\/v2\/pages\/2896"}],"collection":[{"href":"https:\/\/prostkey.pl\/de\/wp-json\/wp\/v2\/pages"}],"about":[{"href":"https:\/\/prostkey.pl\/de\/wp-json\/wp\/v2\/types\/page"}],"author":[{"embeddable":true,"href":"https:\/\/prostkey.pl\/de\/wp-json\/wp\/v2\/users\/1"}],"replies":[{"embeddable":true,"href":"https:\/\/prostkey.pl\/de\/wp-json\/wp\/v2\/comments?post=2896"}],"version-history":[{"count":7,"href":"https:\/\/prostkey.pl\/de\/wp-json\/wp\/v2\/pages\/2896\/revisions"}],"predecessor-version":[{"id":4412,"href":"https:\/\/prostkey.pl\/de\/wp-json\/wp\/v2\/pages\/2896\/revisions\/4412"}],"up":[{"embeddable":true,"href":"https:\/\/prostkey.pl\/de\/wp-json\/wp\/v2\/pages\/2786"}],"wp:attachment":[{"href":"https:\/\/prostkey.pl\/de\/wp-json\/wp\/v2\/media?parent=2896"}],"curies":[{"name":"wp","href":"https:\/\/api.w.org\/{rel}","templated":true}]}}