{"id":2906,"date":"2020-08-25T10:08:31","date_gmt":"2020-08-25T08:08:31","guid":{"rendered":"https:\/\/prostkey.pl\/?page_id=2906"},"modified":"2025-04-10T11:52:16","modified_gmt":"2025-04-10T09:52:16","slug":"broschurenhalter","status":"publish","type":"page","link":"https:\/\/prostkey.pl\/de\/angebot\/pos\/broschurenhalter\/","title":{"rendered":"BROSCHURENHALTER"},"content":{"rendered":"<div data-src=\"https:\/\/prostkey.pl\/wp-content\/uploads\/2020\/03\/home_00_09.png\" id=\"tm-row-69e07bd987eb5\" data-vc-full-width=\"true\" data-vc-full-width-init=\"false\" class=\"vc_row vc_row-outer vc_row-fluid tm-lazy-load\"><div id=\"tm-column-69e07bd988306\" class=\"wpb_column vc_column_container vc_col-sm-8\"><div class=\"vc_column-inner\"><div class=\"wpb_wrapper\">\n<div class=\"tm-heading vc_custom_1591704283631  left tm-animation move-up\" id=\"tm-heading-69e07bd988505\">\n\t<h3 class=\"heading\" >Materia\u0142y POS<\/h3><\/div>\n\n\n<div class=\"tm-heading vc_custom_1598342839501 with-separator-05 left\" id=\"tm-heading-69e07bd9887b5\">\n\t<h2 class=\"heading\" >BROSCH\u00dcREHALTER - RACKS F\u00dcR BROSCH\u00dcRE<\/h2><\/div>\n\n\n<div class=\"tm-heading vc_custom_1598342845444  left\" id=\"tm-heading-69e07bd9889f1\">\n\t<div class=\"heading\" >Bei Prost-Key bieten wir die besten L\u00f6sungen f\u00fcr Werbeprodukte und -Dienstleistungen sowie f\u00fcr die Gesch\u00e4ftsentwicklung - deshalb erfreuen sich unsere Produkte bei den Kunden gro\u00dfer Beliebtheit. Zu den oben genannten Produkten geh\u00f6ren Brosch\u00fcrenst\u00e4nder, die eine gr\u00fcndliche L\u00f6sung f\u00fcr die Verteilung von Werbematerialien darstellen. Sie sind nicht trotzig, sie ziehen auf magische Weise die Augen potenzieller Kunden an. Sie k\u00f6nnen auf Messen, Konferenzen und Kundengespr\u00e4chen am Hauptsitz des Unternehmens ausgestellt werden.<\/div><\/div>\n\n<div class=\"tm-gallery-slider tm-grid-wrapper  tm-light-slider-wrap\" id=\"tm-gallery-slider-69e07bd988c3f\">\n\t<div class=\"tm-light-slider\">\n\n\t\t\n\t\t\t<div data-thumb=\"https:\/\/prostkey.pl\/wp-content\/uploads\/2020\/03\/ulotkownik1-170x100.png\">\n\t\t\t\t<img src=\"https:\/\/prostkey.pl\/wp-content\/uploads\/2020\/03\/ulotkownik1-740x493.png\" alt=\"stojaki na ulotki\" \/>\t\t\t\t\t\t\t<\/div>\n\t\t\t\n\t\t\t<div data-thumb=\"https:\/\/prostkey.pl\/wp-content\/uploads\/2020\/04\/ulotkownik2-170x100.jpg\">\n\t\t\t\t<img src=\"https:\/\/prostkey.pl\/wp-content\/uploads\/2020\/04\/ulotkownik2.jpg\" alt=\"ulotkownik2\" \/>\t\t\t\t\t\t\t<\/div>\n\t\t\t\n\t<\/div>\n<\/div>\n<div class=\"tm-spacer\" id=\"tm-spacer-69e07bd98a12f\"><\/div>\n<div class=\"vc_separator wpb_content_element vc_separator_align_center vc_sep_width_100 vc_sep_pos_align_center vc_sep_color_grey vc_custom_1591704326914\" ><span class=\"vc_sep_holder vc_sep_holder_l\"><span  class=\"vc_sep_line\"><\/span><\/span><span class=\"vc_sep_holder vc_sep_holder_r\"><span  class=\"vc_sep_line\"><\/span><\/span>\n<\/div><div class=\"tm-spacer\" id=\"tm-spacer-69e07bd98a286\"><\/div>\n\n\t<div class=\"wpb_text_column wpb_content_element\" >\n\t\t<div class=\"wpb_wrapper\">\n\t\t\t<h3><strong>Was sind Brosch\u00fcren- und Flyerst\u00e4nde?<\/strong><\/h3>\n<p>In Regalen f\u00fcr Brosch\u00fcren und Faltbl\u00e4tter k\u00f6nnen Sie Werbematerialien anzeigen, f\u00fcr die ein potenzieller Kunde in seiner Freizeit Kontakt aufnehmen kann. Brosch\u00fcren und Faltbl\u00e4tter befinden sich in speziellen Taschen, die so eingestellt sind, dass Sie einfach und m\u00fchelos nach zus\u00e4tzlichen Informationen zum Produkt suchen k\u00f6nnen.<\/p>\n<h3><strong>Was sind die Vorteile unserer Flyer- und Brosch\u00fcrenst\u00e4nde?<\/strong><\/h3>\n<p>Wenn Sie in einen Flyer und ein Brosch\u00fcrenregal investieren, k\u00f6nnen Sie sicher sein, dass es sich um Folgendes handelt:<\/p>\n<ul>\n<li>sind eine sehr effektive M\u00f6glichkeit, verschiedene Arten von Werbematerial zu verteilen &#8211; nicht nur Brosch\u00fcren, sondern auch Brosch\u00fcren, Ordner oder Kataloge;<\/li>\n<li>Ideal f\u00fcr die visuelle Identifizierung Ihres Unternehmens angepasst, beteiligen sie sich nicht nur an der Werbung f\u00fcr Ihre Produkte, sondern auch an der gesamten Marke.<\/li>\n<li>Leicht und sehr einfach zu transportieren, dank derer sie an einer Vielzahl von Orten und bei verschiedenen Veranstaltungen eingesetzt werden k\u00f6nnen.<\/li>\n<li>Universell einsetzbar und funktional &#8211; sie k\u00f6nnen mit verschiedenen Arten von Taschen ausgestattet werden, haben verschiedene Abmessungen usw. ;<\/li>\n<\/ul>\n<p>Wenn Sie Brosch\u00fcren ben\u00f6tigen oder weitere Informationen zu diesem Thema erhalten m\u00f6chten, laden wir Sie zur Zusammenarbeit ein.<\/p>\n\n\t\t<\/div>\n\t<\/div>\n<\/div><\/div><\/div><div id=\"tm-column-69e07bd98a44c\" class=\"wpb_column vc_column_container vc_col-sm-4\"><div class=\"vc_column-inner\"><div class=\"wpb_wrapper\"><div class=\"page-sidebar wpb_widgetised_column wpb_content_element right\">\n\t<div class=\"page-sidebar-inner\">\n\t\t<div class=\"page-sidebar-content\">\n\t\t\t<h2 class=\"wpb_heading wpb_widgetised_column_heading\">ANGEBOT<\/h2><div id=\"nav_menu-3\" class=\"widget tm-animation move-up widget_nav_menu\"><div class=\"menu-ofertade-container\"><ul id=\"menu-ofertade\" class=\"menu\"><li id=\"menu-item-2965\" class=\"menu-item menu-item-type-post_type menu-item-object-page menu-item-has-children menu-item-2965\"><a href=\"https:\/\/prostkey.pl\/de\/angebot\/verpackungen\/\">VERPACKUNGEN<\/a>\n<ul class=\"sub-menu\">\n\t<li id=\"menu-item-2970\" class=\"menu-item menu-item-type-post_type menu-item-object-page menu-item-2970\"><a href=\"https:\/\/prostkey.pl\/de\/angebot\/verpackungen\/formverpackung\/\">FORMVERPACKUNG<\/a><\/li>\n\t<li id=\"menu-item-2971\" class=\"menu-item menu-item-type-post_type menu-item-object-page menu-item-2971\"><a href=\"https:\/\/prostkey.pl\/de\/angebot\/verpackungen\/klappenverpackung\/\">KLAPPENVERPACKUNG<\/a><\/li>\n\t<li id=\"menu-item-2972\" class=\"menu-item menu-item-type-post_type menu-item-object-page menu-item-2972\"><a href=\"https:\/\/prostkey.pl\/de\/angebot\/verpackungen\/regalbereitverpackung\/\">REGALBEREITVERPACKUNG<\/a><\/li>\n\t<li id=\"menu-item-2973\" class=\"menu-item menu-item-type-post_type menu-item-object-page menu-item-2973\"><a href=\"https:\/\/prostkey.pl\/de\/angebot\/verpackungen\/geschenkverpackung\/\">GESCHENKVERPACKUNG<\/a><\/li>\n\t<li id=\"menu-item-2974\" class=\"menu-item menu-item-type-post_type menu-item-object-page menu-item-2974\"><a href=\"https:\/\/prostkey.pl\/de\/angebot\/verpackungen\/befoerderungsverpackungen\/\">BEF\u00d6RDERUNGSVERPACKUNGEN<\/a><\/li>\n<\/ul>\n<\/li>\n<li id=\"menu-item-2966\" class=\"menu-item menu-item-type-post_type menu-item-object-page menu-item-has-children menu-item-2966\"><a href=\"https:\/\/prostkey.pl\/de\/angebot\/pos\/\">POS<\/a>\n<ul class=\"sub-menu\">\n\t<li id=\"menu-item-2969\" class=\"menu-item menu-item-type-post_type menu-item-object-page menu-item-2969\"><a href=\"https:\/\/prostkey.pl\/de\/angebot\/pos\/werbestander\/\">WERBESTANDER<\/a><\/li>\n\t<li id=\"menu-item-2968\" class=\"menu-item menu-item-type-post_type menu-item-object-page menu-item-2968\"><a href=\"https:\/\/prostkey.pl\/de\/angebot\/pos\/broschurenhalter\/\">BROSCHURENHALTER<\/a><\/li>\n<\/ul>\n<\/li>\n<li id=\"menu-item-2967\" class=\"menu-item menu-item-type-post_type menu-item-object-page menu-item-2967\"><a href=\"https:\/\/prostkey.pl\/de\/angebot\/karton\/\">KARTON<\/a><\/li>\n<\/ul><\/div><\/div>\t\t<\/div>\n\t<\/div>\n<\/div>\n<\/div><\/div><\/div><\/div><div class=\"vc_row-full-width vc_clearfix\"><\/div><div id=\"tm-row-69e07bd98d909\" data-vc-full-width=\"true\" data-vc-full-width-init=\"false\" data-vc-stretch-content=\"true\" class=\"vc_row vc_row-outer vc_row-fluid vc_row-no-padding vc_row-o-content-middle vc_row-flex\"><div data-src=\"https:\/\/prostkey.pl\/wp-content\/uploads\/2020\/03\/message.png\" id=\"tm-column-69e07bd98f74b\" class=\"wpb_column vc_column_container vc_col-sm-6 tm-lazy-load\"><div class=\"vc_column-inner\"><div class=\"wpb_wrapper\">\n<div class=\"tm-heading  center tm-animation move-up\" id=\"tm-heading-69e07bd98fad1\">\n\t<div class=\"heading\" >Email: export@prostkey.pl<\/div><\/div>\n\n<\/div><\/div><\/div><div data-src=\"https:\/\/prostkey.pl\/wp-content\/uploads\/2020\/03\/home_01_13.png\" id=\"tm-column-69e07bd9900c4\" class=\"wpb_column vc_column_container vc_col-sm-6 tm-lazy-load\"><div class=\"vc_column-inner\"><div class=\"wpb_wrapper\">\n<div class=\"tm-heading  center tm-animation move-up\" id=\"tm-heading-69e07bd990403\">\n\t<div class=\"heading\" >Telefon: +48 87 737 12 30<\/div><\/div>\n\n<\/div><\/div><\/div><\/div><div class=\"vc_row-full-width vc_clearfix\"><\/div>","protected":false},"excerpt":{"rendered":"Materia\u0142y POS BROSCH\u00dcREHALTER - RACKS F\u00dcR BROSCH\u00dcRE Bei Prost-Key bieten wir die besten L\u00f6sungen f\u00fcr Werbeprodukte und -Dienstleistungen sowie f\u00fcr die Gesch\u00e4ftsentwicklung - deshalb erfreuen sich unsere Produkte bei den Kunden gro\u00dfer Beliebtheit. Zu den oben genannten Produkten geh\u00f6ren Brosch\u00fcrenst\u00e4nder, die eine gr\u00fcndliche L\u00f6sung f\u00fcr die Verteilung von Werbematerialien darstellen. Sie sind nicht trotzig, sie ziehen auf magische Weise die Augen potenzieller Kunden an. Sie k\u00f6nnen auf Messen, Konferenzen und Kundengespr\u00e4chen am Hauptsitz des Unternehmens ausgestellt werden. Was sind Brosch\u00fcren- und Flyerst\u00e4nde? In Regalen f\u00fcr Brosch\u00fcren und Faltbl\u00e4tter k\u00f6nnen Sie Werbematerialien anzeigen, f\u00fcr die ein potenzieller Kunde in seiner Freizeit Kontakt aufnehmen kann. Brosch\u00fcren und Faltbl\u00e4tter befinden sich in speziellen Taschen, die so eingestellt sind, dass Sie einfach und m\u00fchelos nach zus\u00e4tzlichen Informationen zum Produkt suchen k\u00f6nnen. Was sind die Vorteile unserer Flyer- und Brosch\u00fcrenst\u00e4nde? Wenn Sie in einen Flyer und ein Brosch\u00fcrenregal investieren, k\u00f6nnen Sie sicher sein, dass es sich um Folgendes handelt: sind eine sehr effektive M\u00f6glichkeit, verschiedene Arten von Werbematerial zu verteilen - nicht nur Brosch\u00fcren, sondern auch Brosch\u00fcren, Ordner oder Kataloge; Ideal f\u00fcr die visuelle Identifizierung Ihres Unternehmens angepasst, beteiligen sie sich nicht nur an der Werbung f\u00fcr Ihre Produkte, sondern auch an der gesamten Marke. Leicht und sehr einfach zu transportieren, dank derer sie an einer Vielzahl von Orten und bei verschiedenen Veranstaltungen eingesetzt werden k\u00f6nnen. Universell einsetzbar und funktional - sie k\u00f6nnen mit verschiedenen Arten von Taschen ausgestattet werden, haben verschiedene Abmessungen usw. ; Wenn Sie Brosch\u00fcren ben\u00f6tigen oder weitere Informationen zu diesem Thema erhalten m\u00f6chten, laden wir Sie zur Zusammenarbeit ein. ANGEBOTVERPACKUNGEN FORMVERPACKUNG KLAPPENVERPACKUNG REGALBEREITVERPACKUNG GESCHENKVERPACKUNG BEF\u00d6RDERUNGSVERPACKUNGEN POS WERBESTANDER BROSCHURENHALTER KARTON Email: info@prostkey.pl Telefon: +48 87 737 12 30","protected":false},"author":1,"featured_media":0,"parent":2896,"menu_order":0,"comment_status":"closed","ping_status":"closed","template":"","meta":[],"aioseo_notices":[],"_links":{"self":[{"href":"https:\/\/prostkey.pl\/de\/wp-json\/wp\/v2\/pages\/2906"}],"collection":[{"href":"https:\/\/prostkey.pl\/de\/wp-json\/wp\/v2\/pages"}],"about":[{"href":"https:\/\/prostkey.pl\/de\/wp-json\/wp\/v2\/types\/page"}],"author":[{"embeddable":true,"href":"https:\/\/prostkey.pl\/de\/wp-json\/wp\/v2\/users\/1"}],"replies":[{"embeddable":true,"href":"https:\/\/prostkey.pl\/de\/wp-json\/wp\/v2\/comments?post=2906"}],"version-history":[{"count":3,"href":"https:\/\/prostkey.pl\/de\/wp-json\/wp\/v2\/pages\/2906\/revisions"}],"predecessor-version":[{"id":4216,"href":"https:\/\/prostkey.pl\/de\/wp-json\/wp\/v2\/pages\/2906\/revisions\/4216"}],"up":[{"embeddable":true,"href":"https:\/\/prostkey.pl\/de\/wp-json\/wp\/v2\/pages\/2896"}],"wp:attachment":[{"href":"https:\/\/prostkey.pl\/de\/wp-json\/wp\/v2\/media?parent=2906"}],"curies":[{"name":"wp","href":"https:\/\/api.w.org\/{rel}","templated":true}]}}