{"id":2991,"date":"2020-08-27T07:40:16","date_gmt":"2020-08-27T05:40:16","guid":{"rendered":"https:\/\/prostkey.pl\/?page_id=2991"},"modified":"2025-09-22T14:36:01","modified_gmt":"2025-09-22T12:36:01","slug":"qualitatsstandard","status":"publish","type":"page","link":"https:\/\/prostkey.pl\/de\/uber-uns\/qualitatsstandard\/","title":{"rendered":"QUALITATSSTANDARD"},"content":{"rendered":"<div data-src=\"https:\/\/prostkey.pl\/wp-content\/uploads\/2020\/03\/home_00_09.png\" id=\"tm-row-69e10657b39d3\" data-vc-full-width=\"true\" data-vc-full-width-init=\"false\" class=\"vc_row vc_row-outer vc_row-fluid tm-lazy-load\"><div id=\"tm-column-69e10657b3ec9\" class=\"wpb_column vc_column_container vc_col-sm-8\"><div class=\"vc_column-inner\"><div class=\"wpb_wrapper\">\n<div class=\"tm-heading  left tm-animation move-up\" id=\"tm-heading-69e10657b40d6\">\n\t<h3 class=\"heading\" >Der Qualit\u00e4tsstandard bei Prost-Key Packaging<\/h3><\/div>\n\n<div class=\"tm-spacer\" id=\"tm-spacer-69e10657b4301\"><\/div>\n\n<div class=\"tm-heading vc_custom_1598506769259  left tm-animation move-up\" id=\"tm-heading-69e10657b4383\">\n\t<div class=\"heading\" >Qualit\u00e4t ist f\u00fcr uns nicht nur ein Produkt f\u00fcr sich, sondern auch die Gesamterfahrung, die der Kunde aus der Zusammenarbeit mit uns macht. Deshalb unterst\u00fctzen wir unsere Kunden und bieten fachliche Beratung zu jedem Thema, um die visuelle Attraktivit\u00e4t und den praktischen Einsatz von Verpackungen sicherzustellen.<\/div><\/div>\n\n\n<div class=\"tm-heading vc_custom_1598506778678  left tm-animation move-up\" id=\"tm-heading-69e10657b45bd\">\n\t<div class=\"heading\" >Wir besch\u00e4ftigen kreative Konstrukteure, deren F\u00e4higkeiten, Kenntnisse und Erfahrungen sich in jeder Implementierung widerspiegeln. Moderne technologische L\u00f6sungen bilden die Grundlage unserer eigenen Projekte, die neue Marktstandards in der Verpackungsindustrie setzen.<\/div><\/div>\n\n<div class=\"tm-spacer\" id=\"tm-spacer-69e10657b4784\"><\/div>\n<div class=\"tm-image  tm-animation move-up\" id=\"tm-image-69e10657b47da\">\n\t\t\t<div class=\"image\"><img src=\"https:\/\/prostkey.pl\/wp-content\/uploads\/2020\/03\/mini-_MG_1177-1.jpg\" alt=\"mini-_MG_1177\" \/><\/div>\t\t<\/div>\n<div class=\"tm-spacer\" id=\"tm-spacer-69e10657b546b\"><\/div>\n\n<div class=\"tm-heading vc_custom_1598506797862  left tm-animation move-up\" id=\"tm-heading-69e10657b5501\">\n\t<div class=\"heading\" >Bei Prost-Key hat Qualit\u00e4t von der Auswahl bew\u00e4hrter Rohstoffe bis zur Herstellung des fertigen Produkts Priorit\u00e4t. Wir kontrollieren dies, indem wir in jeder Phase des Produktionsprozesses Tests durchf\u00fchren. In unserem Labor testen wir Papier, Pappe und das fertige Produkt.<\/div><\/div>\n\n<div class=\"tm-spacer\" id=\"tm-spacer-69e10657b56ea\"><\/div>\n<\/div><\/div><\/div><div id=\"tm-column-69e10657b57ca\" class=\"wpb_column vc_column_container vc_col-sm-4\"><div class=\"vc_column-inner\"><div class=\"wpb_wrapper\"><div class=\"page-sidebar wpb_widgetised_column wpb_content_element right\">\n\t<div class=\"page-sidebar-inner\">\n\t\t<div class=\"page-sidebar-content\">\n\t\t\t<div id=\"custom_html-3\" class=\"widget_text widget tm-animation move-up widget_custom_html\"><div class=\"textwidget custom-html-widget\"><div id=\"tm-row-69e10657b5c2e\" class=\"vc_row vc_row-outer vc_row-fluid\"><div id=\"tm-column-69e10657b5ddd\" class=\"wpb_column vc_column_container vc_col-sm-12\"><div class=\"vc_column-inner\"><div class=\"wpb_wrapper\"><div class=\"tm-page-feature  style-01\" id=\"tm-page-feature-69e10657b5fb2\">\n\t<div class=\"tm-grid modern-grid\">\n\t\t\t\t\n\t\t\t\t\t\t\t\t\t\t<div class=\"page-item grid-item post-2779 page type-page status-publish hentry\">\n\t\t\t\t\t<a href=\"https:\/\/prostkey.pl\/de\/uber-uns\/\">\n\t\t\t\t\t\t<div class=\"post-item-wrap\">\n\n\t\t\t\t\t\t\t\t\t\t\t\t\t\t\t<div class=\"icon\">\n\t\t\t\t\t\t\t\t\t<span class=\"tractor-home\"><\/span>\n\t\t\t\t\t\t\t\t<\/div>\n\t\t\t\t\t\t\t\n\t\t\t\t\t\t\t<h3 class=\"post-title\">\n\t\t\t\t\t\t\t\tUBER UNS\t\t\t\t\t\t\t<\/h3>\n\n\t\t\t\t\t\t<\/div>\n\t\t\t\t\t<\/a>\n\t\t\t\t<\/div>\n\t\t\t\t\t\t\t\t\n\t\t\t\t\t\t\t\t\t\t<div class=\"page-item grid-item post-2812 page type-page status-publish hentry\">\n\t\t\t\t\t<a href=\"https:\/\/prostkey.pl\/de\/uber-uns\/geschichte\/\">\n\t\t\t\t\t\t<div class=\"post-item-wrap\">\n\n\t\t\t\t\t\t\t\t\t\t\t\t\t\t\t<div class=\"icon\">\n\t\t\t\t\t\t\t\t\t<span class=\"tractor-history\"><\/span>\n\t\t\t\t\t\t\t\t<\/div>\n\t\t\t\t\t\t\t\n\t\t\t\t\t\t\t<h3 class=\"post-title\">\n\t\t\t\t\t\t\t\tGESCHICHTE\t\t\t\t\t\t\t<\/h3>\n\n\t\t\t\t\t\t<\/div>\n\t\t\t\t\t<\/a>\n\t\t\t\t<\/div>\n\t\t\t\t\t\t\t\t\n\t\t\t\t\t\t\t\t\t\t<div class=\"page-item grid-item post-2991 page type-page status-publish hentry\">\n\t\t\t\t\t<a href=\"https:\/\/prostkey.pl\/de\/uber-uns\/qualitatsstandard\/\">\n\t\t\t\t\t\t<div class=\"post-item-wrap\">\n\n\t\t\t\t\t\t\t\t\t\t\t\t\t\t\t<div class=\"icon\">\n\t\t\t\t\t\t\t\t\t<span class=\"tractor-cloud-computing\"><\/span>\n\t\t\t\t\t\t\t\t<\/div>\n\t\t\t\t\t\t\t\n\t\t\t\t\t\t\t<h3 class=\"post-title\">\n\t\t\t\t\t\t\t\tQUALITATSSTANDARD\t\t\t\t\t\t\t<\/h3>\n\n\t\t\t\t\t\t<\/div>\n\t\t\t\t\t<\/a>\n\t\t\t\t<\/div>\n\t\t\t\t\t\t\t\t\n\t\t\t\t\t\t\t\t\t\t<div class=\"page-item grid-item post-2818 page type-page status-publish hentry\">\n\t\t\t\t\t<a href=\"https:\/\/prostkey.pl\/de\/uber-uns\/der-umweltschutz\/\">\n\t\t\t\t\t\t<div class=\"post-item-wrap\">\n\n\t\t\t\t\t\t\t\t\t\t\t\t\t\t\t<div class=\"icon\">\n\t\t\t\t\t\t\t\t\t<span class=\"tractor-picture\"><\/span>\n\t\t\t\t\t\t\t\t<\/div>\n\t\t\t\t\t\t\t\n\t\t\t\t\t\t\t<h3 class=\"post-title\">\n\t\t\t\t\t\t\t\tDER UMWELTSCHUTZ\t\t\t\t\t\t\t<\/h3>\n\n\t\t\t\t\t\t<\/div>\n\t\t\t\t\t<\/a>\n\t\t\t\t<\/div>\n\t\t\t\t\t\t\t\t\n\t\t\t\t\t\t\t\t\t\t<div class=\"page-item grid-item post-277 page type-page status-publish hentry\">\n\t\t\t\t\t<a href=\"https:\/\/prostkey.pl\/faq\/\">\n\t\t\t\t\t\t<div class=\"post-item-wrap\">\n\n\t\t\t\t\t\t\t\t\t\t\t\t\t\t\t<div class=\"icon\">\n\t\t\t\t\t\t\t\t\t<span class=\"tractor-compass\"><\/span>\n\t\t\t\t\t\t\t\t<\/div>\n\t\t\t\t\t\t\t\n\t\t\t\t\t\t\t<h3 class=\"post-title\">\n\t\t\t\t\t\t\t\tFAQ\t\t\t\t\t\t\t<\/h3>\n\n\t\t\t\t\t\t<\/div>\n\t\t\t\t\t<\/a>\n\t\t\t\t<\/div>\n\t\t\t\t\t\t\t\t\n\t\t\t\t\t\t\t\t\t\t<div class=\"page-item grid-item post-2823 page type-page status-publish hentry\">\n\t\t\t\t\t<a href=\"https:\/\/prostkey.pl\/de\/uber-uns\/ue-zuschuesse\/\">\n\t\t\t\t\t\t<div class=\"post-item-wrap\">\n\n\t\t\t\t\t\t\t\t\t\t\t\t\t\t\t<div class=\"icon\">\n\t\t\t\t\t\t\t\t\t<span class=\"tractor-bookmark\"><\/span>\n\t\t\t\t\t\t\t\t<\/div>\n\t\t\t\t\t\t\t\n\t\t\t\t\t\t\t<h3 class=\"post-title\">\n\t\t\t\t\t\t\t\tUE ZUSCH\u00dcSSE\t\t\t\t\t\t\t<\/h3>\n\n\t\t\t\t\t\t<\/div>\n\t\t\t\t\t<\/a>\n\t\t\t\t<\/div>\n\t\t\t\t\t\t\t\t\t<\/div>\n<\/div>\n<\/div><\/div><\/div><\/div><\/div><\/div>\t\t<\/div>\n\t<\/div>\n<\/div>\n<\/div><\/div><\/div><\/div><div class=\"vc_row-full-width vc_clearfix\"><\/div><div id=\"tm-row-69e10657b89fa\" data-vc-full-width=\"true\" data-vc-full-width-init=\"false\" class=\"vc_row vc_row-outer vc_row-fluid vc_row-o-content-middle vc_row-flex\"><div id=\"tm-column-69e10657b8ca0\" class=\"wpb_column vc_column_container vc_col-sm-12\"><div class=\"vc_column-inner\"><div class=\"wpb_wrapper\"><div class=\"tm-image  tm-animation move-up\" id=\"tm-image-69e10657b8e08\">\n\t\t\t<div class=\"image\"><img src=\"https:\/\/prostkey.pl\/wp-content\/uploads\/2020\/04\/proces2-2.png\" alt=\"proces2\" \/><\/div>\t\t<\/div>\n<\/div><\/div><\/div><\/div><div class=\"vc_row-full-width vc_clearfix\"><\/div><div data-src=\"https:\/\/prostkey.pl\/wp-content\/uploads\/2020\/03\/testi-h8-bg.png\" id=\"tm-row-69e10657b9c1e\" data-vc-full-width=\"true\" data-vc-full-width-init=\"false\" class=\"vc_row vc_row-outer vc_row-fluid tm-lazy-load\"><div id=\"tm-column-69e10657b9f95\" class=\"wpb_column vc_column_container vc_col-sm-8\"><div class=\"vc_column-inner\"><div class=\"wpb_wrapper\">\n<div class=\"tm-heading vc_custom_1758544630260  left tm-animation move-up\" id=\"tm-heading-69e10657ba195\">\n\t<div class=\"heading\" >Unser Unternehmen erf\u00fcllt die Anforderungen der Norm PN-EN ISO 22000:2018-08. Wir sind nicht mehr nach der Norm PN-EN ISO 9001:2015-10 zertifiziert, orientieren uns aber weiterhin in unserer t\u00e4glichen Arbeit an deren Grunds\u00e4tzen. In t\u00e4glichen Arbeit legen wir Wert auf umweltfreundliche L\u00f6sungen und umweltfreundliche Aktivit\u00e4ten: Wir produzieren Verpackungen aus Materialien mit dem FSC<sup>\u00ae<\/sup>-Zertifikat, das garantiert, dass die Rohstoffe aus FSC<sup>\u00ae<\/sup>-zertifizierten W\u00e4ldern stammen, d. H. Im Rahmen einer verantwortungsvollen Waldbewirtschaftung gewonnen werden. Wir halten uns nicht nur beim Kauf des Materials, sondern auch w\u00e4hrend des gesamten Produktionsprozesses und der Lieferkette an die Standards des Forest Stewardship Council<sup>\u00ae<\/sup>.<\/div><\/div>\n\n<div class=\"tm-gallery tm-grid-wrapper  style-grid hover-simple\" id=\"tm-gallery-69e10657ba4ec\"\n\n\t\n\t>\n\t<div class=\"tm-grid modern-grid has-animation move-up tm-light-gallery\">\n\n\t\t\n\t\t\t<div class=\"gallery-item grid-item\">\n\t\t<a href=\"https:\/\/prostkey.pl\/wp-content\/uploads\/2022\/08\/Certyfikat-9001-2015-j.ang_.-1-scaled.webp\" class=\"zoom\"\n\t\t   data-sub-html=\"&lt;h4&gt;Certyfikat 9001 2015 j.ang.-1&lt;\/h4&gt;\">\n\n\t\t\t<img src=\"https:\/\/prostkey.pl\/wp-content\/uploads\/2022\/08\/Certyfikat-9001-2015-j.ang_.-1-scaled-250x370.webp\" alt=\"Certyfikat 9001 2015 j.ang.-1\" \/>\n\t\t\t\t\t<\/a>\n\t<\/div>\n\t\t<div class=\"gallery-item grid-item\">\n\t\t<a href=\"https:\/\/prostkey.pl\/wp-content\/uploads\/2022\/08\/Certyfikat-22000-2018-j.ang-1-scaled.webp\" class=\"zoom\"\n\t\t   data-sub-html=\"&lt;h4&gt;Certyfikat 22000 2018 j.ang-1&lt;\/h4&gt;\">\n\n\t\t\t<img src=\"https:\/\/prostkey.pl\/wp-content\/uploads\/2022\/08\/Certyfikat-22000-2018-j.ang-1-scaled-250x370.webp\" alt=\"Certyfikat 22000 2018 j.ang-1\" \/>\n\t\t\t\t\t<\/a>\n\t<\/div>\n\t\t<div class=\"gallery-item grid-item\">\n\t\t<a href=\"https:\/\/prostkey.pl\/wp-content\/uploads\/2022\/08\/FSC_2022-1-1-scaled.webp\" class=\"zoom\"\n\t\t   data-sub-html=\"&lt;h4&gt;FSC_2022-1&lt;\/h4&gt;\">\n\n\t\t\t<img src=\"https:\/\/prostkey.pl\/wp-content\/uploads\/2022\/08\/FSC_2022-1-1-scaled-250x370.webp\" alt=\"FSC_2022-1\" \/>\n\t\t\t\t\t<\/a>\n\t<\/div>\n\t\n\t<\/div>\n<\/div>\n<div class=\"tm-spacer\" id=\"tm-spacer-69e10657bbd32\"><\/div>\n<\/div><\/div><\/div><div id=\"tm-column-69e10657bbe31\" class=\"wpb_column vc_column_container vc_col-sm-4\"><div class=\"vc_column-inner\"><div class=\"wpb_wrapper\"><\/div><\/div><\/div><\/div><div class=\"vc_row-full-width vc_clearfix\"><\/div><div id=\"tm-row-69e10657bc005\" data-vc-full-width=\"true\" data-vc-full-width-init=\"false\" data-vc-stretch-content=\"true\" class=\"vc_row vc_row-outer vc_row-fluid vc_row-no-padding\"><div data-src=\"https:\/\/prostkey.pl\/wp-content\/uploads\/2020\/03\/message.png\" id=\"tm-column-69e10657bc399\" class=\"wpb_column vc_column_container vc_col-sm-6 tm-lazy-load\"><div class=\"vc_column-inner\"><div class=\"wpb_wrapper\">\n<div class=\"tm-heading  center tm-animation move-up\" id=\"tm-heading-69e10657bc612\">\n\t<div class=\"heading\" ><a href=\"https:\/\/prostkey.pl\/kontakt\/\">Email: export@prostkey.pl<\/a><\/div><\/div>\n\n<\/div><\/div><\/div><div data-src=\"https:\/\/prostkey.pl\/wp-content\/uploads\/2020\/03\/home_01_13.png\" id=\"tm-column-69e10657bcb3b\" class=\"wpb_column vc_column_container vc_col-sm-6 tm-lazy-load\"><div class=\"vc_column-inner\"><div class=\"wpb_wrapper\">\n<div class=\"tm-heading  center tm-animation move-up\" id=\"tm-heading-69e10657bcde6\">\n\t<div class=\"heading\" >Telefon: +48 87 737 12 30<\/div><\/div>\n\n<\/div><\/div><\/div><\/div><div class=\"vc_row-full-width vc_clearfix\"><\/div>","protected":false},"excerpt":{"rendered":"Der Qualit\u00e4tsstandard bei Prost-Key Packaging Qualit\u00e4t ist f\u00fcr uns nicht nur ein Produkt f\u00fcr sich, sondern auch die Gesamterfahrung, die der Kunde aus der Zusammenarbeit mit uns macht. Deshalb unterst\u00fctzen wir unsere Kunden und bieten fachliche Beratung zu jedem Thema, um die visuelle Attraktivit\u00e4t und den praktischen Einsatz von Verpackungen sicherzustellen. Wir besch\u00e4ftigen kreative Konstrukteure, deren F\u00e4higkeiten, Kenntnisse und Erfahrungen sich in jeder Implementierung widerspiegeln. Moderne technologische L\u00f6sungen bilden die Grundlage unserer eigenen Projekte, die neue Marktstandards in der Verpackungsindustrie setzen. Bei Prost-Key hat Qualit\u00e4t von der Auswahl bew\u00e4hrter Rohstoffe bis zur Herstellung des fertigen Produkts Priorit\u00e4t. Wir kontrollieren dies, indem wir in jeder Phase des Produktionsprozesses Tests durchf\u00fchren. In unserem Labor testen wir Papier, Pappe und das fertige Produkt. UBER UNS GESCHICHTE QUALITATSSTANDARD DER UMWELTSCHUTZ FAQ UE ZUSCH\u00dcSSE Unser Unternehmen erf\u00fcllt die Anforderungen der Norm PN-EN ISO 22000:2018-08. Wir sind nicht mehr nach der Norm PN-EN ISO 9001:2015-10 zertifiziert, orientieren uns aber weiterhin in unserer t\u00e4glichen Arbeit an deren Grunds\u00e4tzen. In t\u00e4glichen Arbeit legen wir Wert auf umweltfreundliche L\u00f6sungen und umweltfreundliche Aktivit\u00e4ten: Wir produzieren Verpackungen aus Materialien mit dem FSC\u00ae-Zertifikat, das garantiert, dass die Rohstoffe aus FSC\u00ae-zertifizierten W\u00e4ldern stammen, d. H. Im Rahmen einer verantwortungsvollen Waldbewirtschaftung gewonnen werden. Wir halten uns nicht nur beim Kauf des Materials, sondern auch w\u00e4hrend des gesamten Produktionsprozesses und der Lieferkette an die Standards des Forest Stewardship Council\u00ae. Email: info@prostkey.pl Telefon: +48 87 737 12 30","protected":false},"author":1,"featured_media":0,"parent":2779,"menu_order":0,"comment_status":"closed","ping_status":"closed","template":"","meta":[],"aioseo_notices":[],"_links":{"self":[{"href":"https:\/\/prostkey.pl\/de\/wp-json\/wp\/v2\/pages\/2991"}],"collection":[{"href":"https:\/\/prostkey.pl\/de\/wp-json\/wp\/v2\/pages"}],"about":[{"href":"https:\/\/prostkey.pl\/de\/wp-json\/wp\/v2\/types\/page"}],"author":[{"embeddable":true,"href":"https:\/\/prostkey.pl\/de\/wp-json\/wp\/v2\/users\/1"}],"replies":[{"embeddable":true,"href":"https:\/\/prostkey.pl\/de\/wp-json\/wp\/v2\/comments?post=2991"}],"version-history":[{"count":7,"href":"https:\/\/prostkey.pl\/de\/wp-json\/wp\/v2\/pages\/2991\/revisions"}],"predecessor-version":[{"id":4850,"href":"https:\/\/prostkey.pl\/de\/wp-json\/wp\/v2\/pages\/2991\/revisions\/4850"}],"up":[{"embeddable":true,"href":"https:\/\/prostkey.pl\/de\/wp-json\/wp\/v2\/pages\/2779"}],"wp:attachment":[{"href":"https:\/\/prostkey.pl\/de\/wp-json\/wp\/v2\/media?parent=2991"}],"curies":[{"name":"wp","href":"https:\/\/api.w.org\/{rel}","templated":true}]}}