{"id":4744,"date":"2025-06-17T13:58:42","date_gmt":"2025-06-17T11:58:42","guid":{"rendered":"https:\/\/prostkey.pl\/?page_id=4744"},"modified":"2025-06-17T14:28:25","modified_gmt":"2025-06-17T12:28:25","slug":"kontakt-de","status":"publish","type":"page","link":"https:\/\/prostkey.pl\/de\/kontakt-de\/","title":{"rendered":"KONTAKT DE"},"content":{"rendered":"<div data-src=\"https:\/\/prostkey.pl\/wp-content\/uploads\/2020\/03\/home_00_09.png\" id=\"tm-row-69dbfae26bb05\" data-vc-full-width=\"true\" data-vc-full-width-init=\"false\" class=\"vc_row vc_row-outer vc_row-fluid tm-lazy-load vc_row-o-content-middle vc_row-flex\"><div id=\"tm-column-69dbfae26bff3\" class=\"wpb_column vc_column_container vc_col-sm-6\"><div class=\"vc_column-inner\"><div class=\"wpb_wrapper\"><div class=\"tm-animation move-up tm-office-info\">\n\t<div class=\"image\"><img src=\"https:\/\/prostkey.pl\/wp-content\/uploads\/2020\/03\/oddzia\u0142-w-Prostkach-scaled-e1586342380872.jpg\"\/><\/div><div class=\"title\">Prostki-Filiale<\/div>\t<div class=\"info\">\n\t\t<div class=\"address\">1 Maja 89, 19-335 Prostki, Polen<\/div><div class=\"email\">export@prostkey.pl<\/div><div class=\"phone\">+48 87 737 12 30<\/div>\t<\/div>\n\t<div class=\"link\"><a href=\"https:\/\/www.google.pl\/maps\/place\/Prost-Key+Packaging+Sobolewscy+Sp.j.\/@53.6988141,22.4298404,18z\/data=!4m13!1m7!3m6!1s0x46e1c97f02235e47:0x66e584b4526bcb6a!2s1+Maja+89,+19-335+Prostki!3b1!8m2!3d53.6992653!4d22.4296044!3m4!1s0x46e1c9b8c0fc640d:0x7fd52f7197df06a9!8m2!3d53.6992521!4d22.4296136\" target=\" _blank\" rel=\"nofollow\">Auf der Karte anzeigen<\/a><\/div><\/div>\n\n\t<div class=\"wpb_text_column wpb_content_element\" >\n\t\t<div class=\"wpb_wrapper\">\n\t\t\t<p>NIP: 8481859489<\/p>\n<p>REGON: 281357827<\/p>\n\n\t\t<\/div>\n\t<\/div>\n<\/div><\/div><\/div><div id=\"tm-column-69dbfae26c579\" class=\"wpb_column vc_column_container vc_col-sm-6\"><div class=\"vc_column-inner\"><div class=\"wpb_wrapper\"><div class=\"tm-animation move-up tm-office-info\">\n\t<div class=\"image\"><img src=\"https:\/\/prostkey.pl\/wp-content\/uploads\/2020\/03\/69450844_2400793616874629_9109680769311178752_n-e1586342446398.jpg\"\/><\/div><div class=\"title\">Szczuczyn-Filiale<\/div>\t<div class=\"info\">\n\t\t<div class=\"address\">Graniczna 28, 19-230 Szczuczyn, Polen<\/div><div class=\"email\">export@prostkey.pl<\/div><div class=\"phone\">+48 87 737 12 30<\/div>\t<\/div>\n\t<div class=\"link\"><a href=\"https:\/\/www.google.pl\/maps\/place\/Prost-Key+Packaging+Sobolewscy+Sp%C3%B3%C5%82ka+Jawna,+Zak%C5%82ad+Szczuczyn\/@53.5662408,22.2573914,17z\/data=!4m13!1m7!3m6!1s0x46e1d11c25ee31ef:0xb1106a7148be2758!2sGraniczna+28,+19-230+Szczuczyn!3b1!8m2!3d53.5662408!4d22.2595801!3m4!1s0x46e1d1a219f1fcd5:0xcdbc2c60d2946b03!8m2!3d53.5668936!4d22.2596513\" target=\" _blank\" rel=\"nofollow\">Auf der Karte anzeigen<\/a><\/div><\/div>\n\n\t<div class=\"wpb_text_column wpb_content_element\" >\n\t\t<div class=\"wpb_wrapper\">\n\t\t\t<p>NIP: 8481859489<\/p>\n<p>REGON: 281357827<\/p>\n\n\t\t<\/div>\n\t<\/div>\n<\/div><\/div><\/div><\/div><div class=\"vc_row-full-width vc_clearfix\"><\/div><div id=\"tm-row-69dbfae26ca5c\" class=\"vc_row vc_row-outer vc_row-fluid\"><div id=\"tm-column-69dbfae26cc01\" class=\"wpb_column vc_column_container vc_col-sm-12\"><div class=\"vc_column-inner\"><div class=\"wpb_wrapper\">\n<div class=\"tm-heading vc_custom_1750162126244  center tm-animation move-up\" id=\"tm-heading-69dbfae26cd87\">\n\t<div class=\"heading\" >KONTAKTIEREN SIE UNS<\/div><\/div>\n\n<\/div><\/div><\/div><\/div><div data-src=\"https:\/\/prostkey.pl\/wp-content\/uploads\/2020\/03\/about2-img-1.jpg\" id=\"tm-row-69dbfae26d271\" data-vc-full-width=\"true\" data-vc-full-width-init=\"false\" class=\"vc_row vc_row-outer vc_row-fluid tm-lazy-load\"><div id=\"tm-column-69dbfae26d5ad\" class=\"wpb_column vc_column_container vc_col-sm-3\/5\"><div class=\"vc_column-inner\"><div class=\"wpb_wrapper\"><div class=\"tm-contact-form-7  style-04 tm-animation move-up\" id=\"tm-blog-69dbfae26d76c\">\n\t<div role=\"form\" class=\"wpcf7\" id=\"wpcf7-f4737-o1\" lang=\"pl-PL\" dir=\"ltr\">\n<div class=\"screen-reader-response\"><p role=\"status\" aria-live=\"polite\" aria-atomic=\"true\"><\/p> <ul><\/ul><\/div>\n<form action=\"\/de\/wp-json\/wp\/v2\/pages\/4744#wpcf7-f4737-o1\" method=\"post\" class=\"wpcf7-form init\" novalidate=\"novalidate\" data-status=\"init\" data-trp-original-action=\"\/de\/wp-json\/wp\/v2\/pages\/4744#wpcf7-f4737-o1\">\n<div style=\"display: none;\">\n<input type=\"hidden\" name=\"_wpcf7\" value=\"4737\" \/>\n<input type=\"hidden\" name=\"_wpcf7_version\" value=\"5.6.1\" \/>\n<input type=\"hidden\" name=\"_wpcf7_locale\" value=\"pl_PL\" \/>\n<input type=\"hidden\" name=\"_wpcf7_unit_tag\" value=\"wpcf7-f4737-o1\" \/>\n<input type=\"hidden\" name=\"_wpcf7_container_post\" value=\"0\" \/>\n<input type=\"hidden\" name=\"_wpcf7_posted_data_hash\" value=\"\" \/>\n<input type=\"hidden\" name=\"_wpcf7_recaptcha_response\" value=\"\" \/>\n<\/div>\n<div class=\"row\">\n<div class=\"col-md-6\">\n        <span class=\"wpcf7-form-control-wrap\" data-name=\"your-name\"><input type=\"text\" name=\"your-name\" value=\"\" size=\"40\" class=\"wpcf7-form-control wpcf7-text wpcf7-validates-as-required\" aria-required=\"true\" aria-invalid=\"false\" placeholder=\"Vorname und Zuname *\" \/><\/span>\n    <\/div>\n<div class=\"col-md-6\">\n        <span class=\"wpcf7-form-control-wrap\" data-name=\"your-email\"><input type=\"email\" name=\"your-email\" value=\"\" size=\"40\" class=\"wpcf7-form-control wpcf7-text wpcf7-email wpcf7-validates-as-required wpcf7-validates-as-email\" aria-required=\"true\" aria-invalid=\"false\" placeholder=\"Ihre E-Mail *\" \/><\/span>\n    <\/div>\n<\/div>\n<div class=\"row\">\n<div class=\"col-md-12\">\n        <span class=\"wpcf7-form-control-wrap\" data-name=\"phone-number\"><input type=\"tel\" name=\"phone-number\" value=\"\" size=\"40\" class=\"wpcf7-form-control wpcf7-text wpcf7-tel wpcf7-validates-as-required wpcf7-validates-as-tel\" aria-required=\"true\" aria-invalid=\"false\" placeholder=\"Telefonnummer *\" \/><\/span><br \/>\n        <span class=\"wpcf7-form-control-wrap\" data-name=\"your-subject\"><select name=\"your-subject\" class=\"wpcf7-form-control wpcf7-select wpcf7-validates-as-required\" aria-required=\"true\" aria-invalid=\"false\"><option value=\"W\u00e4hlen Sie ein Gespr\u00e4chsthema... *\">W\u00e4hlen Sie ein Gespr\u00e4chsthema... *<\/option><option value=\"Angebotsanfrage\">Angebotsanfrage<\/option><option value=\"Kommerzielles Angebot\">Kommerzielles Angebot<\/option><option value=\"Administrator\">Administrator<\/option><option value=\"Andere\">Andere<\/option><\/select><\/span><br \/>\n        <span class=\"wpcf7-form-control-wrap\" data-name=\"your-message\"><textarea name=\"your-message\" cols=\"40\" rows=\"10\" class=\"wpcf7-form-control wpcf7-textarea wpcf7-validates-as-required\" aria-required=\"true\" aria-invalid=\"false\" placeholder=\"Nachricht...\"><\/textarea><\/span>\n    <\/div>\n<\/div>\n<div class=\"row\">\n<div class=\"col-md-6\" ><span class=\"wpcf7-form-control-wrap\" data-name=\"acceptance-828\"><span class=\"wpcf7-form-control wpcf7-acceptance\"><span class=\"wpcf7-list-item\"><label><input type=\"checkbox\" name=\"acceptance-828\" value=\"1\" aria-invalid=\"false\" \/><span class=\"wpcf7-list-item-label\">Ich habe die Datenschutzerkl\u00e4rung zur Kenntnis genommen. Ich stimme zu, dass meine Angaben und Daten zur Beantwortung meiner Anfrage elektronisch erhoben und gespeichert werden.<\/span><\/label><\/span><\/span><\/span><\/div>\n<div class=\"col-md-6\" align=\"center\">\n<span class=\"wpcf7-form-control-wrap recaptcha\" data-name=\"recaptcha\"><span data-sitekey=\"6Lfpp2MrAAAAAIOJF4LB7U69_X89_OI7tpoPqlwK\" class=\"wpcf7-form-control g-recaptcha wpcf7-recaptcha\"><\/span>\r\n<noscript>\r\n\t<div class=\"grecaptcha-noscript\">\r\n\t\t<iframe src=\"https:\/\/www.google.com\/recaptcha\/api\/fallback?k=6Lfpp2MrAAAAAIOJF4LB7U69_X89_OI7tpoPqlwK\" frameborder=\"0\" scrolling=\"no\" width=\"310\" height=\"430\">\r\n\t\t<\/iframe>\r\n\t\t<textarea name=\"g-recaptcha-response\" rows=\"3\" cols=\"40\" placeholder=\"reCaptcha Response Here\">\r\n\t\t<\/textarea>\r\n\t<\/div>\r\n<\/noscript>\r\n<\/span>\n<p><input type=\"submit\" value=\"Schicken\" class=\"wpcf7-form-control has-spinner wpcf7-submit\" \/> <\/p><\/div>\n<\/div>\n<div class=\"row\">\n<div class=\"col-md-12\">\nDas Ausf\u00fcllen des Formulars bedeutet, dass die darin angegebenen personenbezogenen Daten zum Zweck der Zusendung des Angebots und der Kontaktaufnahme mit Ihnen verarbeitet werden. <u><a href=\"https:\/\/prostkey.pl\/polityka-prywatnosci\/\">Informieren Sie sich, wer Ihre Daten verarbeitet und wie.<\/a> <\/u>\n    <\/div>\n<\/div>\n<div class=\"wpcf7-response-output\" aria-hidden=\"true\"><\/div><input type=\"hidden\" name=\"trp-form-language\" value=\"de\"\/><\/form><\/div><\/div>\n<\/div><\/div><\/div><div id=\"tm-column-69dbfae26e520\" class=\"wpb_column vc_column_container vc_col-sm-2\/5\"><div class=\"vc_column-inner\"><div class=\"wpb_wrapper\"><div class=\"tm-image  tm-animation move-up\" id=\"tm-image-69dbfae26e6bf\">\n\t\t\t<div class=\"image\"><img src=\"https:\/\/prostkey.pl\/wp-content\/uploads\/2020\/04\/mapkakontakt_optimized.png\" alt=\"mapkakontakt_optimized\" \/><\/div>\t\t<\/div>\n\n<div class=\"tm-heading vc_custom_1750162344246  left tm-animation move-up\" id=\"tm-heading-69dbfae26ef8b\">\n\t<div class=\"heading\" >FOLGEN SIE UNS<\/div><\/div>\n\n\t<div class=\"tm-social-networks  style-rounded-icon-title layout-inline tm-animation move-up\" id=\"tm-social-networks-69dbfae26f1ae\">\n\t\t<ul class=\"list\">\n\t\t\t\t\t\t\t<li class=\"item\">\n\t\t\t\t\t\t\t\t\t\t<a rel=\"nofollow\" href=\"https:\/\/www.facebook.com\/prostkey.packaging.5\"\n\t\t\t\t\t\t\t\t\t\t\t\t\ttarget=\"_blank\"\n\t\t\t\t\t\t\n\t\t\t\t\t\t\t\t\t\t\t\t\taria-label=\"Facebook\"\n\t\t\t\t\t\t\n\t\t\t\t\t\t\t\t\t\t\t\t\tclass=\"link\"\n\t\t\t\t\t\t\t\t\t\t\t>\n\t\t\t\t\t\t<i class=\"ion-social-facebook link-icon\"><\/i><span class=\"link-text\">Facebook<\/span>\t\t\t\t\t<\/a>\n\t\t\t\t<\/li>\n\t\t\t\t\t<\/ul>\n\t<\/div>\n<\/div><\/div><\/div><\/div><div class=\"vc_row-full-width vc_clearfix\"><\/div><div id=\"tm-row-69dbfae26f87f\" data-vc-full-width=\"true\" data-vc-full-width-init=\"false\" data-vc-stretch-content=\"true\" class=\"vc_row vc_row-outer vc_row-fluid vc_row-no-padding\"><div data-src=\"https:\/\/prostkey.pl\/wp-content\/uploads\/2020\/03\/message.png\" id=\"tm-column-69dbfae26fbae\" class=\"wpb_column vc_column_container vc_col-sm-6 tm-lazy-load\"><div class=\"vc_column-inner\"><div class=\"wpb_wrapper\">\n<div class=\"tm-heading  center tm-animation move-up\" id=\"tm-heading-69dbfae26fe0a\">\n\t<div class=\"heading\" ><a href=\"mailto:export@prostkey.pl\">Email: export@prostkey.pl<\/a><\/div><\/div>\n\n<\/div><\/div><\/div><div data-src=\"https:\/\/prostkey.pl\/wp-content\/uploads\/2020\/03\/home_01_13.png\" id=\"tm-column-69dbfae270324\" class=\"wpb_column vc_column_container vc_col-sm-6 tm-lazy-load\"><div class=\"vc_column-inner\"><div class=\"wpb_wrapper\">\n<div class=\"tm-heading  center tm-animation move-up\" id=\"tm-heading-69dbfae2706ca\">\n\t<div class=\"heading\" ><a href=\"tel:+48877371230\">Telefon: +48 87 737 12 30<\/a><\/div><\/div>\n\n<\/div><\/div><\/div><\/div><div class=\"vc_row-full-width vc_clearfix\"><\/div>","protected":false},"excerpt":{"rendered":"Prostki-Filiale 1 Maja 89, 19-335 Prostki, Polenexport@prostkey.pl+48 87 737 12 30 Auf der Karte anzeigen NIP: 8481859489 REGON: 281357827 Szczuczyn-Filiale Graniczna 28, 19-230 Szczuczyn, Polenexport@prostkey.pl+48 87 737 12 30 Auf der Karte anzeigen NIP: 8481859489 REGON: 281357827 KONTAKTIEREN SIE UNS W\u00e4hlen Sie ein Gespr\u00e4chsthema... *AngebotsanfrageKommerzielles AngebotAdministratorAndere Ich habe die Datenschutzerkl\u00e4rung zur Kenntnis genommen. Ich stimme zu, dass meine Angaben und Daten zur Beantwortung meiner Anfrage elektronisch erhoben und gespeichert werden. Das Ausf\u00fcllen des Formulars bedeutet, dass die darin angegebenen personenbezogenen Daten zum Zweck der Zusendung des Angebots und der Kontaktaufnahme mit Ihnen verarbeitet werden. Informieren Sie sich, wer Ihre Daten verarbeitet und wie. FOLGEN SIE UNS Facebook Email: export@prostkey.pl Telefon: +48 87 737 12 30","protected":false},"author":1,"featured_media":0,"parent":0,"menu_order":0,"comment_status":"closed","ping_status":"closed","template":"","meta":[],"aioseo_notices":[],"_links":{"self":[{"href":"https:\/\/prostkey.pl\/de\/wp-json\/wp\/v2\/pages\/4744"}],"collection":[{"href":"https:\/\/prostkey.pl\/de\/wp-json\/wp\/v2\/pages"}],"about":[{"href":"https:\/\/prostkey.pl\/de\/wp-json\/wp\/v2\/types\/page"}],"author":[{"embeddable":true,"href":"https:\/\/prostkey.pl\/de\/wp-json\/wp\/v2\/users\/1"}],"replies":[{"embeddable":true,"href":"https:\/\/prostkey.pl\/de\/wp-json\/wp\/v2\/comments?post=4744"}],"version-history":[{"count":10,"href":"https:\/\/prostkey.pl\/de\/wp-json\/wp\/v2\/pages\/4744\/revisions"}],"predecessor-version":[{"id":4760,"href":"https:\/\/prostkey.pl\/de\/wp-json\/wp\/v2\/pages\/4744\/revisions\/4760"}],"wp:attachment":[{"href":"https:\/\/prostkey.pl\/de\/wp-json\/wp\/v2\/media?parent=4744"}],"curies":[{"name":"wp","href":"https:\/\/api.w.org\/{rel}","templated":true}]}}